{"id":112,"date":"2018-03-22T12:39:30","date_gmt":"2018-03-22T11:39:30","guid":{"rendered":"http:\/\/holtensterkrade.de\/?page_id=112"},"modified":"2019-10-08T12:31:06","modified_gmt":"2019-10-08T10:31:06","slug":"weissrussland","status":"publish","type":"page","link":"https:\/\/holtensterkrade.de\/?page_id=112","title":{"rendered":"Wei\u00dfrussland"},"content":{"rendered":"\t\t<div data-elementor-type=\"wp-post\" data-elementor-id=\"112\" class=\"elementor elementor-112\">\n\t\t\t\t\t\t\t\t\t<section class=\"elementor-section elementor-top-section elementor-element elementor-element-50da80f0 elementor-section-boxed elementor-section-height-default elementor-section-height-default\" data-id=\"50da80f0\" data-element_type=\"section\">\n\t\t\t\t\t\t<div class=\"elementor-container elementor-column-gap-default\">\n\t\t\t\t\t<div class=\"elementor-column elementor-col-100 elementor-top-column elementor-element elementor-element-39de310d\" data-id=\"39de310d\" data-element_type=\"column\">\n\t\t\t<div class=\"elementor-widget-wrap elementor-element-populated\">\n\t\t\t\t\t\t\t\t<div class=\"elementor-element elementor-element-920ce9c elementor-widget elementor-widget-text-editor\" data-id=\"920ce9c\" data-element_type=\"widget\" data-widget_type=\"text-editor.default\">\n\t\t\t\t<div class=\"elementor-widget-container\">\n\t\t\t\t\t\t\t<p><span style=\"color: #000000;\"><strong>Hilfe f\u00fcr Wei\u00dfrussland &#8211; Hilfe, die ankommt!<\/strong><\/span><\/p><p><span style=\"color: #000000;\"><em>Wie es anfing<\/em><\/span><\/p><p><span style=\"color: #000000;\">Nach dem Zusammenbruch der Sowjetunion und den damit verbundenen katastrophalen Versorgungszust\u00e4nden in Wei\u00dfrussland entschieden sich 1991 die beiden Jugendleiter Rainer Keller und Frank Giga f\u00fcr den ersten Hilfstransport in ein wei\u00dfrussisches Kinderheim, der erstmalig vor Weihnachten am 10.12.1991 durchgef\u00fchrt wurde. Das vielf\u00e4ltige ehrenamtliche Engagement machte es damals m\u00f6glich, 6 Tonnen Lebensmittel und Kleidung mit zwei LKWs auf die noch unbekannte Reise zu schicken.<\/span><\/p><p><span style=\"color: #000000;\"><em>Und wie es dann weiterging<\/em><\/span><\/p><p><span style=\"color: #000000;\">Diese erste Reise im Winter wurde zum Auftakt einer langen Geschichte der Verbundenheit in der humanit\u00e4ren Hilfe: Seit nunmehr 28 Jahren f\u00fchrt die Wei\u00dfrusslandgruppe der Evangelischen Kirchengemeinde Holten \u2013 Sterkrade regelm\u00e4\u00dfige Hilfstransporte und Begegnungsfahrten zur \u201cSchule Internat\u201c in Vileika durch. In dieser spezialisierten Schule werden Kinder aus dem gesamten Minsker Gebiet unterrichtet und therapiert, die an Sprachst\u00f6rungen leiden. In dem an die Schule angeschlossenem Waisenhaus finden diese Kinder eine \u201eHeimat auf Zeit\u201c, in der sie gut aufgehoben, liebevoll umsorgt und fachlich versiert begleitet werden. In jedem Jahr unterst\u00fctzen wir die Internatsschule durch unsere Transporte mit humanit\u00e4ren Hilfsg\u00fctern, um zum Bedarf der Schule an Lebensmitteln, Schulmaterial, Kleidung, medizinischer Versorgung und Baumaterial beizutragen. Uns leitet dabei der einfache und so wichtige christliche Grundsatz, dort mitanzupacken und weiterzuhelfen, wo Menschen sich in Not befinden und bed\u00fcrftig sind. Den Bedarf der Kinder in der Internatsschule sehen wir jedes Jahr aufs Neue und es tut gut selber mitzuerleben, wie wir selber etwas zur Stillung des Bedarfes beitragen k\u00f6nnen. Auch wenn die Lebenssituation der Menschen in Belarus durch weltweite Katastrophen aus dem Blickfeld geraten ist, muss man die Situation doch leider als weiterhin schwierig bezeichnen \u2013 auch 33 Jahre nach der Reaktorkatastrophe von Tschernobyl, durch die gro\u00dfe Teile Wei\u00dfrusslands stark radioaktiv kontaminiert wurden. Dies belastet die Gesundheit gerade der Kinder in Wei\u00dfrussland bis heute erheblich.<\/span><\/p><p><span style=\"color: #000000;\">Im R\u00fcckblick auf die Jahre der Humanit\u00e4ren Hilfe f\u00fcr Wei\u00dfrussland sind wir in mehrfacher Hinsicht sehr dankbar:<\/span><\/p><p><span style=\"color: #000000;\">Wir sind dankbar f\u00fcr die vielen Menschen, die sich in diesen fast drei Jahrzehnten aktiv in der Wei\u00dfrusslandhilfe der Gemeinde engagiert haben und weiter engagieren, die Pakete packen, Kartons schleppen und Werbung f\u00fcr die gute Sache machen, die die Transporte organisieren und alle Hilfsg\u00fcter pers\u00f6nlich in jedem Herbst mit dem LKW nach Vileika bringen, um sie dort direkt zu \u00fcbergeben.<\/span><\/p><p><span style=\"color: #000000;\">Wir sind dankbar f\u00fcr die vielen, vielen Menschen aus der Gemeinde und dar\u00fcber hinaus, die mit ihren Gaben und mit ihren Gebeten unsere Hilfstransporte durch alle Jahre hindurch begleiten und erm\u00f6glichen: Ihre Sach- und Geldspenden, ihre guten W\u00fcnsche und aufmunternden Worte sind die Grundlage ohne die all das nicht m\u00f6glich w\u00e4re.<\/span><\/p><p><span style=\"color: #000000;\">Wir sind dankbar f\u00fcr die zuverl\u00e4ssige Unterst\u00fctzung und Begleitung der Wei\u00dfrusslandhilfe durch das Presbyterium: Es ist uns wichtig, dass die Humanit\u00e4re Hilfe ein Teil der Arbeit dieser Gemeinde ist und wir erleben in jedem Jahr zum Beispiel dann ein wichtiges ein St\u00fcck davon, wenn wir uns zur Abfahrt um 4 Uhr in der Fr\u00fche in der Christuskirche treffen, um dort miteinander zu singen, zu beten und uns unter Gottes Segen zu stellen f\u00fcr den langen Weg, auf den wir uns dann machen.<\/span><\/p><p><span style=\"color: #000000;\">Und wir sind sehr dankbar f\u00fcr all das, was an herzlicher Freundschaft und verl\u00e4sslicher Vertrautheit zwischen uns unseren Partnern in dieser gemeinsamen Zeit gewachsen ist. Umso mehr freuen wir uns, dass zum gro\u00dfen 700-Jahres-Jubil\u00e4um in Holten auch uns lieb gewordene Freundinnen und Freunde aus der Internatsschule mit dabei sein werden, um mit uns zu feiern und unser Miteinander zu st\u00e4rken.<\/span><\/p><p><span style=\"color: #000000;\">f\u00fcr die Wei\u00dfrusslandgruppe:\u00a0 Frank Giga und Wolfram Syben\u00a0<\/span><\/p><p style=\"text-align: right;\"><span style=\"color: #000000;\"> Foto: privat<\/span><\/p><p><span style=\"color: #000000;\">P.S. Die Wei\u00dfrusslandhilfe tr\u00e4gt sich allein durch Spenden. Die Gruppe garantiert, dass Ihre Spenden punktgenau ankommen. Bitte unterst\u00fctzen Sie diese humanit\u00e4re Hilfe auch in Zukunft durch Ihre Spende!<\/span><\/p><p><span style=\"color: #000000;\">Ansprechpartner ist unser K\u00fcster Frank Nilkes und unser Presbyter Frank Giga, der f\u00fcr seinen und den langj\u00e4hrigen Einsatz der Gruppe vor kurzem auch das Bundesverdienstkreuz erhalten hat.<\/span><\/p><p><span style=\"color: #000000;\">Wenn Sie spenden wollen:<\/span><\/p><ul><li><span style=\"color: #000000;\">Spenden von Hilfsg\u00fctern ( z.B. Familienpakete, Schulmaterialien,Lebensmittel, GUTE Altkleidung f\u00fcr Kinder im Alter von 6-16 Jahren und Spielzeug<\/span><\/li><li><span style=\"color: #000000;\">Geldspenden:\u00a0 \u00a0KD Bank Dortmund\/\u00a0 \u00a0IBAN\u00a0 \u00a0 DE 79 350 601 90\u00a0 10 10 27 2013\u00a0 \/ BIC\u00a0 GENODEDIDKD \/ Stichwort: Wei\u00dfrusslandhilfe Holten-Sterkrade<\/span><\/li><\/ul><p><span style=\"color: #000000;\">*weitere Infos:<\/span><\/p><p>wrhilfe-hs.de<\/p><p>*Kontakt:<\/p><p><span style=\"color: #000000;\">Tel: 0208 64 08 95- F. Nilkes<\/span><\/p><p><span style=\"color: #000000;\">oder<\/span><\/p><p>Email: info@wrhilfe-hs.de<\/p><p><span style=\"color: #000000;\">\u00a0<\/span><\/p>\t\t\t\t\t\t<\/div>\n\t\t\t\t<\/div>\n\t\t\t\t\t<\/div>\n\t\t<\/div>\n\t\t\t\t\t\t\t<\/div>\n\t\t<\/section>\n\t\t\t\t\t\t\t<\/div>\n\t\t","protected":false},"excerpt":{"rendered":"<p>Hilfe f\u00fcr Wei\u00dfrussland &#8211; Hilfe, die ankommt! Wie es anfing Nach dem Zusammenbruch der Sowjetunion und den damit verbundenen katastrophalen Versorgungszust\u00e4nden in Wei\u00dfrussland entschieden sich 1991 die beiden Jugendleiter Rainer Keller und Frank Giga&#46;&#46;&#46;<\/p>\n","protected":false},"author":1,"featured_media":480,"parent":110,"menu_order":0,"comment_status":"closed","ping_status":"closed","template":"","meta":[],"publishpress_future_action":{"enabled":false,"date":"1970-01-01 01:00:00","action":"","terms":[],"taxonomy":"","browser_timezone_offset":0},"_links":{"self":[{"href":"https:\/\/holtensterkrade.de\/index.php?rest_route=\/wp\/v2\/pages\/112"}],"collection":[{"href":"https:\/\/holtensterkrade.de\/index.php?rest_route=\/wp\/v2\/pages"}],"about":[{"href":"https:\/\/holtensterkrade.de\/index.php?rest_route=\/wp\/v2\/types\/page"}],"author":[{"embeddable":true,"href":"https:\/\/holtensterkrade.de\/index.php?rest_route=\/wp\/v2\/users\/1"}],"replies":[{"embeddable":true,"href":"https:\/\/holtensterkrade.de\/index.php?rest_route=%2Fwp%2Fv2%2Fcomments&post=112"}],"version-history":[{"count":17,"href":"https:\/\/holtensterkrade.de\/index.php?rest_route=\/wp\/v2\/pages\/112\/revisions"}],"predecessor-version":[{"id":1450,"href":"https:\/\/holtensterkrade.de\/index.php?rest_route=\/wp\/v2\/pages\/112\/revisions\/1450"}],"up":[{"embeddable":true,"href":"https:\/\/holtensterkrade.de\/index.php?rest_route=\/wp\/v2\/pages\/110"}],"wp:featuredmedia":[{"embeddable":true,"href":"https:\/\/holtensterkrade.de\/index.php?rest_route=\/wp\/v2\/media\/480"}],"wp:attachment":[{"href":"https:\/\/holtensterkrade.de\/index.php?rest_route=%2Fwp%2Fv2%2Fmedia&parent=112"}],"curies":[{"name":"wp","href":"https:\/\/api.w.org\/{rel}","templated":true}]}}