{"id":1125,"date":"2019-07-19T17:29:07","date_gmt":"2019-07-19T15:29:07","guid":{"rendered":"https:\/\/holtensterkrade.de\/?page_id=1125"},"modified":"2021-12-14T15:32:50","modified_gmt":"2021-12-14T14:32:50","slug":"weissrusslandhilfe-aktueller-transport-wenn-sie-spenden-moechten-was-gebraucht-wird","status":"publish","type":"page","link":"https:\/\/holtensterkrade.de\/?page_id=1125","title":{"rendered":"Wei\u00dfrusslandhilfe- Aktuelles"},"content":{"rendered":"<p style=\"text-align: right;\">Eingestellt am 14.12.2021<\/p>\n<p>&nbsp;<\/p>\n<p><img loading=\"lazy\" class=\"alignnone wp-image-4503 size-large\" src=\"https:\/\/holtensterkrade.de\/wp-content\/uploads\/2021\/12\/BEL1-768x1024.jpg\" alt=\"\" width=\"768\" height=\"1024\" srcset=\"https:\/\/holtensterkrade.de\/wp-content\/uploads\/2021\/12\/BEL1-768x1024.jpg 768w, https:\/\/holtensterkrade.de\/wp-content\/uploads\/2021\/12\/BEL1-225x300.jpg 225w, https:\/\/holtensterkrade.de\/wp-content\/uploads\/2021\/12\/BEL1-1152x1536.jpg 1152w, https:\/\/holtensterkrade.de\/wp-content\/uploads\/2021\/12\/BEL1.jpg 1200w\" sizes=\"(max-width: 768px) 100vw, 768px\" \/> <img loading=\"lazy\" class=\"alignnone wp-image-4504 size-large\" src=\"https:\/\/holtensterkrade.de\/wp-content\/uploads\/2021\/12\/Bel2-1024x768.jpg\" alt=\"\" width=\"1024\" height=\"768\" srcset=\"https:\/\/holtensterkrade.de\/wp-content\/uploads\/2021\/12\/Bel2-1024x768.jpg 1024w, https:\/\/holtensterkrade.de\/wp-content\/uploads\/2021\/12\/Bel2-300x225.jpg 300w, https:\/\/holtensterkrade.de\/wp-content\/uploads\/2021\/12\/Bel2-768x576.jpg 768w, https:\/\/holtensterkrade.de\/wp-content\/uploads\/2021\/12\/Bel2-1536x1152.jpg 1536w, https:\/\/holtensterkrade.de\/wp-content\/uploads\/2021\/12\/Bel2.jpg 1600w\" sizes=\"(max-width: 1024px) 100vw, 1024px\" \/><\/p>\n<p>&nbsp;<\/p>\n<p>&nbsp;<\/p>\n<p>Herzliche Gr\u00fc\u00dfe aus dem Rajon Vileika !<\/p>\n<p>Wir haben, wie in den vergangenen 30 Jahren, am letzten Donnerstag \u00fcber eine Spedition einen Hilfstransport mit 9 Tonnen Hilfsg\u00fctern nach Vileika schicken k\u00f6nnen.<\/p>\n<p><strong><span style=\"color: #ff9900;\">Heute Vormittag ist er nach 6 Tagen wohlbehalten bei unseren Partnern angekommen und die Freude vor Ort \u00a0ist gro\u00df.<\/span><\/strong><\/p>\n<p>Der Hilfstransport unserer Gemeinde ist ein besonderes Signal in dieser politisch schwierigen Zeit.<\/p>\n<p>F\u00fcr die Wei\u00dfrusslandhilfe,<\/p>\n<p>Frank Giga<\/p>\n<h2><\/h2>\n<h2><\/h2>\n<hr \/>\n<h2><strong>30 Jahre Wei\u00dfrusslandhilfe<\/strong><\/h2>\n<p><img loading=\"lazy\" class=\"alignnone size-medium wp-image-4441\" src=\"https:\/\/holtensterkrade.de\/wp-content\/uploads\/2021\/11\/ERWACHSENE-Weissrusslandgruppe-Lehrer_innen-Schule-Internat-1-300x200.jpg\" alt=\"\" width=\"300\" height=\"200\" srcset=\"https:\/\/holtensterkrade.de\/wp-content\/uploads\/2021\/11\/ERWACHSENE-Weissrusslandgruppe-Lehrer_innen-Schule-Internat-1-300x200.jpg 300w, https:\/\/holtensterkrade.de\/wp-content\/uploads\/2021\/11\/ERWACHSENE-Weissrusslandgruppe-Lehrer_innen-Schule-Internat-1-768x512.jpg 768w, https:\/\/holtensterkrade.de\/wp-content\/uploads\/2021\/11\/ERWACHSENE-Weissrusslandgruppe-Lehrer_innen-Schule-Internat-1.jpg 1000w\" sizes=\"(max-width: 300px) 100vw, 300px\" \/><\/p>\n<p>Wie feiern Perlenhochzeit! Denn 1991 war das Jahr, in dem die ersten Lastwagen sich von Sterkrade aus auf die Reise machten, um Hilfsg\u00fcter nach Wei\u00dfrussland zu bringen. Und seitdem sind wir aktiv mit der Unterst\u00fctzung von so vielen Menschen in der Gemeinde und dar\u00fcber hinaus, um die schwierigen Lebensbedingungen von Kindern, Jugendlichen und Erwachsenen in Vileika und den umliegenden D\u00f6rfern ein wenig zu verbessern. Dass wir das, was 1991 begonnen wurde, \u00fcber so lange Jahre betreiben w\u00fcrden, hatte sich damals wohl niemand ausmalen k\u00f6nnen. Und so sind in den Jahren ungez\u00e4hlte Pakete, tonnenweise Lebensmittel, zahllosen Kisten mit Schul- und Renovierungsmaterialien, technische Ger\u00e4te und Paletten von Waschmittelkartons auf die Reise gegangen: Jahr f\u00fcr Jahr mit Tempo 80 die 1741 Kilometer von der Autobahnauffahrt in K\u00f6nigshardt bis hin zum Hof der Internatsschule in Vileika. Da ist viel Schwei\u00df geflossen und mancher R\u00fccken wurde arg strapaziert. Aber all das hat sich immer gelohnt und wurde mehr als aufgewogen durch den Spa\u00df, den wir beim gemeinsamen Organisieren, Anpacken und Fahren miteinander hatten, und durch die Freude und Gastfreundschaft unserer Freundinnen und Freunde vor Ort, die sie uns so intensiv haben sp\u00fcren lassen. Viel Verbundenheit ist so gewachsen und wenn wir nun auch nicht mit den Partner:innen in Vileika verheiratet sind, so sind wir einander doch nahe gekommen, haben gegenseitig etwas davon kennengelernt, wie das Leben in Wei\u00dfrussland und wie es in Deutschland l\u00e4uft, und f\u00fchlen uns f\u00fcreinander \u00a0verantwortlich.<\/p>\n<p>Und dabei bin ich bei einer bedeutsamen Einschr\u00e4nkung, an der wir zu knabbern haben:<\/p>\n<p>Denn \u201eeigentlich\u201c feiern wir Perlenhochzeit unserer Humanit\u00e4ren Hilfe f\u00fcr Wei\u00dfrussland. Zugleich aber ist es so, dass wir uns in diesem Jahr \u00fcberhaupt nicht auf die Reise machen k\u00f6nnen. Und im letzten Jahr war es leider schon genauso. Die Corona-Pandemie machte es uns unm\u00f6glich, einen Hilfstransport zu planen und durchzuf\u00fchren. Das ist das eine. Noch hinzu kommt die schwierige politische Situation, in der sich das Land seit der letzten Pr\u00e4sidentenwahl befindet. Seitdem schafft es Belarus in unr\u00fchmlicher Weise ja auch immer wieder in unsere Schlagzeilen und Nachrichtensendungen, wenn wir davon lesen und h\u00f6ren m\u00fcssen, wie Oppositionelle und Journalist:innen in gro\u00dfer Zahl schikaniert, verfolgt, eingesperrt, angeklagt und verurteilt werden. Noch ist nicht abzusehen, wie sich die Situation vor Ort weiter entwickeln wird.<\/p>\n<p>So gibt es in diesem Jahr leider ein Jubil\u00e4um ohne Fest, ohne Begegnung, ohne Musik, ohne Tanz, ohne Gespr\u00e4che, ohne Scherze ( \u2013 und ohne leckere selbstgemachte wei\u00dfrussische Salate!). Das bedauern wir nat\u00fcrlich sehr und hoffen darauf, dass sich die Situation bis zum n\u00e4chsten Jahr so entwickeln wird, dass wir wieder auf die Reise nach Vileika gehen k\u00f6nnen.<\/p>\n<p>Und so haben wir \u00fcberlegt, wie wir trotz der schwierigen \u00e4u\u00dferen Lage etwas an Unterst\u00fctzung auf den Weg bringen k\u00f6nnen. Wir tun das nun, indem wir fertig verpackte Paletten mit Hilfsg\u00fctern durch eine Spedition nach Vileika bringen lassen, und sind sehr gespannt darauf, wie dies funktionieren wird. Die Vorbereitungen laufen (s. Bild aus dem Gemeindehaus Christuskirche) und im November soll dann der LKW mit unseren Sachen auf die Reise gehen. Auch hierf\u00fcr haben uns wieder viele Menschen aus der Gemeinde unterst\u00fctzt und ich danke allen sehr daf\u00fcr, die uns durch diese 30 Jahre mitbegleitet und getragen haben: Mit ihren Gedanken und Gebeten, mit Spenden, tatkr\u00e4ftigen H\u00e4nden und ermutigenden Worten:\u00a0 <strong>Spaciba!<\/strong><\/p>\n<p><img loading=\"lazy\" class=\"alignnone size-medium wp-image-4442\" src=\"https:\/\/holtensterkrade.de\/wp-content\/uploads\/2021\/11\/ERWACHSENE-Weissrusslandgruppe-Bu\u0308hne-ChriKi-2-300x225.jpeg\" alt=\"\" width=\"300\" height=\"225\" srcset=\"https:\/\/holtensterkrade.de\/wp-content\/uploads\/2021\/11\/ERWACHSENE-Weissrusslandgruppe-Bu\u0308hne-ChriKi-2-300x225.jpeg 300w, https:\/\/holtensterkrade.de\/wp-content\/uploads\/2021\/11\/ERWACHSENE-Weissrusslandgruppe-Bu\u0308hne-ChriKi-2-1024x768.jpeg 1024w, https:\/\/holtensterkrade.de\/wp-content\/uploads\/2021\/11\/ERWACHSENE-Weissrusslandgruppe-Bu\u0308hne-ChriKi-2-768x576.jpeg 768w, https:\/\/holtensterkrade.de\/wp-content\/uploads\/2021\/11\/ERWACHSENE-Weissrusslandgruppe-Bu\u0308hne-ChriKi-2.jpeg 1280w\" sizes=\"(max-width: 300px) 100vw, 300px\" \/><\/p>\n<p>f\u00fcr die Wei\u00dfrusslandhilfe,\u00a0\u00a0\u00a0\u00a0 Wolfram Syben<\/p>\n<p>&nbsp;<\/p>\n<p><img loading=\"lazy\" class=\"wp-image-1434 alignleft\" src=\"https:\/\/holtensterkrade.de\/wp-content\/uploads\/2019\/10\/Bela-e1570436685210.jpg\" alt=\"\" width=\"127\" height=\"170\" srcset=\"https:\/\/holtensterkrade.de\/wp-content\/uploads\/2019\/10\/Bela-e1570436685210.jpg 3024w, https:\/\/holtensterkrade.de\/wp-content\/uploads\/2019\/10\/Bela-e1570436685210-225x300.jpg 225w, https:\/\/holtensterkrade.de\/wp-content\/uploads\/2019\/10\/Bela-e1570436685210-768x1024.jpg 768w\" sizes=\"(max-width: 127px) 100vw, 127px\" \/><\/p>\n<p>P.S.: Der n\u00e4chste Transport steht wegen der derzeitigen Lage immer noch aus. Die gepackten Platten warten derzeit im Gemeindehaus an der Christuskirche auf ihren Versand.<\/p>\n<p>Bilder vom letzten Transport sehen Sie unter: wrhilfe-hs.de<\/p>\n","protected":false},"excerpt":{"rendered":"<p>Eingestellt am 14.12.2021 &nbsp; &nbsp; &nbsp; Herzliche Gr\u00fc\u00dfe aus dem Rajon Vileika ! Wir haben, wie in den vergangenen 30 Jahren, am letzten Donnerstag \u00fcber eine Spedition einen Hilfstransport mit 9 Tonnen Hilfsg\u00fctern nach&#46;&#46;&#46;<\/p>\n","protected":false},"author":1,"featured_media":0,"parent":0,"menu_order":0,"comment_status":"closed","ping_status":"closed","template":"","meta":[],"publishpress_future_action":{"enabled":false,"date":"1970-01-01 01:00:00","action":"","terms":[],"taxonomy":"","browser_timezone_offset":0},"_links":{"self":[{"href":"https:\/\/holtensterkrade.de\/index.php?rest_route=\/wp\/v2\/pages\/1125"}],"collection":[{"href":"https:\/\/holtensterkrade.de\/index.php?rest_route=\/wp\/v2\/pages"}],"about":[{"href":"https:\/\/holtensterkrade.de\/index.php?rest_route=\/wp\/v2\/types\/page"}],"author":[{"embeddable":true,"href":"https:\/\/holtensterkrade.de\/index.php?rest_route=\/wp\/v2\/users\/1"}],"replies":[{"embeddable":true,"href":"https:\/\/holtensterkrade.de\/index.php?rest_route=%2Fwp%2Fv2%2Fcomments&post=1125"}],"version-history":[{"count":16,"href":"https:\/\/holtensterkrade.de\/index.php?rest_route=\/wp\/v2\/pages\/1125\/revisions"}],"predecessor-version":[{"id":4505,"href":"https:\/\/holtensterkrade.de\/index.php?rest_route=\/wp\/v2\/pages\/1125\/revisions\/4505"}],"wp:attachment":[{"href":"https:\/\/holtensterkrade.de\/index.php?rest_route=%2Fwp%2Fv2%2Fmedia&parent=1125"}],"curies":[{"name":"wp","href":"https:\/\/api.w.org\/{rel}","templated":true}]}}