{"id":116,"date":"2018-03-22T12:40:08","date_gmt":"2018-03-22T11:40:08","guid":{"rendered":"http:\/\/holtensterkrade.de\/?page_id=116"},"modified":"2019-05-22T13:20:21","modified_gmt":"2019-05-22T11:20:21","slug":"patenkinder","status":"publish","type":"page","link":"https:\/\/holtensterkrade.de\/?page_id=116","title":{"rendered":"Patenkinder"},"content":{"rendered":"<p><span style=\"color: #000000;\">Seit Jahren unterst\u00fctzen wir durch unsere Familiengottesdienste Patenkinder in Kenia, indem die Spenden \u00fcber das Hilfswerk der &#8222;Kindernothilfe&#8220; abgef\u00fchrt werden. Im Folgenden stellt sich die Organisation selber vor:<\/span><\/p>\n<p><span style=\"color: #000000;\">Seit fast 60 Jahren im Einsatz f\u00fcr Kinder in Not \u2013 weltweit<\/span><\/p>\n<p><span style=\"color: #000000;\">Seit 1959 unterst\u00fctzen wir als christliches Kinderhilfswerk weltweit Kinder in Not und setzen uns f\u00fcr ihre Rechte ein. Unser Ziel ist erreicht, wenn sie und ihre Familien ein Leben in W\u00fcrde und mit guten Zukunftsperspektiven f\u00fchren k\u00f6nnen \u2013 ohne Armut, Elend und Gewalt. 1,9 Millionen M\u00e4dchen und Jungen st\u00e4rkt, sch\u00fctzt und beteiligt die Kindernothilfe derzeit in 33 L\u00e4ndern Afrikas, Asiens und Lateinamerikas.<\/span><\/p>\n<p><span style=\"color: #000000;\">1959 wurde der Verein Kindernothilfe gegr\u00fcndet, um armen Kindern in Indien ein besseres Leben zu erm\u00f6glichen. Mittlerweile geh\u00f6ren wir zu den gr\u00f6\u00dften Nichtregierungsorganisationen f\u00fcr Entwicklungszusammenarbeit in Deutschland. Zehntausende Paten und Spender, viele Vereine, Gruppen, Unternehmen, Schulen, Stiftungen, Kirchengemeinden u. v. m. unterst\u00fctzen unsere Arbeit finanziell und mit gro\u00dfem ehrenamtlichem Engagement. Prominente nutzen ihre Bekanntheit, um unsere Anliegen in die \u00d6ffentlichkeit zu bringen. Die Kindernothilfe-Stiftung sowie Kindernothilfe-Organisationen in \u00d6sterreich, der Schweiz und Luxemburg steigern unsere Bekanntheit im deutschsprachigen Raum und f\u00f6rdern unsere Projektarbeit. F\u00fcr den seri\u00f6sen Umgang mit Spendengeldern erhalten wir seit 1992 j\u00e4hrlich das\u00a0DZI-Spendensiegel. 2016 erhielten wir im Transparenz-Test der Phineo AG, in Auftrag gegeben von Spiegel Online, den 1. Platz im Hinblick auf Vision und Strategie, Aktivit\u00e4ten und Wirkung.<\/span><\/p>\n<p><span style=\"color: #000000;\">Quelle und weitere Infos:<\/span><\/p>\n<p><span style=\"color: #000000;\">https:\/\/www.kindernothilfe.de\/%C3%9Cber+uns\/Wer+wir+sind.html<\/span><\/p>\n","protected":false},"excerpt":{"rendered":"<p>Seit Jahren unterst\u00fctzen wir durch unsere Familiengottesdienste Patenkinder in Kenia, indem die Spenden \u00fcber das Hilfswerk der &#8222;Kindernothilfe&#8220; abgef\u00fchrt werden. Im Folgenden stellt sich die Organisation selber vor: Seit fast 60 Jahren im Einsatz&#46;&#46;&#46;<\/p>\n","protected":false},"author":1,"featured_media":490,"parent":110,"menu_order":0,"comment_status":"closed","ping_status":"closed","template":"","meta":[],"publishpress_future_action":{"enabled":false,"date":"1970-01-01 01:00:00","action":"","terms":[],"taxonomy":"","browser_timezone_offset":0},"_links":{"self":[{"href":"https:\/\/holtensterkrade.de\/index.php?rest_route=\/wp\/v2\/pages\/116"}],"collection":[{"href":"https:\/\/holtensterkrade.de\/index.php?rest_route=\/wp\/v2\/pages"}],"about":[{"href":"https:\/\/holtensterkrade.de\/index.php?rest_route=\/wp\/v2\/types\/page"}],"author":[{"embeddable":true,"href":"https:\/\/holtensterkrade.de\/index.php?rest_route=\/wp\/v2\/users\/1"}],"replies":[{"embeddable":true,"href":"https:\/\/holtensterkrade.de\/index.php?rest_route=%2Fwp%2Fv2%2Fcomments&post=116"}],"version-history":[{"count":8,"href":"https:\/\/holtensterkrade.de\/index.php?rest_route=\/wp\/v2\/pages\/116\/revisions"}],"predecessor-version":[{"id":801,"href":"https:\/\/holtensterkrade.de\/index.php?rest_route=\/wp\/v2\/pages\/116\/revisions\/801"}],"up":[{"embeddable":true,"href":"https:\/\/holtensterkrade.de\/index.php?rest_route=\/wp\/v2\/pages\/110"}],"wp:featuredmedia":[{"embeddable":true,"href":"https:\/\/holtensterkrade.de\/index.php?rest_route=\/wp\/v2\/media\/490"}],"wp:attachment":[{"href":"https:\/\/holtensterkrade.de\/index.php?rest_route=%2Fwp%2Fv2%2Fmedia&parent=116"}],"curies":[{"name":"wp","href":"https:\/\/api.w.org\/{rel}","templated":true}]}}