{"id":118,"date":"2018-03-22T12:40:20","date_gmt":"2018-03-22T11:40:20","guid":{"rendered":"http:\/\/holtensterkrade.de\/?page_id=118"},"modified":"2019-08-09T16:04:03","modified_gmt":"2019-08-09T14:04:03","slug":"sternenzelt","status":"publish","type":"page","link":"https:\/\/holtensterkrade.de\/?page_id=118","title":{"rendered":"Sternenzelt"},"content":{"rendered":"<p><img loading=\"lazy\" class=\"wp-image-1171 alignright\" src=\"https:\/\/holtensterkrade.de\/wp-content\/uploads\/2019\/08\/KINDERUNDJUGEND-Sternenzelt2-.jpg\" alt=\"\" width=\"267\" height=\"401\" srcset=\"https:\/\/holtensterkrade.de\/wp-content\/uploads\/2019\/08\/KINDERUNDJUGEND-Sternenzelt2-.jpg 3648w, https:\/\/holtensterkrade.de\/wp-content\/uploads\/2019\/08\/KINDERUNDJUGEND-Sternenzelt2--200x300.jpg 200w, https:\/\/holtensterkrade.de\/wp-content\/uploads\/2019\/08\/KINDERUNDJUGEND-Sternenzelt2--768x1152.jpg 768w, https:\/\/holtensterkrade.de\/wp-content\/uploads\/2019\/08\/KINDERUNDJUGEND-Sternenzelt2--683x1024.jpg 683w\" sizes=\"(max-width: 267px) 100vw, 267px\" \/><\/p>\n<p><img loading=\"lazy\" class=\"alignnone wp-image-1169\" src=\"https:\/\/holtensterkrade.de\/wp-content\/uploads\/2019\/08\/KINDERUNDJUGEND-Sternenzelt.jpg\" alt=\"\" width=\"390\" height=\"139\" srcset=\"https:\/\/holtensterkrade.de\/wp-content\/uploads\/2019\/08\/KINDERUNDJUGEND-Sternenzelt.jpg 595w, https:\/\/holtensterkrade.de\/wp-content\/uploads\/2019\/08\/KINDERUNDJUGEND-Sternenzelt-300x107.jpg 300w\" sizes=\"(max-width: 390px) 100vw, 390px\" \/><\/p>\n<p>Wenn Kinder trauern, ist es f\u00fcr Erwachsene schwer auszuhalten. Zu unverst\u00e4ndlich ist dieses kindliche Verhalten in einer schwierigen Gesamtsituation. Stattdessen wollen wir unseren Kindern negative Erfahrungen und Schmerz ersparen. Der Wunsch nach einer heilen Kinderwelt ist einfach zu \u00fcberm\u00e4chtig.<\/p>\n<p>Alles verst\u00e4ndlich. Aber nicht umsetzbar. Im Leben passieren nun mal traurige und ersch\u00fctternde Dinge. Ob wir wollen oder nicht: Das ist normal. Und damit ist es unsere vorrangige Aufgabe, unsere Kinder angemessen, aufrichtig und wohlwollend darauf vorzubereiten und zu begleiten.<\/p>\n<p>Das <strong>Sternenzelt<\/strong> hat es sich zur Aufgabe gemacht, Kinder in ihrer Trauer zu sehen und ihnen zuzutrauen, damit umgehen zu k\u00f6nnen.<\/p>\n<p>Mit qualifizierten Trauerbegleiter*Innen wird Kindern dort die M\u00f6glichkeit gegeben, sich mit anderen betroffenen Kindern auszutauschen. Und da jedes Kind seine Gef\u00fchle unterschiedlich \u00e4u\u00dfert \u2013 eines im Gespr\u00e4ch, ein anderes im Spiel \u2013 sind Spiele und kreative Aktivit\u00e4ten ebenfalls feste Bestandteile der Treffen.<\/p>\n<p>&nbsp;<\/p>\n<p>Zeitgleich zum <strong>Sternenzelt<\/strong> findet f\u00fcr die erwachsenen Angeh\u00f6rigen der Kinder das Trauercaf\u00e9 statt \u2013 ein Angebot, das auch von erfahrenen Trauerbegleiter*Innen durchgef\u00fchrt wird.<\/p>\n<p>&nbsp;<\/p>\n<p>Das <strong>Sternenzelt<\/strong> bietet auch Trauerbegleitung f\u00fcr Jugendliche und Familien in verschiedenen Formen an.<\/p>\n<p>Weitere Informationen erhalten Sie beim Ambulanten Hospiz Oberhausen e.V.<\/p>\n<p>0208\/ 810 11 10<\/p>\n<p>Nicole Peters<\/p>\n<p>&nbsp;<\/p>\n","protected":false},"excerpt":{"rendered":"<p>Wenn Kinder trauern, ist es f\u00fcr Erwachsene schwer auszuhalten. Zu unverst\u00e4ndlich ist dieses kindliche Verhalten in einer schwierigen Gesamtsituation. Stattdessen wollen wir unseren Kindern negative Erfahrungen und Schmerz ersparen. Der Wunsch nach einer heilen&#46;&#46;&#46;<\/p>\n","protected":false},"author":1,"featured_media":0,"parent":110,"menu_order":0,"comment_status":"closed","ping_status":"closed","template":"","meta":[],"publishpress_future_action":{"enabled":false,"date":"1970-01-01 01:00:00","action":"","terms":[],"taxonomy":"","browser_timezone_offset":0},"_links":{"self":[{"href":"https:\/\/holtensterkrade.de\/index.php?rest_route=\/wp\/v2\/pages\/118"}],"collection":[{"href":"https:\/\/holtensterkrade.de\/index.php?rest_route=\/wp\/v2\/pages"}],"about":[{"href":"https:\/\/holtensterkrade.de\/index.php?rest_route=\/wp\/v2\/types\/page"}],"author":[{"embeddable":true,"href":"https:\/\/holtensterkrade.de\/index.php?rest_route=\/wp\/v2\/users\/1"}],"replies":[{"embeddable":true,"href":"https:\/\/holtensterkrade.de\/index.php?rest_route=%2Fwp%2Fv2%2Fcomments&post=118"}],"version-history":[{"count":16,"href":"https:\/\/holtensterkrade.de\/index.php?rest_route=\/wp\/v2\/pages\/118\/revisions"}],"predecessor-version":[{"id":1175,"href":"https:\/\/holtensterkrade.de\/index.php?rest_route=\/wp\/v2\/pages\/118\/revisions\/1175"}],"up":[{"embeddable":true,"href":"https:\/\/holtensterkrade.de\/index.php?rest_route=\/wp\/v2\/pages\/110"}],"wp:attachment":[{"href":"https:\/\/holtensterkrade.de\/index.php?rest_route=%2Fwp%2Fv2%2Fmedia&parent=118"}],"curies":[{"name":"wp","href":"https:\/\/api.w.org\/{rel}","templated":true}]}}