{"id":122,"date":"2018-03-22T12:40:53","date_gmt":"2018-03-22T11:40:53","guid":{"rendered":"http:\/\/holtensterkrade.de\/?page_id=122"},"modified":"2026-03-04T09:01:58","modified_gmt":"2026-03-04T08:01:58","slug":"aktuelles-heft","status":"publish","type":"page","link":"https:\/\/holtensterkrade.de\/?page_id=122","title":{"rendered":"Gemeindebrief"},"content":{"rendered":"<p><span style=\"color: #000000;\">Die jeweils aktuelle Ausgabe liegt in allen H\u00e4usern und Kirchen unserer Gemeinde aus. Zus\u00e4tzlich haben wir auch noch Briefk\u00e4sten aus Acrylglas au\u00dfen an den Kirchen angebracht. Auch hier k\u00f6nnen Sie sich gerne einen Gemeindebrief mitnehmen.\u00a0<\/span><\/p>\n<p><span style=\"color: #000000;\">Hier finden Sie jetzt die verpixelte DSGVO-konforme Version:<\/span><\/p>\n<p>&nbsp;<\/p>\n<p><iframe style=\"width: 100%; height: 600px;\" src=\"https:\/\/holtensterkrade.de\/wp-content\/uploads\/2026\/03\/Geistreich-02.26-WEB.pdf\"><span style=\"display: inline-block; width: 0px; overflow: hidden; line-height: 0;\" data-mce-type=\"bookmark\" class=\"mce_SELRES_start\">\ufeff<\/span><\/iframe><\/p>\n<p>&nbsp;<\/p>\n<p><strong>Folgende Stra\u00dfen in unserem Gemeindegebiet sind derzeit ohne Gemeindebrief- Verteiler*innen.<\/strong><\/p>\n<p><strong>Das ist bitter&#8211;gerade f\u00fcr einsame und alleinstehende Menschen, die deshalb z.Zt. keinen Gemeindebrief mehr bekommen&#8230;<\/strong><\/p>\n<p><strong>Vielleicht \u00fcberlegen Sie\u00a0 sich ja einmal, ob Sie nicht dreimal j\u00e4hrlich einen Gemeindebrief in der einen oder anderen Stra\u00dfe vorbeibringen k\u00f6nnten?<\/strong><\/p>\n<p><strong>DANKE!<\/strong><\/p>\n<p>&nbsp;<\/p>\n<p>Bitte sprechen Sie in diesem Fall die Pfarrer*innen der entsprechenden Seelsorgebezirke an :<\/p>\n<p>*CW= Christiane Wilms<\/p>\n<p>Mobil: 0177\u00a0 52 61 398<\/p>\n<p>&#8212;<\/p>\n<p>*TF= Thomas Fidelak<\/p>\n<p>Tel: 698 07 49<\/p>\n<p>Mobil: 0177 520 69 56<\/p>\n<p>&#8212;<\/p>\n<p>*AL= Antje Lizier<\/p>\n<p>Tel: 0208 64 13 76<\/p>\n<p>Mobil: 0177 520 69 20<\/p>\n<p>&#8212;<\/p>\n<p>*HW= Henning Wilms<\/p>\n<p>Mobil: 0176 646 13 547<\/p>\n<p>&nbsp;<\/p>\n<ul>\n<li>oder Sie melden sich direkt vormittags bitte im Gemeindeamt unter: 0208 68 02 56<\/li>\n<\/ul>\n<p>&nbsp;<\/p>\n<p><strong>Freie Stra\u00dfen ohne Verteiler:<\/strong><\/p>\n<p>(Diese Liste wurde zuletzt\u00a0 am 27.02.2026 aktualisiert)<\/p>\n<table>\n<tbody>\n<tr>\n<td width=\"163\"><strong>STRASSE<\/strong><\/td>\n<td width=\"110\">Seelsorgebezirk<\/td>\n<td width=\"76\"><strong>Haushalte<\/strong><\/td>\n<\/tr>\n<tr>\n<td width=\"163\"><strong>Alter Wasserturm<\/strong><\/td>\n<td width=\"110\">TF<\/td>\n<td width=\"76\">12<\/td>\n<\/tr>\n<tr>\n<td width=\"163\"><strong>Altonaer Str.<\/strong><\/td>\n<td width=\"110\">TF<\/td>\n<td width=\"76\">3<\/td>\n<\/tr>\n<tr>\n<td width=\"163\"><strong>Angerstr.<\/strong><\/td>\n<td width=\"110\">TF<\/td>\n<td width=\"76\">11<\/td>\n<\/tr>\n<tr>\n<td width=\"163\"><strong>Bertastr.<\/strong><\/td>\n<td width=\"110\">TF<\/td>\n<td width=\"76\">2<\/td>\n<\/tr>\n<tr>\n<td width=\"163\"><strong>Braunschweigstr.<\/strong><\/td>\n<td width=\"110\">HW<\/td>\n<td width=\"76\">43<\/td>\n<\/tr>\n<tr>\n<td width=\"163\"><strong>Bremener Str.<\/strong><\/td>\n<td width=\"110\">TF<\/td>\n<td width=\"76\">54<\/td>\n<\/tr>\n<tr>\n<td width=\"163\"><strong>Br\u00fcderstr.<\/strong><\/td>\n<td width=\"110\">HW<\/td>\n<td width=\"76\">71<\/td>\n<\/tr>\n<tr>\n<td width=\"163\"><strong>Dienststr.<\/strong><\/td>\n<td width=\"110\">CW<\/td>\n<td width=\"76\">79<\/td>\n<\/tr>\n<tr>\n<td width=\"163\"><strong>Drostenkampstr.<\/strong><\/td>\n<td width=\"110\">CW<\/td>\n<td width=\"76\">40<\/td>\n<\/tr>\n<tr>\n<td width=\"163\"><strong>Eifeler Str.<\/strong><\/td>\n<td width=\"110\">TF<\/td>\n<td width=\"76\">24<\/td>\n<\/tr>\n<tr>\n<td width=\"163\"><strong>Erlenstr.<\/strong><\/td>\n<td width=\"110\">CW<\/td>\n<td width=\"76\">9<\/td>\n<\/tr>\n<tr>\n<td width=\"163\"><strong>Eugen-zur-Nieden-Ring<\/strong><\/td>\n<td width=\"110\">HW<\/td>\n<td width=\"76\">23<\/td>\n<\/tr>\n<tr>\n<td width=\"163\"><strong>Ewaldstr. <\/strong><\/td>\n<td width=\"110\">HW<\/td>\n<td width=\"76\">7<\/td>\n<\/tr>\n<tr>\n<td width=\"163\"><strong>Fasanstr.<\/strong><\/td>\n<td width=\"110\">HW<\/td>\n<td width=\"76\">2<\/td>\n<\/tr>\n<tr>\n<td width=\"163\"><strong>Finkenweg<\/strong><\/td>\n<td width=\"110\">AL<\/td>\n<td width=\"76\">3<\/td>\n<\/tr>\n<tr>\n<td width=\"163\"><strong>Flensburger Str.<\/strong><\/td>\n<td width=\"110\">TF<\/td>\n<td width=\"76\">15<\/td>\n<\/tr>\n<tr>\n<td width=\"163\"><strong>F\u00f6hrenstr.<\/strong><\/td>\n<td width=\"110\">HW<\/td>\n<td width=\"76\">5<\/td>\n<\/tr>\n<tr>\n<td width=\"163\"><strong>G\u00e4rtnerstr.<\/strong><\/td>\n<td width=\"110\">TF<\/td>\n<td width=\"76\">3<\/td>\n<\/tr>\n<tr>\n<td width=\"163\"><strong>Goerdelerstr.<\/strong><\/td>\n<td width=\"110\">CW<\/td>\n<td width=\"76\">20<\/td>\n<\/tr>\n<tr>\n<td width=\"163\"><strong>Goliathstr.<\/strong><\/td>\n<td width=\"110\">TF<\/td>\n<td width=\"76\">11<\/td>\n<\/tr>\n<tr>\n<td width=\"163\"><strong>Gra\u00dfhofstr. ab 208\/209<\/strong><\/td>\n<td width=\"110\">CW<\/td>\n<td width=\"76\">7<\/td>\n<\/tr>\n<tr>\n<td width=\"163\"><strong>Hamburger Str.<\/strong><\/td>\n<td width=\"110\">TF<\/td>\n<td width=\"76\">52<\/td>\n<\/tr>\n<tr>\n<td width=\"163\"><strong>Holtener Str. 0 &#8211; 36<\/strong><\/td>\n<td width=\"110\">HW<\/td>\n<td width=\"76\">7<\/td>\n<\/tr>\n<tr>\n<td width=\"163\"><strong>Hubertusstr.<\/strong><\/td>\n<td width=\"110\">TF<\/td>\n<td width=\"76\">8<\/td>\n<\/tr>\n<tr>\n<td width=\"163\"><strong>H\u00fclskathstr. DU<\/strong><\/td>\n<td width=\"110\">CW<\/td>\n<td width=\"76\">1<\/td>\n<\/tr>\n<tr>\n<td width=\"163\"><strong>Husumer Str.<\/strong><\/td>\n<td width=\"110\">TF<\/td>\n<td width=\"76\">9<\/td>\n<\/tr>\n<tr>\n<td width=\"163\"><strong>Im H\u00fcttenbusch<\/strong><\/td>\n<td width=\"110\">TF<\/td>\n<td width=\"76\">13<\/td>\n<\/tr>\n<tr>\n<td width=\"163\"><strong>Kaiser-Friedrich Str. DU<\/strong><\/td>\n<td width=\"110\">CW<\/td>\n<td width=\"76\">7<\/td>\n<\/tr>\n<tr>\n<td width=\"163\"><strong>Kantstr.<\/strong><\/td>\n<td width=\"110\">HW<\/td>\n<td width=\"76\">2<\/td>\n<\/tr>\n<tr>\n<td width=\"163\"><strong>Karlstr.<\/strong><\/td>\n<td width=\"110\">TF<\/td>\n<td width=\"76\">23<\/td>\n<\/tr>\n<tr>\n<td width=\"163\"><strong>K\u00f6nigstr.<\/strong><\/p>\n<p><strong>0 \u2013 132; 147 &#8211; 9999<\/strong><\/td>\n<td width=\"110\">CW<\/td>\n<td width=\"76\">&nbsp;<\/p>\n<p>52<\/td>\n<\/tr>\n<tr>\n<td width=\"163\"><strong>K\u00f6nzgenplatz<\/strong><\/td>\n<td width=\"110\">CW<\/td>\n<td width=\"76\">28<\/td>\n<\/tr>\n<tr>\n<td width=\"163\"><strong>Kolkmannstr.<\/strong><\/td>\n<td width=\"110\">CW<\/td>\n<td width=\"76\">12<\/td>\n<\/tr>\n<tr>\n<td width=\"163\"><strong>Kolpingstr.<\/strong><\/td>\n<td width=\"110\">HW<\/td>\n<td width=\"76\">7<\/td>\n<\/tr>\n<tr>\n<td width=\"163\"><strong>Leberstr.<\/strong><\/td>\n<td width=\"110\">CW<\/td>\n<td width=\"76\">17<\/td>\n<\/tr>\n<tr>\n<td width=\"163\"><strong>Lehmbergstr.<\/strong><\/td>\n<td width=\"110\">HW<\/td>\n<td width=\"76\">5<\/td>\n<\/tr>\n<tr>\n<td width=\"163\"><strong>L\u00fcbecker Str.<\/strong><\/td>\n<td width=\"110\">TF<\/td>\n<td width=\"76\">25<\/td>\n<\/tr>\n<tr>\n<td width=\"163\"><strong>L\u00fctzowstr. 63 &#8211; 9999<\/strong><\/td>\n<td width=\"110\">CW<\/td>\n<td width=\"76\">25<\/td>\n<\/tr>\n<tr>\n<td width=\"163\"><strong>Marthastr.<\/strong><\/td>\n<td width=\"110\">TF<\/td>\n<td width=\"76\">4<\/td>\n<\/tr>\n<tr>\n<td width=\"163\"><strong>Mathildestr. <\/strong><\/p>\n<p><strong>1 \u2013 28 gerade u. unger.<\/strong><\/td>\n<td width=\"110\">AL<\/td>\n<td width=\"76\">15<\/td>\n<\/tr>\n<tr>\n<td width=\"163\"><strong>Mattlerstr. 38 \u2013 9999, DU<\/strong><\/td>\n<td width=\"110\">CW<\/td>\n<td width=\"76\">1<\/td>\n<\/tr>\n<tr>\n<td width=\"163\"><strong>Obere Br\u00fcderstr. <\/strong><\/td>\n<td width=\"110\">TF<\/td>\n<td width=\"76\">29<\/td>\n<\/tr>\n<tr>\n<td width=\"163\"><strong>Olgastr.<\/strong><\/td>\n<td width=\"110\">AL<\/td>\n<td width=\"76\">5<\/td>\n<\/tr>\n<tr>\n<td width=\"163\"><strong>Reinersstr.<\/strong><\/td>\n<td width=\"110\">AL<\/td>\n<td width=\"76\">31<\/td>\n<\/tr>\n<tr>\n<td width=\"163\"><strong>Schubertstr.<\/strong><\/td>\n<td width=\"110\">TF<\/td>\n<td width=\"76\">1<\/td>\n<\/tr>\n<tr>\n<td width=\"163\"><strong>Stader Weg<\/strong><\/td>\n<td width=\"110\">TF<\/td>\n<td width=\"76\">11<\/td>\n<\/tr>\n<tr>\n<td width=\"163\"><strong>Steinbrinkstr.1 &#8211; 293 ungerade<\/strong><\/p>\n<p><strong>160 &#8211; 293 gerade u. unger.<\/strong><\/td>\n<td width=\"110\">TF<\/td>\n<td width=\"76\">139<\/td>\n<\/tr>\n<tr>\n<td width=\"163\"><strong>Stralsunder Str.<\/strong><\/td>\n<td width=\"110\">TF<\/td>\n<td width=\"76\">51<\/td>\n<\/tr>\n<tr>\n<td width=\"163\"><strong>Tannenstr.<\/strong><\/td>\n<td width=\"110\">HW<\/td>\n<td width=\"76\">8<\/td>\n<\/tr>\n<tr>\n<td width=\"163\"><strong>Teutoburgerstr. 0 &#8211; 134<\/strong><\/td>\n<td width=\"110\">TF<\/td>\n<td width=\"76\">73<\/td>\n<\/tr>\n<tr>\n<td width=\"163\"><strong>Turnerweg<\/strong><\/td>\n<td width=\"110\">HW<\/td>\n<td width=\"76\">1<\/td>\n<\/tr>\n<tr>\n<td width=\"163\"><strong>Von Ossietzky Str<\/strong><\/td>\n<td width=\"110\">CW<\/td>\n<td width=\"76\">23<\/td>\n<\/tr>\n<tr>\n<td width=\"163\"><strong>Waldteichstr.<\/strong><\/td>\n<td width=\"110\">CW<\/td>\n<td width=\"76\">5<\/td>\n<\/tr>\n<tr>\n<td width=\"163\"><strong>Weidenstr. 0 &#8211; 37<\/strong><\/td>\n<td width=\"110\">HW<\/td>\n<td width=\"76\">93<\/td>\n<\/tr>\n<tr>\n<td width=\"163\"><strong>Weierstr.0 &#8211; 140<\/strong><\/td>\n<td width=\"110\">HW<\/td>\n<td width=\"76\">49<\/td>\n<\/tr>\n<tr>\n<td width=\"163\"><strong>Wei\u00dfensteinstr.1 &#8211; 261<\/strong><\/td>\n<td width=\"110\">CW<\/td>\n<td width=\"76\">20<\/td>\n<\/tr>\n<tr>\n<td width=\"163\"><strong>Weseler Str.\u00a0 <\/strong><\/p>\n<p><strong>261 \u2013 9999 ungerade<\/strong><\/td>\n<td width=\"110\">AL<\/td>\n<td width=\"76\">&nbsp;<\/p>\n<p>3<\/td>\n<\/tr>\n<tr>\n<td width=\"163\"><strong>Westerwaldstr. (nur ungerade)<\/strong><\/td>\n<td width=\"110\">TF<\/td>\n<td width=\"76\">34<\/td>\n<\/tr>\n<tr>\n<td width=\"163\"><strong>Wilhelmstr. 1 &#8211; 74<\/strong><\/td>\n<td width=\"110\">HW<\/td>\n<td width=\"76\">55<\/td>\n<\/tr>\n<\/tbody>\n<\/table>\n<p>&nbsp;<\/p>\n<p>P.S. Unter HAUSHALTE werden die zu verteilenden Gemeindebriefe angegeben<\/p>\n","protected":false},"excerpt":{"rendered":"<p>Die jeweils aktuelle Ausgabe liegt in allen H\u00e4usern und Kirchen unserer Gemeinde aus. Zus\u00e4tzlich haben wir auch noch Briefk\u00e4sten aus Acrylglas au\u00dfen an den Kirchen angebracht. Auch hier k\u00f6nnen Sie sich gerne einen Gemeindebrief&#46;&#46;&#46;<\/p>\n","protected":false},"author":1,"featured_media":0,"parent":0,"menu_order":0,"comment_status":"closed","ping_status":"closed","template":"","meta":[],"publishpress_future_action":{"enabled":false,"date":"1970-01-01 01:00:00","action":"","terms":[],"taxonomy":"","browser_timezone_offset":0},"_links":{"self":[{"href":"https:\/\/holtensterkrade.de\/index.php?rest_route=\/wp\/v2\/pages\/122"}],"collection":[{"href":"https:\/\/holtensterkrade.de\/index.php?rest_route=\/wp\/v2\/pages"}],"about":[{"href":"https:\/\/holtensterkrade.de\/index.php?rest_route=\/wp\/v2\/types\/page"}],"author":[{"embeddable":true,"href":"https:\/\/holtensterkrade.de\/index.php?rest_route=\/wp\/v2\/users\/1"}],"replies":[{"embeddable":true,"href":"https:\/\/holtensterkrade.de\/index.php?rest_route=%2Fwp%2Fv2%2Fcomments&post=122"}],"version-history":[{"count":173,"href":"https:\/\/holtensterkrade.de\/index.php?rest_route=\/wp\/v2\/pages\/122\/revisions"}],"predecessor-version":[{"id":7898,"href":"https:\/\/holtensterkrade.de\/index.php?rest_route=\/wp\/v2\/pages\/122\/revisions\/7898"}],"wp:attachment":[{"href":"https:\/\/holtensterkrade.de\/index.php?rest_route=%2Fwp%2Fv2%2Fmedia&parent=122"}],"curies":[{"name":"wp","href":"https:\/\/api.w.org\/{rel}","templated":true}]}}