{"id":126,"date":"2018-03-22T12:41:25","date_gmt":"2018-03-22T11:41:25","guid":{"rendered":"http:\/\/holtensterkrade.de\/?page_id=126"},"modified":"2021-08-20T08:57:32","modified_gmt":"2021-08-20T06:57:32","slug":"historisches","status":"publish","type":"page","link":"https:\/\/holtensterkrade.de\/?page_id=126","title":{"rendered":"Geschichte unserer drei Kirchen in Holten und Sterkrade"},"content":{"rendered":"\t\t<div data-elementor-type=\"wp-post\" data-elementor-id=\"126\" class=\"elementor elementor-126\">\n\t\t\t\t\t\t\t\t\t<section class=\"elementor-section elementor-top-section elementor-element elementor-element-44a6c06 elementor-section-boxed elementor-section-height-default elementor-section-height-default\" data-id=\"44a6c06\" data-element_type=\"section\">\n\t\t\t\t\t\t<div class=\"elementor-container elementor-column-gap-default\">\n\t\t\t\t\t<div class=\"elementor-column elementor-col-100 elementor-top-column elementor-element elementor-element-38f5f118\" data-id=\"38f5f118\" data-element_type=\"column\">\n\t\t\t<div class=\"elementor-widget-wrap elementor-element-populated\">\n\t\t\t\t\t\t\t\t<div class=\"elementor-element elementor-element-42dcc3a elementor-widget elementor-widget-text-editor\" data-id=\"42dcc3a\" data-element_type=\"widget\" data-widget_type=\"text-editor.default\">\n\t\t\t\t<div class=\"elementor-widget-container\">\n\t\t\t\t\t\t\t<p><span style=\"color: #000000;\">Als Hintergrundbild im Kopf unserer website sehen Sie die drei Kirchen abgebildet, die das Bild unserer Gemeinde pr\u00e4gen. An dieser Stelle geben wir Ihnen Einblick in ihr Inneres und deren Geschichte:<\/span><\/p><p><span style=\"color: #000000;\"><img loading=\"lazy\" class=\" wp-image-525 alignright\" src=\"http:\/\/holtensterkrade.de\/wp-content\/uploads\/2019\/02\/P1060541-300x200.jpg\" alt=\"\" width=\"377\" height=\"251\" srcset=\"https:\/\/holtensterkrade.de\/wp-content\/uploads\/2019\/02\/P1060541-300x200.jpg 300w, https:\/\/holtensterkrade.de\/wp-content\/uploads\/2019\/02\/P1060541-768x512.jpg 768w, https:\/\/holtensterkrade.de\/wp-content\/uploads\/2019\/02\/P1060541-1024x683.jpg 1024w\" sizes=\"(max-width: 377px) 100vw, 377px\" \/><\/span><\/p><p><span style=\"color: #000000;\"><strong><em>Willkommen in der Ev. Kirche in Holten \/\u00a0 Kastellstra\u00dfe<\/em><\/strong><\/span><\/p><p><span style=\"color: #000000;\">Die Kirchengemeinde Holten entstand <strong>im Jahr 1319<\/strong> durch die Losl\u00f6sung von Walsum und der dortigen, dem Johanniter-Orden unterstellten Pfarrkirche; bald darauf kam es zum Bau einer eigenen Kirche, die bis zu ihrer Zerst\u00f6rung im Jahr 1944 genutzt wurde.<\/span><\/p><p><span style=\"color: #000000;\">In der zweiten H\u00e4lfte des 16. Jahrhunderts wechselte Holten mehrheitlich ins Lager der Reformation, was verschiedene geistliche und weltliche Obrigkeiten durch Sanktionen r\u00fcckg\u00e4ngig zu machen versuchten; unter anderem wurde die Stadt 1586 und 1598 von spanischen Truppen besetzt. Nachdem Holten 1609 in brandenburgischen Besitz kam, gab es keine Hindernisse mehr f\u00fcr den offiziellen Anschluss an das reformierte Lager.<\/span><\/p><p><span style=\"color: #000000;\">W\u00e4hrend der nachfolgenden Jahrzehnte gab es nur vereinzelte katholische Familien in Holten; erst 1782 kam es zur Neugr\u00fcndung der katholischen Gemeinde und ein Jahr darauf zur Errichtung einer eigenen Kirche, die 1875 durch die heutige ersetzt wurde.<\/span><\/p><p><span style=\"color: #000000;\">Die evangelische Gemeinde Holten, die bis an die Grenze der Provinz Westfalen reichte, musste im 19. Jahrhundert mehrere Abpfarrungen hinnehmen, da zahlreiche umliegende Ortschaften rascher anwuchsen und nach kirchlicher Eigenst\u00e4ndigkeit strebten. 1847 trennte sich die Evangelische Kirchengemeinde Sterkrade von Holten, 1868 die Gemeinde K\u00f6nigshardt, 1892 Hamborn, 1905 Buschhausen und schlie\u00dflich 1913 Aldenrade.<\/span><\/p><p><span style=\"color: #000000;\">Die im Zweiten Weltkrieg durch Bombenangriffe schwer besch\u00e4digte Kirche wurde 1956\/57 unter Einbeziehung noch intakten Mauerwerks und der alten Fundamente wieder aufgebaut.<\/span><\/p><p><span style=\"color: #000000;\">Der historische Turm der Kirche ist heute nicht mehr in der Lage das einstige Spitzdach zu tragen und wird daher im Inneren durch eine Stahlkonstruktion gest\u00fctzt. Das Holtener Gel\u00e4ut besitzt Glocken aus dem 15. und 16. Jahrhundert. Die eingebaute Orgel stammt aus Wilhelmshaven und wurde 1964 gebaut. Ebenfalls interessant ist das gro\u00dfe Glasfenster an der S\u00fcdseite, das beim Wiederaufbau eingesetzt wurde und als starker Kontrast zu dem ansonsten mittelalterlichen Geb\u00e4udek\u00f6rper wirkt.<\/span><\/p><p><span style=\"color: #000000;\">Die verbliebene Kerngemeinde Holten, deren Bezirk Eickelkamp sich als letztes Relikt ihrer einstigen Ausdehnung noch auf Duisburger Stadtgebiet befindet, hat sich zum 1. Januar 2010 mit der aus ihr hervorgegangenen Sterkrader Gemeinde zur Evangelischen Kirchengemeinde Holten-Sterkrade zusammengeschlossen und feiert \u00f6kumenisch im Sommer 2019 fast auf den Tag genau das 700 j\u00e4hrige Kirchgr\u00fcndungsjubil\u00e4um.<\/span><\/p><p style=\"text-align: right;\"><span style=\"color: #000000;\">Quelle (teilweise erg\u00e4nzt) : https:\/\/de.wikipedia.org\/wiki\/Holten_\u00a0 (Oberhausen)<\/span><\/p><p style=\"text-align: right;\"><span style=\"color: #000000;\">Foto: Privat<\/span><\/p><p><span style=\"color: #000000;\"><strong><em>Willkommen in der Friedenskirche \/ Sterkrade \/ Steinbrinkstra\u00dfe<img loading=\"lazy\" class=\"wp-image-608 alignright\" src=\"https:\/\/holtensterkrade.de\/wp-content\/uploads\/2019\/03\/P1060595.jpg\" alt=\"\" width=\"379\" height=\"253\" srcset=\"https:\/\/holtensterkrade.de\/wp-content\/uploads\/2019\/03\/P1060595.jpg 3264w, https:\/\/holtensterkrade.de\/wp-content\/uploads\/2019\/03\/P1060595-300x200.jpg 300w, https:\/\/holtensterkrade.de\/wp-content\/uploads\/2019\/03\/P1060595-768x512.jpg 768w, https:\/\/holtensterkrade.de\/wp-content\/uploads\/2019\/03\/P1060595-1024x683.jpg 1024w\" sizes=\"(max-width: 379px) 100vw, 379px\" \/><\/em><\/strong><\/span><\/p><p><span style=\"color: #000000;\">Bis etwa 1800 hatte Sterkrade so gut wie keine evangelischen Bewohner, was unter anderem dem Einfluss des dort 1254 angesiedelten Zisterzienserinnen-Klosters zuzuschreiben ist.\u00a0Dies\u00a0\u00e4nderte sich mit dem zu Beginn des 19. Jahrhunderts einsetzenden Aufschwung der H\u00fcttenindustrie. Die Familie des Mitbetreibers der Gutehoffnungsh\u00fctte Gottlob Jacobi soll sich als erste evangelische in Sterkrade angesiedelt haben. In der Folgezeit nahm der Anteil der Protestanten an der rasch steigenden Einwohnerzahl des Ortes stetig zu. 1838 kam es unter F\u00fchrung des H\u00fcttendirektors Wilhelm Lueg zur Gr\u00fcndung eines\u00a0Bundes der Evangelischen in und bei Sterkrade, der die Interessen von inzwischen rund 300 Menschen vertrat, die kirchlich noch zur Gemeinde Holten z\u00e4hlten, sich jedoch einen eigenen Geistlichen und eine eigene Kirche w\u00fcnschten. 1846 konnte mit August Creutzberg der erste Pfarrer f\u00fcr Sterkrade eingestellt werden; im April 1848 kam es zur offiziellen Gr\u00fcndung der Evangelischen Kirchengemeinde Sterkrade.<\/span><\/p><p><span style=\"color: #000000;\">Mit dem Bau der Kirche wurde im September 1850 begonnen, im <strong>Juli 1852<\/strong> wurde die Friedenskirche feierlich eingeweiht, gleichzeitig konnte das zugeh\u00f6rige Pfarrhaus bezogen werden. F\u00fcr die \u00e4u\u00dfere Gestaltung der Kirche verband der Baumeister Wilhelm Dahmen aus M\u00fclheim an der Ruhr klassizistische und neugotische Elemente. Charakteristisch sind die schlanken T\u00fcrmchen an allen vier Ecken des Langhauses. Das Innere des Gotteshauses pr\u00e4sentierte sich als schlichte Saalkirche. Die Deckenkonstruktion erinnert an das Dach einer Industriehalle. Das Kirchengeb\u00e4ude ist 27\u00a0m lang, 13\u00a0m breit; der Turm hat eine H\u00f6he von 33\u00a0m.<\/span><\/p><p><span style=\"color: #000000;\">W\u00e4hrend sich das \u00e4u\u00dfere Erscheinungsbild der Friedenskirche seit ihrer Einweihung nur unwesentlich ver\u00e4ndert hat, kam es in ihrem Innern mehrfach zu Umbauten. Durch den Einbau einer Empore wurde 1900 die Zahl der Pl\u00e4tze f\u00fcr die Gottesdienstbesucher deutlich vermehrt. Zudem wurde die Friedenskirche durch die Er\u00f6ffnung der Christuskirche\u00a0im Jahr 1914 entlastet.<\/span><\/p><p><span style=\"color: #000000;\">Zur bislang letzten Renovierung der Kirche kam es 2002 zum 150. Jahrestag ihrer Einweihung. Zu den wichtigsten Ma\u00dfnahmen geh\u00f6rten dabei die Erneuerung des Innenanstrichs und eine Erweiterung des Altarraums, der bei dieser Gelegenheit mit neuen Prinzipalst\u00fccken\u00a0ausgestattet wurde. Das lange Jahre innen zugemauerte Fenster in der Mitte der Apsis wurde wieder ge\u00f6ffnet, so dass die drei Fenster an der Kopfseite der Kirche nun wieder mit ihren Bildern (Krippe, Lamm und Taube) die Feste Weihnachten, Ostern und Pfingsten symbolisieren.<\/span><\/p><p><span style=\"color: #000000;\">Im Eingangsbereich der Kirche erinnert eine steinerne Gedenktafel an Wilhelm Lueg\u00a0 (1792\u20131864), der wesentlichen Anteil an der Gr\u00fcndung der Gemeinde und dem Bau der Kirche hatte.<\/span><\/p><p><strong>Die Friedenskirche ist unter der Woche an folgenden Tagen ge\u00f6ffnet:<\/strong><\/p><p><strong>Mi +Sa von 9.00 bis 12.00 Uhr<\/strong><\/p><p><strong>sowie am<\/strong><\/p><p><strong>Di + Do von 14.00 -17.00 Uhr<\/strong><\/p><p style=\"text-align: right;\"><span style=\"color: #000000;\">Quelle: https:\/\/de.wikipedia.org\/wiki\/Friedenskirche_(Sterkrade)<\/span><\/p><p style=\"text-align: right;\"><span style=\"color: #000000;\">Foto: Privat<\/span><\/p><p><span style=\"color: #000000;\"><strong><em>Willkommen in der Christuskirche \/ Sterkrade \/ Weseler Stra\u00dfe<\/em><\/strong><\/span><\/p><p><span style=\"color: #000000;\"><img loading=\"lazy\" class=\"wp-image-683 alignright\" src=\"https:\/\/holtensterkrade.de\/wp-content\/uploads\/2019\/04\/P1070323.jpg\" alt=\"\" width=\"387\" height=\"244\" \/><\/span><\/p><p><span style=\"color: #000000;\">Die im Jahr 1852 eingeweihte Friedenskirche\u00a0reichte nach etwa einem halben Jahrhundert f\u00fcr die st\u00e4ndig wachsende Sterkrader Gemeinde nicht mehr aus. Zu Beginn des 20. Jahrhunderts kam es besonders durch die Zeche Sterkrade\u00a0und den Bau der Siedlung Dunkelschlag\u00a0zum Zuzug neuer Gemeindeglieder im Norden Sterkrades, so dass f\u00fcr diesen Bereich die Errichtung einer zweiten Pfarrstelle und der Bau einer weiteren Kirche angestrebt wurde. Im Mai 1901 wurde in einer ersten Eingabe um die \u201eAnstellung eines Hilfspredigers\u201c und die \u201evorl\u00e4ufige Erbauung eines Betsaales\u201c nachgesucht.\u00a0Im August 1903 sicherte dieGutehoffnungsh\u00fctte (GHH) einen j\u00e4hrlichen Zuschuss von 800 Mark\u00a0\u00a0f\u00fcr die Besoldung des Hilfspredigers zu, so dass ab 1904 ein zus\u00e4tzlicher Geistlicher f\u00fcr die Randbezirke der Gemeinde eingesetzt werden konnte. Eine weitere Spende der GHH in H\u00f6he von 20.000 Mark er\u00f6ffnete im Jahr 1911 den Weg zum Bau der zweiten Kirche. Es konnte preisg\u00fcnstig ein Grundst\u00fcck erworben werden, das zwischen der Bahnstrecke Oberhausen-Arnhem im Westen und der Weseler Stra\u00dfe im Osten gelegen war. Die Grundsteinlegung erfolgte am 22. Juni 1913, die feierliche <strong>Einweihung am 17. Mai 1914<\/strong>, dem Sonntag Rogate.<\/span><\/p><p><span style=\"color: #000000;\">Im Zweiten Weltkrieg mehrfach besch\u00e4digt, konnte die Christuskirche vor\u00fcbergehend nicht genutzt werden. Sie wurde am 3. Advent 1949 offiziell wieder in Betrieb genommen. Die Seitenempore war im Zuge der Reparaturarbeiten vom Gottesdienstraum abgetrennt worden und wurde zun\u00e4chst als Gemeindesaal, sp\u00e4ter als Raum f\u00fcr Konfirmandenunterricht, Kinder- und Jugendarbeit genutzt.<\/span><\/p><p><span style=\"color: #000000;\">Das nach Pl\u00e4nen von Johannes Menz aus Barmen errichtete Kirchgeb\u00e4ude verbindet romanische Stilelemente mit schlichter Formgebung. Dabei hebt sich die Eingangsfront mit Stufenportal und Fensterrosette von dem in einfacher Backsteinarchitektur gehaltenen sonstigen Bauk\u00f6rper ab.<\/span><\/p><p><span style=\"color: #000000;\">Der Bezirk Christuskirche ist seit Beginn des Jahres 2010 der dritte Pfarrbezirk der durch Fusion neu gebildeten Kirchengemeinde Holten-Sterkrade. Die Christuskirche ist als \u201eoffene Kirche\u201c seit einigen Jahren auch au\u00dferhalb der Gottesdienstzeiten zug\u00e4nglich. Bei der Aktion \u201ePilgern im Pott\u201c im Rahmen von Ruhr 2010 ist sie eine Station auf der Nordroute von Dinslaken-Hiesfeld nach Dortmund.<\/span><\/p><p><span style=\"color: #000000;\">Nach dem Umbau des Altarraums wurde die Christuskirche in einem Festgottesdienst zum 100-j\u00e4hrigen Jubil\u00e4um am 17. Mai 2014 wieder er\u00f6ffnet.<\/span><\/p><p><strong><span style=\"color: #000000;\">Die Christuskirche ist unter der Woche jeweils mittwochs in der Zeit von 9.00-17.00 Uhr ge\u00f6ffnet und an den Tagen, an denen eine Kirchenfahne am Eingang h\u00e4ngt.<\/span><\/strong><\/p><p style=\"text-align: right;\"><span style=\"color: #000000;\">Quelle: https:\/\/de.wikipedia.org\/wiki\/Christuskirche_(Sterkrade)<\/span><\/p><p style=\"text-align: right;\"><span style=\"color: #000000;\">Foto: Privat<\/span><\/p>\t\t\t\t\t\t<\/div>\n\t\t\t\t<\/div>\n\t\t\t\t\t<\/div>\n\t\t<\/div>\n\t\t\t\t\t\t\t<\/div>\n\t\t<\/section>\n\t\t\t\t\t\t\t<\/div>\n\t\t","protected":false},"excerpt":{"rendered":"<p>Als Hintergrundbild im Kopf unserer website sehen Sie die drei Kirchen abgebildet, die das Bild unserer Gemeinde pr\u00e4gen. An dieser Stelle geben wir Ihnen Einblick in ihr Inneres und deren Geschichte: Willkommen in der&#46;&#46;&#46;<\/p>\n","protected":false},"author":1,"featured_media":0,"parent":0,"menu_order":0,"comment_status":"closed","ping_status":"closed","template":"","meta":[],"publishpress_future_action":{"enabled":false,"date":"1970-01-01 01:00:00","action":"","terms":[],"taxonomy":"","browser_timezone_offset":0},"_links":{"self":[{"href":"https:\/\/holtensterkrade.de\/index.php?rest_route=\/wp\/v2\/pages\/126"}],"collection":[{"href":"https:\/\/holtensterkrade.de\/index.php?rest_route=\/wp\/v2\/pages"}],"about":[{"href":"https:\/\/holtensterkrade.de\/index.php?rest_route=\/wp\/v2\/types\/page"}],"author":[{"embeddable":true,"href":"https:\/\/holtensterkrade.de\/index.php?rest_route=\/wp\/v2\/users\/1"}],"replies":[{"embeddable":true,"href":"https:\/\/holtensterkrade.de\/index.php?rest_route=%2Fwp%2Fv2%2Fcomments&post=126"}],"version-history":[{"count":34,"href":"https:\/\/holtensterkrade.de\/index.php?rest_route=\/wp\/v2\/pages\/126\/revisions"}],"predecessor-version":[{"id":4305,"href":"https:\/\/holtensterkrade.de\/index.php?rest_route=\/wp\/v2\/pages\/126\/revisions\/4305"}],"wp:attachment":[{"href":"https:\/\/holtensterkrade.de\/index.php?rest_route=%2Fwp%2Fv2%2Fmedia&parent=126"}],"curies":[{"name":"wp","href":"https:\/\/api.w.org\/{rel}","templated":true}]}}