{"id":128,"date":"2018-03-22T12:41:35","date_gmt":"2018-03-22T11:41:35","guid":{"rendered":"http:\/\/holtensterkrade.de\/?page_id=128"},"modified":"2024-10-21T09:02:10","modified_gmt":"2024-10-21T07:02:10","slug":"kirchenknigge","status":"publish","type":"page","link":"https:\/\/holtensterkrade.de\/?page_id=128","title":{"rendered":"Kirchenknigge"},"content":{"rendered":"<p><span style=\"color: #000000;\">Wir m\u00f6chten, dass alle diejenigen die unsere Gottesdienste besuchen, sich auch bei uns wohlf\u00fchlen k\u00f6nnen!<\/span><\/p>\n<p><span style=\"color: #000000;\">Deshalb an dieser Stelle unsere Bitten und Hinweise:<\/span><\/p>\n<p><span style=\"color: #000000;\">*Wenn Ihre S\u00e4uglinge unruhig werden, tun Sie, was Ihren Kindern guttut und geben Sie ihnen, was sie brauchen! Gehen Sie auch gerne mit Ihren S\u00e4uglingen herum, wenn es hilft&#8230;<\/span><\/p>\n<p><span style=\"color: #000000;\">*Falls Ihre kleineren Kinder sich langweilen (was absolut denkbar w\u00e4re) besuchen Sie gerne mit ihnen unsere Spielecken im hinteren Bereich unserer Kirchen.<\/span><\/p>\n<p><span style=\"color: #000000;\">*Es w\u00e4re nett, wenn Sie aus Respekt M\u00fctzen und Kappen abnehmen und auf den Genuss von Kaugummis verzichten.<\/span><\/p>\n<p><span style=\"color: #000000;\"><strong>\u00a0und\u00a0\u00a0\u00a0 \u00a0last but not least: <\/strong><\/span><\/p>\n<p><span style=\"color: #000000;\"><strong>*<\/strong>Fotografieren im Gottesdienst:<\/span><\/p>\n<p><span style=\"color: #000000;\">Vielen Menschen liegt es\u00a0 am Herzen, Erlebnisse in der Familie bei Taufen, Hochzeiten oder Kindergarten- und Schulgottesdiensten mit einem Foto festzuhalten.<\/span><\/p>\n<p><span style=\"color: #000000;\">-Taufen im Gottesdienst: Um den\u00a0 Gottesdienstbesucherinnen und -besuchern, die nicht zur Tauffamilie geh\u00f6ren, ihre Andacht und ihr Gebet in Ruhe zu erm\u00f6glichen, war das Fotografieren bisher nicht gestattet. Dar\u00fcber hinaus sieht die neue Datenschutzregelung vor, dass Gottesdienstbesucherinnen- und Besucher nicht ohne ihr Einverst\u00e4ndnis fotografiert werden d\u00fcrfen. <\/span><span style=\"color: #000000;\">Dennoch w\u00fcnschen sich Tauffamilien eine Erinnerung an die Taufhandlung im Gottesdienst. Deshalb hat das Presbyterium beschlossen, das Fotografieren im Gottesdienst auf folgende\u00a0 Weise zu erm\u00f6glichen: Vor dem Gottesdienst wird EINE Person aus der Familie festgelegt, die rund um die Taufe fotografieren kann.<\/span><\/p>\n<p><span style=\"color: #000000;\">-Trauungen: die meisten Paare kommen mit einem Fotografen. Wir bitten darum, in einem kurzen Gespr\u00e4ch unmittelbar vor dem Gottesdienstes den Rahmen und m\u00f6gliche Fotopositionen abzusprechen.<\/span><\/p>\n<p><span style=\"color: #000000;\">-Kindergarten- und Schulgottesdienste: in der Regel machen wir in diesen Gottesdiensten sog. \u201eFoto-Stopps\u201c, bei denen im zeitlich begrenzten Umfang und nach Einverst\u00e4ndnis aller beteiligten Erziehungsberechtigten fotografiert werden darf.<\/span><\/p>\n","protected":false},"excerpt":{"rendered":"<p>Wir m\u00f6chten, dass alle diejenigen die unsere Gottesdienste besuchen, sich auch bei uns wohlf\u00fchlen k\u00f6nnen! Deshalb an dieser Stelle unsere Bitten und Hinweise: *Wenn Ihre S\u00e4uglinge unruhig werden, tun Sie, was Ihren Kindern guttut&#46;&#46;&#46;<\/p>\n","protected":false},"author":1,"featured_media":0,"parent":0,"menu_order":0,"comment_status":"closed","ping_status":"closed","template":"","meta":[],"publishpress_future_action":{"enabled":false,"date":"1970-01-01 01:00:00","action":"","terms":[],"taxonomy":"","browser_timezone_offset":0},"_links":{"self":[{"href":"https:\/\/holtensterkrade.de\/index.php?rest_route=\/wp\/v2\/pages\/128"}],"collection":[{"href":"https:\/\/holtensterkrade.de\/index.php?rest_route=\/wp\/v2\/pages"}],"about":[{"href":"https:\/\/holtensterkrade.de\/index.php?rest_route=\/wp\/v2\/types\/page"}],"author":[{"embeddable":true,"href":"https:\/\/holtensterkrade.de\/index.php?rest_route=\/wp\/v2\/users\/1"}],"replies":[{"embeddable":true,"href":"https:\/\/holtensterkrade.de\/index.php?rest_route=%2Fwp%2Fv2%2Fcomments&post=128"}],"version-history":[{"count":15,"href":"https:\/\/holtensterkrade.de\/index.php?rest_route=\/wp\/v2\/pages\/128\/revisions"}],"predecessor-version":[{"id":6994,"href":"https:\/\/holtensterkrade.de\/index.php?rest_route=\/wp\/v2\/pages\/128\/revisions\/6994"}],"wp:attachment":[{"href":"https:\/\/holtensterkrade.de\/index.php?rest_route=%2Fwp%2Fv2%2Fmedia&parent=128"}],"curies":[{"name":"wp","href":"https:\/\/api.w.org\/{rel}","templated":true}]}}