{"id":14,"date":"2018-03-11T21:03:39","date_gmt":"2018-03-11T20:03:39","guid":{"rendered":"http:\/\/holtensterkrade.de\/?page_id=14"},"modified":"2025-05-13T13:37:34","modified_gmt":"2025-05-13T11:37:34","slug":"pfarrer","status":"publish","type":"page","link":"https:\/\/holtensterkrade.de\/?page_id=14","title":{"rendered":"Pfarrer*innen"},"content":{"rendered":"\t\t<div data-elementor-type=\"wp-post\" data-elementor-id=\"14\" class=\"elementor elementor-14\">\n\t\t\t\t\t\t\t\t\t<section class=\"elementor-section elementor-top-section elementor-element elementor-element-8095dce elementor-section-boxed elementor-section-height-default elementor-section-height-default\" data-id=\"8095dce\" data-element_type=\"section\">\n\t\t\t\t\t\t<div class=\"elementor-container elementor-column-gap-default\">\n\t\t\t\t\t<div class=\"elementor-column elementor-col-100 elementor-top-column elementor-element elementor-element-16f7ab7\" data-id=\"16f7ab7\" data-element_type=\"column\">\n\t\t\t<div class=\"elementor-widget-wrap elementor-element-populated\">\n\t\t\t\t\t\t\t\t<div class=\"elementor-element elementor-element-b7cbc84 elementor-widget elementor-widget-text-editor\" data-id=\"b7cbc84\" data-element_type=\"widget\" data-widget_type=\"text-editor.default\">\n\t\t\t\t<div class=\"elementor-widget-container\">\n\t\t\t\t\t\t\t<p><span style=\"color: #000000;\">Hier sehen Sie die Pfarrerinnen und Pfarrer der Gemeinde. Sie alle arbeiten gemeindeweit und mit jeweils eigenen Aufgabengebieten. Dar\u00fcber hinaus sind sie zust\u00e4ndig f\u00fcr jeweils einen Seelsorgebereich (siehe letzter Men\u00fcpunkt: Stra\u00dfenverzeichnis), wenn es um seelsorgliche Gespr\u00e4che geht.\u00a0<\/span><\/p>\t\t\t\t\t\t<\/div>\n\t\t\t\t<\/div>\n\t\t\t\t\t<\/div>\n\t\t<\/div>\n\t\t\t\t\t\t\t<\/div>\n\t\t<\/section>\n\t\t\t\t<section class=\"elementor-section elementor-top-section elementor-element elementor-element-4f8f6fc elementor-section-boxed elementor-section-height-default elementor-section-height-default\" data-id=\"4f8f6fc\" data-element_type=\"section\">\n\t\t\t\t\t\t<div class=\"elementor-container elementor-column-gap-default\">\n\t\t\t\t\t<div class=\"elementor-column elementor-col-33 elementor-top-column elementor-element elementor-element-05ecb14\" data-id=\"05ecb14\" data-element_type=\"column\">\n\t\t\t<div class=\"elementor-widget-wrap elementor-element-populated\">\n\t\t\t\t\t\t\t\t<div class=\"elementor-element elementor-element-54f67a3 elementor-widget elementor-widget-image\" data-id=\"54f67a3\" data-element_type=\"widget\" data-widget_type=\"image.default\">\n\t\t\t\t<div class=\"elementor-widget-container\">\n\t\t\t\t\t\t\t\t\t\t\t\t\t\t\t<img width=\"640\" height=\"900\" src=\"https:\/\/holtensterkrade.de\/wp-content\/uploads\/2019\/04\/christiane-wilms-zuschnitt.jpg\" class=\"attachment-large size-large wp-image-701\" alt=\"\" loading=\"lazy\" srcset=\"https:\/\/holtensterkrade.de\/wp-content\/uploads\/2019\/04\/christiane-wilms-zuschnitt.jpg 640w, https:\/\/holtensterkrade.de\/wp-content\/uploads\/2019\/04\/christiane-wilms-zuschnitt-213x300.jpg 213w\" sizes=\"(max-width: 640px) 100vw, 640px\" \/>\t\t\t\t\t\t\t\t\t\t\t\t\t\t\t<\/div>\n\t\t\t\t<\/div>\n\t\t\t\t\t<\/div>\n\t\t<\/div>\n\t\t\t\t<div class=\"elementor-column elementor-col-66 elementor-top-column elementor-element elementor-element-b86ce3d\" data-id=\"b86ce3d\" data-element_type=\"column\">\n\t\t\t<div class=\"elementor-widget-wrap elementor-element-populated\">\n\t\t\t\t\t\t\t\t<div class=\"elementor-element elementor-element-5d07916 elementor-widget elementor-widget-text-editor\" data-id=\"5d07916\" data-element_type=\"widget\" data-widget_type=\"text-editor.default\">\n\t\t\t\t<div class=\"elementor-widget-container\">\n\t\t\t\t\t\t\t<p><span style=\"color: #000000;\">Pfarrerin Christiane Wilms\u00a0 \u00a0 \u00a0 \u00a0 \u00a0 <\/span><\/p><p>Mobil: 0177\u00a0 52 61 398<\/p><p><span style=\"color: #000000;\">E-Mail: christiane.wilms@ekir.de<\/span><\/p><p><span style=\"color: #000000;\">Aufgabengebiete: Begleitung der Kinderg\u00e4rten, Arbeit mit Kindern und Familien, Frauenhilfe<\/span><\/p>\t\t\t\t\t\t<\/div>\n\t\t\t\t<\/div>\n\t\t\t\t\t<\/div>\n\t\t<\/div>\n\t\t\t\t\t\t\t<\/div>\n\t\t<\/section>\n\t\t\t\t<section class=\"elementor-section elementor-top-section elementor-element elementor-element-e4b224a elementor-section-boxed elementor-section-height-default elementor-section-height-default\" data-id=\"e4b224a\" data-element_type=\"section\">\n\t\t\t\t\t\t<div class=\"elementor-container elementor-column-gap-default\">\n\t\t\t\t\t<div class=\"elementor-column elementor-col-33 elementor-top-column elementor-element elementor-element-a10fe5b\" data-id=\"a10fe5b\" data-element_type=\"column\">\n\t\t\t<div class=\"elementor-widget-wrap elementor-element-populated\">\n\t\t\t\t\t\t\t\t<div class=\"elementor-element elementor-element-72a5760 elementor-widget elementor-widget-image\" data-id=\"72a5760\" data-element_type=\"widget\" data-widget_type=\"image.default\">\n\t\t\t\t<div class=\"elementor-widget-container\">\n\t\t\t\t\t\t\t\t\t\t\t\t\t\t\t<img width=\"640\" height=\"900\" src=\"https:\/\/holtensterkrade.de\/wp-content\/uploads\/2019\/04\/thomas-fidelak-zuschnitt.jpg\" class=\"attachment-large size-large wp-image-702\" alt=\"\" loading=\"lazy\" srcset=\"https:\/\/holtensterkrade.de\/wp-content\/uploads\/2019\/04\/thomas-fidelak-zuschnitt.jpg 640w, https:\/\/holtensterkrade.de\/wp-content\/uploads\/2019\/04\/thomas-fidelak-zuschnitt-213x300.jpg 213w\" sizes=\"(max-width: 640px) 100vw, 640px\" \/>\t\t\t\t\t\t\t\t\t\t\t\t\t\t\t<\/div>\n\t\t\t\t<\/div>\n\t\t\t\t\t<\/div>\n\t\t<\/div>\n\t\t\t\t<div class=\"elementor-column elementor-col-66 elementor-top-column elementor-element elementor-element-144060d\" data-id=\"144060d\" data-element_type=\"column\">\n\t\t\t<div class=\"elementor-widget-wrap elementor-element-populated\">\n\t\t\t\t\t\t\t\t<div class=\"elementor-element elementor-element-d609166 elementor-widget elementor-widget-text-editor\" data-id=\"d609166\" data-element_type=\"widget\" data-widget_type=\"text-editor.default\">\n\t\t\t\t<div class=\"elementor-widget-container\">\n\t\t\t\t\t\t\t<p><span style=\"color: #000000;\">Pfarrer Thomas Fidelak\u00a0 \u00a0 \u00a0 \u00a0 \u00a0 \u00a0 \u00a0 \u00a0 \u00a0 \u00a0 Steinbrinkstra\u00dfe 160a\u00a0 \u00a0\u00a0<\/span><\/p><p>46145 Oberhausen<\/p><p><span style=\"color: #000000;\">Tel: 698 07 49<\/span><\/p><p><span style=\"color: #000000;\">Mobil: 0177 520 69 56<\/span><\/p><p><span style=\"color: #000000;\">E-Mail: thomas.fidelak@ekir.de<\/span><\/p><p><span style=\"color: #000000;\">Aufgabengebiete: Presbyteriumsvorsitz, Diakonie und Seniorenarbeit<\/span><\/p>\t\t\t\t\t\t<\/div>\n\t\t\t\t<\/div>\n\t\t\t\t\t<\/div>\n\t\t<\/div>\n\t\t\t\t\t\t\t<\/div>\n\t\t<\/section>\n\t\t\t\t<section class=\"elementor-section elementor-top-section elementor-element elementor-element-92c9b1a elementor-section-boxed elementor-section-height-default elementor-section-height-default\" data-id=\"92c9b1a\" data-element_type=\"section\">\n\t\t\t\t\t\t<div class=\"elementor-container elementor-column-gap-default\">\n\t\t\t\t\t<div class=\"elementor-column elementor-col-33 elementor-top-column elementor-element elementor-element-59b3b2a\" data-id=\"59b3b2a\" data-element_type=\"column\">\n\t\t\t<div class=\"elementor-widget-wrap elementor-element-populated\">\n\t\t\t\t\t\t\t\t<div class=\"elementor-element elementor-element-c910cc0 elementor-widget elementor-widget-image\" data-id=\"c910cc0\" data-element_type=\"widget\" data-widget_type=\"image.default\">\n\t\t\t\t<div class=\"elementor-widget-container\">\n\t\t\t\t\t\t\t\t\t\t\t\t\t\t\t<img width=\"640\" height=\"900\" src=\"https:\/\/holtensterkrade.de\/wp-content\/uploads\/2019\/04\/antje-lizier-zuschnitt.jpg\" class=\"attachment-large size-large wp-image-703\" alt=\"\" loading=\"lazy\" srcset=\"https:\/\/holtensterkrade.de\/wp-content\/uploads\/2019\/04\/antje-lizier-zuschnitt.jpg 640w, https:\/\/holtensterkrade.de\/wp-content\/uploads\/2019\/04\/antje-lizier-zuschnitt-213x300.jpg 213w\" sizes=\"(max-width: 640px) 100vw, 640px\" \/>\t\t\t\t\t\t\t\t\t\t\t\t\t\t\t<\/div>\n\t\t\t\t<\/div>\n\t\t\t\t\t<\/div>\n\t\t<\/div>\n\t\t\t\t<div class=\"elementor-column elementor-col-66 elementor-top-column elementor-element elementor-element-bc1b3c5\" data-id=\"bc1b3c5\" data-element_type=\"column\">\n\t\t\t<div class=\"elementor-widget-wrap elementor-element-populated\">\n\t\t\t\t\t\t\t\t<div class=\"elementor-element elementor-element-3d68309 elementor-widget elementor-widget-text-editor\" data-id=\"3d68309\" data-element_type=\"widget\" data-widget_type=\"text-editor.default\">\n\t\t\t\t<div class=\"elementor-widget-container\">\n\t\t\t\t\t\t\t<p><span style=\"color: #000000;\">Pfarrerin Antje Lizier\u00a0 \u00a0 \u00a0 \u00a0 \u00a0 \u00a0 \u00a0 \u00a0 \u00a0 \u00a0 \u00a0 \u00a0 \u00a0 \u00a0 Weseler Stra\u00dfe 99\u00a0 \u00a0\u00a0<\/span><\/p><p><span style=\"color: #000000;\">46149 Oberhausen<\/span><\/p><p><span style=\"color: #000000;\">Tel: 0208 64 13 76<\/span><\/p><p><span style=\"color: #000000;\">Mobil: 0177 520 69 20<\/span><\/p><p><span style=\"color: #000000;\">E-Mail: antje.lizier@ekir.de<\/span><\/p><p><span style=\"color: #000000;\">Aufgabengebiete: Jugendarbeit, Konfirmandenunterricht, Kirchenmusik<\/span><\/p>\t\t\t\t\t\t<\/div>\n\t\t\t\t<\/div>\n\t\t\t\t\t<\/div>\n\t\t<\/div>\n\t\t\t\t\t\t\t<\/div>\n\t\t<\/section>\n\t\t\t\t<section class=\"elementor-section elementor-top-section elementor-element elementor-element-ae349e2 elementor-section-boxed elementor-section-height-default elementor-section-height-default\" data-id=\"ae349e2\" data-element_type=\"section\">\n\t\t\t\t\t\t<div class=\"elementor-container elementor-column-gap-default\">\n\t\t\t\t\t<div class=\"elementor-column elementor-col-33 elementor-top-column elementor-element elementor-element-bffe866\" data-id=\"bffe866\" data-element_type=\"column\">\n\t\t\t<div class=\"elementor-widget-wrap elementor-element-populated\">\n\t\t\t\t\t\t\t\t<div class=\"elementor-element elementor-element-b91f6d5 elementor-widget elementor-widget-image\" data-id=\"b91f6d5\" data-element_type=\"widget\" data-widget_type=\"image.default\">\n\t\t\t\t<div class=\"elementor-widget-container\">\n\t\t\t\t\t\t\t\t\t\t\t\t\t\t\t<img width=\"640\" height=\"900\" src=\"https:\/\/holtensterkrade.de\/wp-content\/uploads\/2019\/04\/henning-wilms-zuschnitt.jpg\" class=\"attachment-large size-large wp-image-704\" alt=\"\" loading=\"lazy\" srcset=\"https:\/\/holtensterkrade.de\/wp-content\/uploads\/2019\/04\/henning-wilms-zuschnitt.jpg 640w, https:\/\/holtensterkrade.de\/wp-content\/uploads\/2019\/04\/henning-wilms-zuschnitt-213x300.jpg 213w\" sizes=\"(max-width: 640px) 100vw, 640px\" \/>\t\t\t\t\t\t\t\t\t\t\t\t\t\t\t<\/div>\n\t\t\t\t<\/div>\n\t\t\t\t\t<\/div>\n\t\t<\/div>\n\t\t\t\t<div class=\"elementor-column elementor-col-66 elementor-top-column elementor-element elementor-element-3306606\" data-id=\"3306606\" data-element_type=\"column\">\n\t\t\t<div class=\"elementor-widget-wrap elementor-element-populated\">\n\t\t\t\t\t\t\t\t<div class=\"elementor-element elementor-element-3e8c7f6 elementor-widget elementor-widget-text-editor\" data-id=\"3e8c7f6\" data-element_type=\"widget\" data-widget_type=\"text-editor.default\">\n\t\t\t\t<div class=\"elementor-widget-container\">\n\t\t\t\t\t\t\t<p><span style=\"color: #000000;\">Pfarrer Henning Wilms\u00a0<\/span><\/p><p><span style=\"font-weight: 400;\">Mobil: 0176 646 13 547<\/span><\/p><p><span style=\"color: #000000;\">E-Mail: henning.wilms@ekir.de<\/span><\/p><p><span style=\"color: #000000;\">Aufgabengebiete: Kindergartenarbeit, Arbeit mit Kindern und Familien, \u00d6ffentlichkeitsarbeit<\/span><\/p>\t\t\t\t\t\t<\/div>\n\t\t\t\t<\/div>\n\t\t\t\t\t<\/div>\n\t\t<\/div>\n\t\t\t\t\t\t\t<\/div>\n\t\t<\/section>\n\t\t\t\t\t\t\t<\/div>\n\t\t","protected":false},"excerpt":{"rendered":"<p>Hier sehen Sie die Pfarrerinnen und Pfarrer der Gemeinde. Sie alle arbeiten gemeindeweit und mit jeweils eigenen Aufgabengebieten. Dar\u00fcber hinaus sind sie zust\u00e4ndig f\u00fcr jeweils einen Seelsorgebereich (siehe letzter Men\u00fcpunkt: Stra\u00dfenverzeichnis), wenn es um&#46;&#46;&#46;<\/p>\n","protected":false},"author":1,"featured_media":0,"parent":12,"menu_order":0,"comment_status":"closed","ping_status":"closed","template":"","meta":[],"publishpress_future_action":{"enabled":false,"date":"1970-01-01 01:00:00","action":"","terms":[],"taxonomy":"","browser_timezone_offset":0},"_links":{"self":[{"href":"https:\/\/holtensterkrade.de\/index.php?rest_route=\/wp\/v2\/pages\/14"}],"collection":[{"href":"https:\/\/holtensterkrade.de\/index.php?rest_route=\/wp\/v2\/pages"}],"about":[{"href":"https:\/\/holtensterkrade.de\/index.php?rest_route=\/wp\/v2\/types\/page"}],"author":[{"embeddable":true,"href":"https:\/\/holtensterkrade.de\/index.php?rest_route=\/wp\/v2\/users\/1"}],"replies":[{"embeddable":true,"href":"https:\/\/holtensterkrade.de\/index.php?rest_route=%2Fwp%2Fv2%2Fcomments&post=14"}],"version-history":[{"count":58,"href":"https:\/\/holtensterkrade.de\/index.php?rest_route=\/wp\/v2\/pages\/14\/revisions"}],"predecessor-version":[{"id":7398,"href":"https:\/\/holtensterkrade.de\/index.php?rest_route=\/wp\/v2\/pages\/14\/revisions\/7398"}],"up":[{"embeddable":true,"href":"https:\/\/holtensterkrade.de\/index.php?rest_route=\/wp\/v2\/pages\/12"}],"wp:attachment":[{"href":"https:\/\/holtensterkrade.de\/index.php?rest_route=%2Fwp%2Fv2%2Fmedia&parent=14"}],"curies":[{"name":"wp","href":"https:\/\/api.w.org\/{rel}","templated":true}]}}