{"id":181,"date":"2019-02-14T13:24:21","date_gmt":"2019-02-14T12:24:21","guid":{"rendered":"http:\/\/holtensterkrade.de\/?page_id=181"},"modified":"2026-05-06T16:56:33","modified_gmt":"2026-05-06T14:56:33","slug":"kuester","status":"publish","type":"page","link":"https:\/\/holtensterkrade.de\/?page_id=181","title":{"rendered":"K\u00fcster"},"content":{"rendered":"\t\t<div data-elementor-type=\"wp-post\" data-elementor-id=\"181\" class=\"elementor elementor-181\">\n\t\t\t\t\t\t\t\t\t<section class=\"elementor-section elementor-top-section elementor-element elementor-element-55b0d904 elementor-section-boxed elementor-section-height-default elementor-section-height-default\" data-id=\"55b0d904\" data-element_type=\"section\">\n\t\t\t\t\t\t<div class=\"elementor-container elementor-column-gap-default\">\n\t\t\t\t\t<div class=\"elementor-column elementor-col-100 elementor-top-column elementor-element elementor-element-579368\" data-id=\"579368\" data-element_type=\"column\">\n\t\t\t<div class=\"elementor-widget-wrap elementor-element-populated\">\n\t\t\t\t\t\t\t\t<div class=\"elementor-element elementor-element-0b35c02 elementor-widget elementor-widget-text-editor\" data-id=\"0b35c02\" data-element_type=\"widget\" data-widget_type=\"text-editor.default\">\n\t\t\t\t<div class=\"elementor-widget-container\">\n\t\t\t\t\t\t\t<p><span style=\"color: #000000;\">Bei Vermietungen, Raumanfragen oder wenn Sie sonst etwas brauchen, wenden Sie sich bitte an einen unserer vier K\u00fcster.<\/span><\/p>\t\t\t\t\t\t<\/div>\n\t\t\t\t<\/div>\n\t\t\t\t\t<\/div>\n\t\t<\/div>\n\t\t\t\t\t\t\t<\/div>\n\t\t<\/section>\n\t\t\t\t<section class=\"elementor-section elementor-top-section elementor-element elementor-element-ea967ad elementor-section-boxed elementor-section-height-default elementor-section-height-default\" data-id=\"ea967ad\" data-element_type=\"section\">\n\t\t\t\t\t\t<div class=\"elementor-container elementor-column-gap-default\">\n\t\t\t\t\t<div class=\"elementor-column elementor-col-33 elementor-top-column elementor-element elementor-element-e3fd7a0\" data-id=\"e3fd7a0\" data-element_type=\"column\">\n\t\t\t<div class=\"elementor-widget-wrap elementor-element-populated\">\n\t\t\t\t\t\t\t\t<div class=\"elementor-element elementor-element-ef61b36 elementor-widget elementor-widget-image\" data-id=\"ef61b36\" data-element_type=\"widget\" data-widget_type=\"image.default\">\n\t\t\t\t<div class=\"elementor-widget-container\">\n\t\t\t\t\t\t\t\t\t\t\t\t\t\t\t<img width=\"683\" height=\"1024\" src=\"https:\/\/holtensterkrade.de\/wp-content\/uploads\/2019\/02\/P1060509-683x1024.jpg\" class=\"attachment-large size-large wp-image-256\" alt=\"\" loading=\"lazy\" srcset=\"https:\/\/holtensterkrade.de\/wp-content\/uploads\/2019\/02\/P1060509-683x1024.jpg 683w, https:\/\/holtensterkrade.de\/wp-content\/uploads\/2019\/02\/P1060509-200x300.jpg 200w, https:\/\/holtensterkrade.de\/wp-content\/uploads\/2019\/02\/P1060509-768x1152.jpg 768w, https:\/\/holtensterkrade.de\/wp-content\/uploads\/2019\/02\/P1060509.jpg 1696w\" sizes=\"(max-width: 683px) 100vw, 683px\" \/>\t\t\t\t\t\t\t\t\t\t\t\t\t\t\t<\/div>\n\t\t\t\t<\/div>\n\t\t\t\t\t<\/div>\n\t\t<\/div>\n\t\t\t\t<div class=\"elementor-column elementor-col-66 elementor-top-column elementor-element elementor-element-6094efd\" data-id=\"6094efd\" data-element_type=\"column\">\n\t\t\t<div class=\"elementor-widget-wrap elementor-element-populated\">\n\t\t\t\t\t\t\t\t<div class=\"elementor-element elementor-element-b7210ac elementor-widget elementor-widget-text-editor\" data-id=\"b7210ac\" data-element_type=\"widget\" data-widget_type=\"text-editor.default\">\n\t\t\t\t<div class=\"elementor-widget-container\">\n\t\t\t\t\t\t\t<p><span style=\"color: #000000;\">Dirk Berndt<\/span><\/p><p><span style=\"color: #000000;\">K\u00fcster in Holten<\/span><\/p><p><span style=\"color: #000000;\">Mobil : 0171 386 35 87<\/span><\/p>\t\t\t\t\t\t<\/div>\n\t\t\t\t<\/div>\n\t\t\t\t\t<\/div>\n\t\t<\/div>\n\t\t\t\t\t\t\t<\/div>\n\t\t<\/section>\n\t\t\t\t<section class=\"elementor-section elementor-top-section elementor-element elementor-element-4e8ef72 elementor-section-boxed elementor-section-height-default elementor-section-height-default\" data-id=\"4e8ef72\" data-element_type=\"section\">\n\t\t\t\t\t\t<div class=\"elementor-container elementor-column-gap-default\">\n\t\t\t\t\t<div class=\"elementor-column elementor-col-33 elementor-top-column elementor-element elementor-element-ae39916\" data-id=\"ae39916\" data-element_type=\"column\">\n\t\t\t<div class=\"elementor-widget-wrap elementor-element-populated\">\n\t\t\t\t\t\t\t\t<div class=\"elementor-element elementor-element-83b470c elementor-widget elementor-widget-image\" data-id=\"83b470c\" data-element_type=\"widget\" data-widget_type=\"image.default\">\n\t\t\t\t<div class=\"elementor-widget-container\">\n\t\t\t\t\t\t\t\t\t\t\t\t\t\t\t<img width=\"683\" height=\"1024\" src=\"https:\/\/holtensterkrade.de\/wp-content\/uploads\/2019\/02\/P1060482-683x1024.jpg\" class=\"attachment-large size-large wp-image-257\" alt=\"\" loading=\"lazy\" srcset=\"https:\/\/holtensterkrade.de\/wp-content\/uploads\/2019\/02\/P1060482-683x1024.jpg 683w, https:\/\/holtensterkrade.de\/wp-content\/uploads\/2019\/02\/P1060482-200x300.jpg 200w, https:\/\/holtensterkrade.de\/wp-content\/uploads\/2019\/02\/P1060482-768x1152.jpg 768w, https:\/\/holtensterkrade.de\/wp-content\/uploads\/2019\/02\/P1060482.jpg 1698w\" sizes=\"(max-width: 683px) 100vw, 683px\" \/>\t\t\t\t\t\t\t\t\t\t\t\t\t\t\t<\/div>\n\t\t\t\t<\/div>\n\t\t\t\t\t<\/div>\n\t\t<\/div>\n\t\t\t\t<div class=\"elementor-column elementor-col-66 elementor-top-column elementor-element elementor-element-d24337f\" data-id=\"d24337f\" data-element_type=\"column\">\n\t\t\t<div class=\"elementor-widget-wrap elementor-element-populated\">\n\t\t\t\t\t\t\t\t<div class=\"elementor-element elementor-element-2592d2e elementor-widget elementor-widget-text-editor\" data-id=\"2592d2e\" data-element_type=\"widget\" data-widget_type=\"text-editor.default\">\n\t\t\t\t<div class=\"elementor-widget-container\">\n\t\t\t\t\t\t\t<p><span style=\"color: #000000;\">J\u00fcrgen Saalm\u00fcller<\/span><\/p><p><span style=\"color: #000000;\">K\u00fcster an der Friedenskirche<\/span><\/p><p><span style=\"color: #000000;\">Tel: 0208 66 89 96<\/span><\/p><p><span style=\"color: #000000;\">Mobil: 0178 61 31 245<\/span><\/p>\t\t\t\t\t\t<\/div>\n\t\t\t\t<\/div>\n\t\t\t\t\t<\/div>\n\t\t<\/div>\n\t\t\t\t\t\t\t<\/div>\n\t\t<\/section>\n\t\t\t\t<section class=\"elementor-section elementor-top-section elementor-element elementor-element-8debda4 elementor-section-boxed elementor-section-height-default elementor-section-height-default\" data-id=\"8debda4\" data-element_type=\"section\">\n\t\t\t\t\t\t<div class=\"elementor-container elementor-column-gap-default\">\n\t\t\t\t\t<div class=\"elementor-column elementor-col-33 elementor-top-column elementor-element elementor-element-2a7d894\" data-id=\"2a7d894\" data-element_type=\"column\">\n\t\t\t<div class=\"elementor-widget-wrap elementor-element-populated\">\n\t\t\t\t\t\t\t\t<div class=\"elementor-element elementor-element-2d91511 elementor-widget elementor-widget-image\" data-id=\"2d91511\" data-element_type=\"widget\" data-widget_type=\"image.default\">\n\t\t\t\t<div class=\"elementor-widget-container\">\n\t\t\t\t\t\t\t\t\t\t\t\t\t\t\t<img width=\"683\" height=\"1024\" src=\"https:\/\/holtensterkrade.de\/wp-content\/uploads\/2019\/02\/P1060481-683x1024.jpg\" class=\"attachment-large size-large wp-image-258\" alt=\"\" loading=\"lazy\" srcset=\"https:\/\/holtensterkrade.de\/wp-content\/uploads\/2019\/02\/P1060481-683x1024.jpg 683w, https:\/\/holtensterkrade.de\/wp-content\/uploads\/2019\/02\/P1060481-200x300.jpg 200w, https:\/\/holtensterkrade.de\/wp-content\/uploads\/2019\/02\/P1060481-768x1152.jpg 768w, https:\/\/holtensterkrade.de\/wp-content\/uploads\/2019\/02\/P1060481.jpg 1757w\" sizes=\"(max-width: 683px) 100vw, 683px\" \/>\t\t\t\t\t\t\t\t\t\t\t\t\t\t\t<\/div>\n\t\t\t\t<\/div>\n\t\t\t\t\t<\/div>\n\t\t<\/div>\n\t\t\t\t<div class=\"elementor-column elementor-col-66 elementor-top-column elementor-element elementor-element-543698a\" data-id=\"543698a\" data-element_type=\"column\">\n\t\t\t<div class=\"elementor-widget-wrap elementor-element-populated\">\n\t\t\t\t\t\t\t\t<div class=\"elementor-element elementor-element-899de9e elementor-widget elementor-widget-text-editor\" data-id=\"899de9e\" data-element_type=\"widget\" data-widget_type=\"text-editor.default\">\n\t\t\t\t<div class=\"elementor-widget-container\">\n\t\t\t\t\t\t\t<p><span style=\"color: #000000;\">Frank Nilkes<\/span><\/p><p><span style=\"color: #000000;\">K\u00fcster an der Christuskirche<\/span><\/p><p><span style=\"color: #000000;\">Tel: 0208 64 08 95<\/span><\/p>\t\t\t\t\t\t<\/div>\n\t\t\t\t<\/div>\n\t\t\t\t\t<\/div>\n\t\t<\/div>\n\t\t\t\t\t\t\t<\/div>\n\t\t<\/section>\n\t\t\t\t\t\t\t<\/div>\n\t\t","protected":false},"excerpt":{"rendered":"<p>Bei Vermietungen, Raumanfragen oder wenn Sie sonst etwas brauchen, wenden Sie sich bitte an einen unserer vier K\u00fcster. Dirk Berndt K\u00fcster in Holten Mobil : 0171 386 35 87 J\u00fcrgen Saalm\u00fcller K\u00fcster an der&#46;&#46;&#46;<\/p>\n","protected":false},"author":1,"featured_media":0,"parent":12,"menu_order":0,"comment_status":"closed","ping_status":"closed","template":"","meta":[],"publishpress_future_action":{"enabled":false,"date":"1970-01-01 01:00:00","action":"","terms":[],"taxonomy":"","browser_timezone_offset":0},"_links":{"self":[{"href":"https:\/\/holtensterkrade.de\/index.php?rest_route=\/wp\/v2\/pages\/181"}],"collection":[{"href":"https:\/\/holtensterkrade.de\/index.php?rest_route=\/wp\/v2\/pages"}],"about":[{"href":"https:\/\/holtensterkrade.de\/index.php?rest_route=\/wp\/v2\/types\/page"}],"author":[{"embeddable":true,"href":"https:\/\/holtensterkrade.de\/index.php?rest_route=\/wp\/v2\/users\/1"}],"replies":[{"embeddable":true,"href":"https:\/\/holtensterkrade.de\/index.php?rest_route=%2Fwp%2Fv2%2Fcomments&post=181"}],"version-history":[{"count":22,"href":"https:\/\/holtensterkrade.de\/index.php?rest_route=\/wp\/v2\/pages\/181\/revisions"}],"predecessor-version":[{"id":7983,"href":"https:\/\/holtensterkrade.de\/index.php?rest_route=\/wp\/v2\/pages\/181\/revisions\/7983"}],"up":[{"embeddable":true,"href":"https:\/\/holtensterkrade.de\/index.php?rest_route=\/wp\/v2\/pages\/12"}],"wp:attachment":[{"href":"https:\/\/holtensterkrade.de\/index.php?rest_route=%2Fwp%2Fv2%2Fmedia&parent=181"}],"curies":[{"name":"wp","href":"https:\/\/api.w.org\/{rel}","templated":true}]}}