{"id":195,"date":"2019-02-14T13:37:27","date_gmt":"2019-02-14T12:37:27","guid":{"rendered":"http:\/\/holtensterkrade.de\/?page_id=195"},"modified":"2025-09-18T12:33:24","modified_gmt":"2025-09-18T10:33:24","slug":"formulardownload","status":"publish","type":"page","link":"https:\/\/holtensterkrade.de\/?page_id=195","title":{"rendered":"Formulardownload f\u00fcr Taufen\/ Trauungen mit Hinweis f\u00fcr Ehejubil\u00e4en"},"content":{"rendered":"<p style=\"text-align: center;\"><strong><span style=\"color: #ff0000;\">HIER FINDEN SIE <\/span><\/strong><strong><span style=\"color: #ff0000;\">die Formulare zur Anmeldung\u00a0<\/span><\/strong><\/p>\n<p style=\"text-align: center;\"><strong><span style=\"color: #ff0000;\">-f\u00fcr Ihre Taufe<\/span><\/strong><\/p>\n<p style=\"text-align: center;\"><strong><span style=\"color: #ff0000;\">-f\u00fcr ihre Trauung<\/span><\/strong><\/p>\n<p style=\"text-align: center;\"><strong><span style=\"color: #ff0000;\">Bitte beachten Sie f\u00fcr Ihre Planung: In der Winterzeit werden zur Ernergieeinsparung<\/span><\/strong><strong><span style=\"color: #ff0000;\"> alle Kirchen geschlossen\u00a0 und unbeheizt belassen. <\/span><\/strong><\/p>\n<p style=\"text-align: center;\"><strong><span style=\"color: #ff0000;\">S\u00e4mtliche Gottesdienste finden dann in der Zeit <\/span><\/strong><strong><span style=\"color: #ff0000;\">vom <\/span><\/strong><\/p>\n<p style=\"text-align: center;\"><strong><span style=\"color: #ff0000;\">1. Januar bis\u00a0 kurz vor Ostern<\/span><\/strong><\/p>\n<p style=\"text-align: center;\"><strong><span style=\"color: #ff0000;\">nur in den jeweiligen Gemeindeh\u00e4usern statt!<\/span><\/strong><\/p>\n<p>&nbsp;<\/p>\n<p>Sie ben\u00f6tigen dieses Formular, wenn Sie Ihr Kind oder sich selbst taufen lassen m\u00f6chten&#8230;<\/p>\n<p><iframe style=\"width: 100%; height: 600px;\" src=\"https:\/\/holtensterkrade.de\/wp-content\/uploads\/2025\/02\/Tauf.pdf\"><\/iframe><\/p>\n<p>Sie ben\u00f6tigen dieses Formular, wenn Sie beabsichtigen einen Gottesdienst anl\u00e4sslich Ihrer Eheschlie\u00dfung zu feiern&#8230;<\/p>\n<p><iframe style=\"width: 100%; height: 600px;\" src=\"https:\/\/holtensterkrade.de\/wp-content\/uploads\/2019\/06\/trauanzeige.pdf\"><\/iframe>Sie k\u00f6nnen diese Formulare direkt downloaden und ausdrucken und schicken diese dann bitte an:<\/p>\n<p>Ev. Gemeindeamt<\/p>\n<p>Schulstr.3<\/p>\n<p>46147 Oberhausen<\/p>\n<p>&nbsp;<\/p>\n<p>&#8212; gerne schicken wir Ihnen diese Formulare\u00a0 aber auch zu: Tel (Gemeindeamt)<strong><span style=\"color: #000000;\"> 0208 68 02 56<\/span><\/strong>.<\/p>\n<p>Hier steht man Ihnen auch mit Rat und Tat bei der Wahl Ihres Termins und Ihrer Kirche zur Seite.<\/p>\n<p>&nbsp;<\/p>\n<p>&nbsp;<\/p>\n<p><strong><span style=\"color: #0000ff;\">Bei Taufen geht es dann so weiter:<\/span><\/strong><\/p>\n<ul>\n<li>schauen Sie im Gemeindebrief bzw. hier unter <strong>GOTTESDIENSTE<\/strong> \/ Predigtplan nach einem geeigneten Termin und Ort f\u00fcr sich und Ihre Taufe<\/li>\n<li>daraufhin nehmen Sie bitte Kontakt mit der diensthabenden Pfarrperson (bzw. dem Gemeindeamt: 0208 68 02 56) auf,\u00a0 um den Termin (samt vorausgehendem Besuchstermin) festzumachen<\/li>\n<li>s\u00e4mtliche Tel. Nummern Pfarrer*innen\/ Gemeindeamt\/ K\u00fcsterInnen finden sich unter dem Men\u00fcpunkt: <strong>KONTAKT<\/strong><\/li>\n<li>wenn Sie zum jetzigen Zeitpunkt Informationen rund um die Taufe ben\u00f6tigen, schlagen Sie doch einmal in unserem Lexikon und\u00a0 &#8222;T&#8220; &#8230; wie Taufe im Men\u00fcpunkt: <strong>KIRCHE UND GEMEINDE VON A-Z<\/strong> nach.\u00a0 Dort findet sich auch ein Mini-Film unserer Landeskirche, der die Taufe in 59 Sekunden erkl\u00e4rt.<\/li>\n<li>P.S. Bei reinen Taufgottesdiensten kollektieren wir am Ende f\u00fcr das Aktionsb\u00fcndnis: UNITED4RESCUE. N\u00e4here Infos dazu gibt es unter dem Men\u00fcpunkt: <strong>Partnerschaftsprojekte und Kooperationen<\/strong><\/li>\n<\/ul>\n<p>&nbsp;<\/p>\n<p><strong><span style=\"color: #339966;\">Trauungen<\/span><\/strong><\/p>\n<p>Voraussetzung f\u00fcr die evangelische Trauung in unserer Gemeinde ist, dass (mindestens) einer der Ehepartner evangelisch ist und Sie im Bereich der Kirchengemeinde Holten-Sterkrade wohnen.<\/p>\n<p>ODER: (wenn Sie nicht zur Gemeinde geh\u00f6ren, &#8230;)\u00a0 dass entweder die Eltern der Braut oder die Eltern des Br\u00e4utigams im Bereich der Kirchengemeinde Holten-Sterkrade wohnen.<\/p>\n<p>ODER: dass Sie selber die Gemeindemitgliedschaft\u00a0 f\u00fcr die Ev. Kirchengemeinde Holten-Sterkrade beantragen (per Eintritt\/ \u00dcbertritt\/\u00a0 bzw. Gemeindemitgliedschaft in besonderen F\u00e4llen (: &#8222;Umgemeindung&#8220;))<\/p>\n<p>Sobald\u00a0 das von Ihnen ausgef\u00fcllte\u00a0 Formular dann im Gemeindeamt eingegangen ist, nimmt\u00a0 die\/der zust\u00e4ndige Pfarrer*in circa zwei bis drei Monate vor der Trauung\u00a0 Kontakt mit Ihnen auf.<\/p>\n<p>&nbsp;<\/p>\n<p>P.S. Bei Traugottesdiensten kollektieren wir am Ende f\u00fcr einen mildt\u00e4tigen Zweck Ihrer Wahl und \u00fcberweisen die Kollekte dann anschlie\u00dfend an die von Ihnen ausgesuchte Organisation.<\/p>\n<p>&nbsp;<\/p>\n<p><span style=\"color: #666699;\"><strong>Bei Ehejubil\u00e4en<\/strong><\/span><\/p>\n<p><span style=\"color: #000000;\"> gen\u00fcgt eine telefonische Anmeldung im Gemeindeamt unter 0208 68 02 56<\/span><\/p>\n<p>&nbsp;<\/p>\n<p>&nbsp;<\/p>\n","protected":false},"excerpt":{"rendered":"<p>HIER FINDEN SIE die Formulare zur Anmeldung\u00a0 -f\u00fcr Ihre Taufe -f\u00fcr ihre Trauung Bitte beachten Sie f\u00fcr Ihre Planung: In der Winterzeit werden zur Ernergieeinsparung alle Kirchen geschlossen\u00a0 und unbeheizt belassen. S\u00e4mtliche Gottesdienste finden&#46;&#46;&#46;<\/p>\n","protected":false},"author":1,"featured_media":0,"parent":0,"menu_order":0,"comment_status":"closed","ping_status":"closed","template":"","meta":[],"publishpress_future_action":{"enabled":false,"date":"1970-01-01 01:00:00","action":"","terms":[],"taxonomy":"","browser_timezone_offset":0},"_links":{"self":[{"href":"https:\/\/holtensterkrade.de\/index.php?rest_route=\/wp\/v2\/pages\/195"}],"collection":[{"href":"https:\/\/holtensterkrade.de\/index.php?rest_route=\/wp\/v2\/pages"}],"about":[{"href":"https:\/\/holtensterkrade.de\/index.php?rest_route=\/wp\/v2\/types\/page"}],"author":[{"embeddable":true,"href":"https:\/\/holtensterkrade.de\/index.php?rest_route=\/wp\/v2\/users\/1"}],"replies":[{"embeddable":true,"href":"https:\/\/holtensterkrade.de\/index.php?rest_route=%2Fwp%2Fv2%2Fcomments&post=195"}],"version-history":[{"count":43,"href":"https:\/\/holtensterkrade.de\/index.php?rest_route=\/wp\/v2\/pages\/195\/revisions"}],"predecessor-version":[{"id":7575,"href":"https:\/\/holtensterkrade.de\/index.php?rest_route=\/wp\/v2\/pages\/195\/revisions\/7575"}],"wp:attachment":[{"href":"https:\/\/holtensterkrade.de\/index.php?rest_route=%2Fwp%2Fv2%2Fmedia&parent=195"}],"curies":[{"name":"wp","href":"https:\/\/api.w.org\/{rel}","templated":true}]}}