{"id":2295,"date":"2020-03-30T16:04:35","date_gmt":"2020-03-30T14:04:35","guid":{"rendered":"https:\/\/holtensterkrade.de\/?page_id=2295"},"modified":"2022-10-27T15:16:30","modified_gmt":"2022-10-27T13:16:30","slug":"landeskirchliche-kollektenzwecke","status":"publish","type":"page","link":"https:\/\/holtensterkrade.de\/?page_id=2295","title":{"rendered":"Klingelbeutel- online"},"content":{"rendered":"<p><strong>*DIAKONIE KOLLEKTEN f\u00fcr die eigene Gemeinde\u00a0 <\/strong><\/p>\n<p>\u00fcber\u00a0 die Bankverbindung\u00a0 und das Konto des Ev. Kirchenkreises Oberhausen<img loading=\"lazy\" class=\"wp-image-2325 alignright\" src=\"https:\/\/holtensterkrade.de\/wp-content\/uploads\/2020\/04\/Logo-Kgmde-Sterkrade-Holten-1.jpg\" alt=\"\" width=\"190\" height=\"137\" srcset=\"https:\/\/holtensterkrade.de\/wp-content\/uploads\/2020\/04\/Logo-Kgmde-Sterkrade-Holten-1.jpg 770w, https:\/\/holtensterkrade.de\/wp-content\/uploads\/2020\/04\/Logo-Kgmde-Sterkrade-Holten-1-300x217.jpg 300w, https:\/\/holtensterkrade.de\/wp-content\/uploads\/2020\/04\/Logo-Kgmde-Sterkrade-Holten-1-768x556.jpg 768w\" sizes=\"(max-width: 190px) 100vw, 190px\" \/><\/p>\n<p>IBAN: DE79 3506 0190 1010 2720 13<\/p>\n<p>bei der KD Bank ( Bank f\u00fcr Kirche und Diakonie)<\/p>\n<p><strong>Betreff (wichtig) :<\/strong>\u00a0 \u00a0Kirchengemeinde Holten-Sterkrade: Spende Diakonie<\/p>\n<p>&nbsp;<\/p>\n<p>&nbsp;<\/p>\n<p><strong>*LANDESKIRCHLICHE KOLLEKTEN \/ Digitaler Kingelbeutel<\/strong><br \/>\nDie Evangelische Kirche im Rheinland (EKiR) ist mit mehr als 2,45 Mio. Mitgliedern die zweitgr\u00f6\u00dfte der 20 Gliedkirchen der Evangelischen Kirche in Deutschland.<img loading=\"lazy\" class=\"size-full wp-image-2301 alignright\" src=\"https:\/\/holtensterkrade.de\/wp-content\/uploads\/2020\/03\/EKiR.jpg\" alt=\"\" width=\"345\" height=\"164\" srcset=\"https:\/\/holtensterkrade.de\/wp-content\/uploads\/2020\/03\/EKiR.jpg 345w, https:\/\/holtensterkrade.de\/wp-content\/uploads\/2020\/03\/EKiR-300x143.jpg 300w, https:\/\/holtensterkrade.de\/wp-content\/uploads\/2020\/03\/EKiR-520x245.jpg 520w, https:\/\/holtensterkrade.de\/wp-content\/uploads\/2020\/03\/EKiR-720x340.jpg 720w\" sizes=\"(max-width: 345px) 100vw, 345px\" \/><\/p>\n<p>Ihr Gebiet erstreckt sich von Emmerich bis Saarbr\u00fccken und umfasst Teile der Bundesl\u00e4nder Nordrhein-Westfalen, Rheinland-Pfalz, Saarland und Hessen. In 668 Kirchengemeinden werden die Menschen in ihrem Leben, insbesondere mit Taufe, Konfirmation, Trauung und Bestattung, begleitet.<\/p>\n<p>Weil Glaube nicht ohne Verantwortung f\u00fcr die Gemeinschaft der Menschen denkbar ist, engagiert sich die EKiR intensiv diakonisch und gesellschaftspolitisch. Zu ihren Handlungsfeldern geh\u00f6ren auch Seelsorge, Kirchenmusik und Bildung sowie \u00f6kumenische Partnerschaften. Dieses Profil spiegelt sich auch im landeskirchlichen Kollektenplan wider. Er bietet eine \u00dcbersicht \u00fcber die von der Landeskirche bestimmten Kollektenzwecke f\u00fcr die einzelnen Gottesdiensttage und wird im Voraus f\u00fcr das gesamte Kirchenjahr auf unserer Homepage\u00a0<a href=\"http:\/\/www.ekir.de\/www\/glauben\/kollektenplan.php\">(www.ekir.de\/url\/xUf)<\/a> ver\u00f6ffentlicht.<\/p>\n<p>Falls Sie einen Gottesdienst verpassen und trotzdem spenden m\u00f6chten, haben Sie \u00fcber die Online-Kollekte die M\u00f6glichkeit, per Lastschrift, Paypal oder Kreditkarte das Projekt Ihrer Wahl zu unterst\u00fctzen. Gerne senden wir Ihnen anschlie\u00dfend eine Zuwendungsbest\u00e4tigung zu, die Sie einkommensteuermindernd einsetzen k\u00f6nnen.<\/p>\n<p>Mit dem nachfolgenden Link geht es zur Liste mit den aktuellen landeskirchlichen Kollektenzwecken, die \u00fcber das Spendenportal der KD- Bank (=Bank f\u00fcr Kirche und Diakonie) abgewickelt werden:<\/p>\n<p><a href=\"https:\/\/www.kd-onlinespende.de\/organisation\/ev-kirche-im-rheinland\/display\/frame.html\"> online Spende via KD Bank<\/a><\/p>\n<p style=\"text-align: right;\">\n","protected":false},"excerpt":{"rendered":"<p>*DIAKONIE KOLLEKTEN f\u00fcr die eigene Gemeinde\u00a0 \u00fcber\u00a0 die Bankverbindung\u00a0 und das Konto des Ev. Kirchenkreises Oberhausen IBAN: DE79 3506 0190 1010 2720 13 bei der KD Bank ( Bank f\u00fcr Kirche und Diakonie) Betreff&#46;&#46;&#46;<\/p>\n","protected":false},"author":1,"featured_media":0,"parent":0,"menu_order":0,"comment_status":"closed","ping_status":"closed","template":"","meta":[],"publishpress_future_action":{"enabled":false,"date":"1970-01-01 01:00:00","action":"","terms":[],"taxonomy":"","browser_timezone_offset":0},"_links":{"self":[{"href":"https:\/\/holtensterkrade.de\/index.php?rest_route=\/wp\/v2\/pages\/2295"}],"collection":[{"href":"https:\/\/holtensterkrade.de\/index.php?rest_route=\/wp\/v2\/pages"}],"about":[{"href":"https:\/\/holtensterkrade.de\/index.php?rest_route=\/wp\/v2\/types\/page"}],"author":[{"embeddable":true,"href":"https:\/\/holtensterkrade.de\/index.php?rest_route=\/wp\/v2\/users\/1"}],"replies":[{"embeddable":true,"href":"https:\/\/holtensterkrade.de\/index.php?rest_route=%2Fwp%2Fv2%2Fcomments&post=2295"}],"version-history":[{"count":16,"href":"https:\/\/holtensterkrade.de\/index.php?rest_route=\/wp\/v2\/pages\/2295\/revisions"}],"predecessor-version":[{"id":5245,"href":"https:\/\/holtensterkrade.de\/index.php?rest_route=\/wp\/v2\/pages\/2295\/revisions\/5245"}],"wp:attachment":[{"href":"https:\/\/holtensterkrade.de\/index.php?rest_route=%2Fwp%2Fv2%2Fmedia&parent=2295"}],"curies":[{"name":"wp","href":"https:\/\/api.w.org\/{rel}","templated":true}]}}