{"id":24,"date":"2018-03-11T21:04:28","date_gmt":"2018-03-11T20:04:28","guid":{"rendered":"http:\/\/holtensterkrade.de\/?page_id=24"},"modified":"2026-02-26T19:52:57","modified_gmt":"2026-02-26T18:52:57","slug":"veranstaltungen","status":"publish","type":"page","link":"https:\/\/holtensterkrade.de\/?page_id=24","title":{"rendered":"Gottesdienst\u00fcbersicht (Predigtplan)"},"content":{"rendered":"<p>Hier finden Sie alle Gottesdienste im \u00dcberblick, wie sie auch im Gemeindebrief abgedruckt sind.<\/p>\n<p>Zus\u00e4tzlich werden die drei n\u00e4chsten Gottesdienstwochenenden immer auch als Vorschau seperat unter : &#8222;UNSERE N\u00c4CHSTEN GOTTESDIENSTE&#8220; eingeblendet.<\/p>\n<p>Unter &#8222;HIER KLICKEN&#8220; sind sie dann noch einmal f\u00fcr das jeweilige Wochenende gelistet. Blau hervorgehoben sind\u00a0 dabei\u00a0 die unserer Meinung nach &#8222;besonderen Gottesdienste &#8220; &#8230;<\/p>\n<p>&nbsp;<\/p>\n<p style=\"padding-left: 40px;\"><iframe style=\"border: 0; width: 100%; height: 600px;\" title=\"PP JUN Corona\" src=\"https:\/\/holtensterkrade.de\/wp-content\/uploads\/2026\/02\/Predigtplan-homepage-Maerz-Juni-2026.pdf\"><span style=\"display: inline-block; width: 0px; overflow: hidden; line-height: 0;\" data-mce-type=\"bookmark\" class=\"mce_SELRES_start\">\ufeff<\/span><span data-mce-type=\"bookmark\" style=\"display: inline-block; width: 0px; overflow: hidden; line-height: 0;\" class=\"mce_SELRES_start\"><\/span><span data-mce-type=\"bookmark\" style=\"display: inline-block; width: 0px; overflow: hidden; line-height: 0;\" class=\"mce_SELRES_start\"><\/span><\/iframe><\/p>\n","protected":false},"excerpt":{"rendered":"<p>Hier finden Sie alle Gottesdienste im \u00dcberblick, wie sie auch im Gemeindebrief abgedruckt sind. Zus\u00e4tzlich werden die drei n\u00e4chsten Gottesdienstwochenenden immer auch als Vorschau seperat unter : &#8222;UNSERE N\u00c4CHSTEN GOTTESDIENSTE&#8220; eingeblendet. Unter &#8222;HIER KLICKEN&#8220;&#46;&#46;&#46;<\/p>\n","protected":false},"author":1,"featured_media":0,"parent":0,"menu_order":0,"comment_status":"closed","ping_status":"closed","template":"","meta":[],"publishpress_future_action":{"enabled":false,"date":"1970-01-01 01:00:00","action":"","terms":[],"taxonomy":"","browser_timezone_offset":0},"_links":{"self":[{"href":"https:\/\/holtensterkrade.de\/index.php?rest_route=\/wp\/v2\/pages\/24"}],"collection":[{"href":"https:\/\/holtensterkrade.de\/index.php?rest_route=\/wp\/v2\/pages"}],"about":[{"href":"https:\/\/holtensterkrade.de\/index.php?rest_route=\/wp\/v2\/types\/page"}],"author":[{"embeddable":true,"href":"https:\/\/holtensterkrade.de\/index.php?rest_route=\/wp\/v2\/users\/1"}],"replies":[{"embeddable":true,"href":"https:\/\/holtensterkrade.de\/index.php?rest_route=%2Fwp%2Fv2%2Fcomments&post=24"}],"version-history":[{"count":108,"href":"https:\/\/holtensterkrade.de\/index.php?rest_route=\/wp\/v2\/pages\/24\/revisions"}],"predecessor-version":[{"id":7880,"href":"https:\/\/holtensterkrade.de\/index.php?rest_route=\/wp\/v2\/pages\/24\/revisions\/7880"}],"wp:attachment":[{"href":"https:\/\/holtensterkrade.de\/index.php?rest_route=%2Fwp%2Fv2%2Fmedia&parent=24"}],"curies":[{"name":"wp","href":"https:\/\/api.w.org\/{rel}","templated":true}]}}