{"id":30,"date":"2018-03-11T21:04:58","date_gmt":"2018-03-11T20:04:58","guid":{"rendered":"http:\/\/holtensterkrade.de\/?page_id=30"},"modified":"2025-01-08T17:40:55","modified_gmt":"2025-01-08T16:40:55","slug":"gemeindeleben","status":"publish","type":"page","link":"https:\/\/holtensterkrade.de\/?page_id=30","title":{"rendered":"Angebote f\u00fcr jedes Alter"},"content":{"rendered":"\t\t<div data-elementor-type=\"wp-post\" data-elementor-id=\"30\" class=\"elementor elementor-30\">\n\t\t\t\t\t\t\t\t\t<section class=\"elementor-section elementor-top-section elementor-element elementor-element-c64215f elementor-section-boxed elementor-section-height-default elementor-section-height-default\" data-id=\"c64215f\" data-element_type=\"section\">\n\t\t\t\t\t\t<div class=\"elementor-container elementor-column-gap-default\">\n\t\t\t\t\t<div class=\"elementor-column elementor-col-100 elementor-top-column elementor-element elementor-element-d230c90\" data-id=\"d230c90\" data-element_type=\"column\">\n\t\t\t<div class=\"elementor-widget-wrap elementor-element-populated\">\n\t\t\t\t\t\t\t\t<div class=\"elementor-element elementor-element-096de92 elementor-widget elementor-widget-text-editor\" data-id=\"096de92\" data-element_type=\"widget\" data-widget_type=\"text-editor.default\">\n\t\t\t\t<div class=\"elementor-widget-container\">\n\t\t\t\t\t\t\t<p><span style=\"color: #000000;\">Hier finden Sie unsere Angebote und Informationen f\u00fcr die verschiedensten Altersklassen und Zielgruppen. Auch wenn sich die Angebote manchmal \u00fcberschneiden: es sind so viele, dass hier nur eine grobe \u00dcbersicht gegeben werden kann. Bitte klicken Sie f\u00fcr weitere Informationen auf einen der Reiter &#8230;<\/span><\/p>\t\t\t\t\t\t<\/div>\n\t\t\t\t<\/div>\n\t\t\t\t<div class=\"elementor-element elementor-element-0a212c0 elementor-widget__width-initial elementor-widget elementor-widget-accordion\" data-id=\"0a212c0\" data-element_type=\"widget\" data-widget_type=\"accordion.default\">\n\t\t\t\t<div class=\"elementor-widget-container\">\n\t\t\t\t\t<div class=\"elementor-accordion\">\n\t\t\t\t\t\t\t<div class=\"elementor-accordion-item\">\n\t\t\t\t\t<div id=\"elementor-tab-title-1061\" class=\"elementor-tab-title\" data-tab=\"1\" role=\"button\" aria-controls=\"elementor-tab-content-1061\" aria-expanded=\"false\">\n\t\t\t\t\t\t\t\t\t\t\t\t\t<span class=\"elementor-accordion-icon elementor-accordion-icon-left\" aria-hidden=\"true\">\n\t\t\t\t\t\t\t\t\t\t\t\t\t\t\t<i class=\"elementor-accordion-icon-closed fa fa-plus\"><\/i>\n\t\t\t\t\t\t\t\t<i class=\"elementor-accordion-icon-opened fa fa-minus\"><\/i>\n\t\t\t\t\t\t\t\t\t\t\t\t\t\t<\/span>\n\t\t\t\t\t\t\t\t\t\t\t\t<a class=\"elementor-accordion-title\" tabindex=\"0\">Kinder- und Jugendarbeit<\/a>\n\t\t\t\t\t<\/div>\n\t\t\t\t\t<div id=\"elementor-tab-content-1061\" class=\"elementor-tab-content elementor-clearfix\" data-tab=\"1\" role=\"region\" aria-labelledby=\"elementor-tab-title-1061\"><p><span style=\"color: #000000;\">Da es zu umfangreich w\u00e4re, alle Gruppen aufzulisten, hier nur eine stichwortartige Zusammenstellung:<\/span><\/p><p><span style=\"color: #000000;\"><strong>*Holten, Kastellstra\u00dfe\/ Ecke Schulstra\u00dfe<\/strong><\/span><\/p><p><span style=\"color: #000000;\">Spielgruppe (: f\u00fcr Kleinkinder&#8212; \u00fcber das Ev. Erwachsenen- und Familienbildungswerk : FEBW)\u00a0 \u00a0 \u00a0 \u00a0 &amp;\u00a0 Angebote d. Jugendhauses (: Jugendleiterin K. Koch)\u00a0<\/span><\/p><p><span style=\"color: #000000;\"><strong>*Friedenskirche, Steinbrinkstra\u00dfe:<\/strong><\/span><\/p><p><span style=\"color: #000000;\">Kindergruppe\/ Sternenzelt ( Kinder &amp; Jugendliche) &amp; Angebote im Jugendkeller: Offener Treff f\u00fcr Jugendliche ab 12. J. &amp; Offene T\u00fcr-Arbeit <\/span><span style=\"color: #000000;\">(: Jugendleiterin L. Ritterbach)<\/span><\/p><p><span style=\"color: #000000;\"><strong>*Christuskirche, Weseler Stra\u00dfe:<\/strong><\/span><\/p><p><span style=\"color: #000000;\">Krabbelgruppen\/ Jugendchor\/ Angebote des Jugendhauses (: Jugendleiterin S. Kruse)<\/span><\/p><h4><span style=\"color: #000000;\"><strong>AKTUELLE VERANSTALTUNGS\u00dcBERSICHT aller\u00a0 \u00a0 \u00a0 \u00a0 KINDER- &amp; JUGENDAKTIVIT\u00c4TEN<\/strong><\/span><\/h4><h2><span style=\"color: #000000;\"> <img loading=\"lazy\" class=\"alignnone wp-image-6074 size-full\" src=\"https:\/\/holtensterkrade.de\/wp-content\/uploads\/2023\/09\/Jugend.jpg\" alt=\"\" width=\"626\" height=\"544\" srcset=\"https:\/\/holtensterkrade.de\/wp-content\/uploads\/2023\/09\/Jugend.jpg 626w, https:\/\/holtensterkrade.de\/wp-content\/uploads\/2023\/09\/Jugend-300x261.jpg 300w\" sizes=\"(max-width: 626px) 100vw, 626px\" \/><\/span><\/h2><h2>Christuskirche<\/h2><p><span style=\"color: #000000;\"><strong>(Jugendraum)<\/strong><\/span><\/p><p><span style=\"color: #000000;\">Weseler Stra\u00dfe 101, 46149 Oberhausen<\/span><\/p><p><span style=\"color: #000000;\">Leitung: Sylke Kruse, Tel.: 6218359 oder mobil: 0151-29119639<\/span><\/p><h2><span style=\"color: #000000;\">Friedenskirche<\/span><\/h2><p><span style=\"color: #000000;\"><strong>(Jugendkeller)\u00a0<\/strong><\/span><\/p><p><span style=\"color: #000000;\">Steinbrinkstra\u00dfe 158, 46145 Oberhausen<\/span><\/p><p><span style=\"color: #000000;\">Leitung: Lea Ritterbach 0151-55281866<\/span><\/p><h2><span style=\"color: #000000;\">Holten<\/span><\/h2><p><span style=\"color: #000000;\"><strong>(Jugendhaus)\u00a0<\/strong><\/span><\/p><p><span style=\"color: #000000;\">Schulstra\u00dfe 16, 46147 Oberhausen<\/span><\/p><p><span style=\"color: #000000;\">Leitung: Kristina Koch, Tel.: 687625 oder mobil: 0151- 27265668<\/span><\/p><p><span style=\"color: #000000;\"><strong>\u00a0<\/strong><\/span><\/p><p><span style=\"color: #000000;\"><strong>\u00dcber Projekte, Aktionen und Freizeiten informieren wir auch regelm\u00e4\u00dfig im Gemeindebrief \u201eGeistreich\u201c!<\/strong><\/span><\/p><\/div>\n\t\t\t\t<\/div>\n\t\t\t\t\t\t\t<div class=\"elementor-accordion-item\">\n\t\t\t\t\t<div id=\"elementor-tab-title-1062\" class=\"elementor-tab-title\" data-tab=\"2\" role=\"button\" aria-controls=\"elementor-tab-content-1062\" aria-expanded=\"false\">\n\t\t\t\t\t\t\t\t\t\t\t\t\t<span class=\"elementor-accordion-icon elementor-accordion-icon-left\" aria-hidden=\"true\">\n\t\t\t\t\t\t\t\t\t\t\t\t\t\t\t<i class=\"elementor-accordion-icon-closed fa fa-plus\"><\/i>\n\t\t\t\t\t\t\t\t<i class=\"elementor-accordion-icon-opened fa fa-minus\"><\/i>\n\t\t\t\t\t\t\t\t\t\t\t\t\t\t<\/span>\n\t\t\t\t\t\t\t\t\t\t\t\t<a class=\"elementor-accordion-title\" tabindex=\"0\">Konfirmand*Innen\/ Konfi-Unterricht<\/a>\n\t\t\t\t\t<\/div>\n\t\t\t\t\t<div id=\"elementor-tab-content-1062\" class=\"elementor-tab-content elementor-clearfix\" data-tab=\"2\" role=\"region\" aria-labelledby=\"elementor-tab-title-1062\"><p><span style=\"color: #000000;\">Zur Zeit haben wir in unserer Gemeinde pro Jahrgang etwa 40-50 Konfirmand*innen, die in verschiedenen Gruppen an der Christuskirche, Weseler Stra\u00dfe unterrichtet werden.\u00a0<\/span><\/p><p><span style=\"color: #000000;\"> \u00a0Zum w\u00f6chentlichen\u00a0 Unterricht,\u00a0 kommen gemeinsame Ausfl\u00fcge, Gottesdienste, ein Krippenspiel und eine Wochenendfreizeit mit \u00dcbernachtung hinzu.<\/span><\/p><p><span style=\"color: #000000;\">Bei Unterrichtsbeginn sind die M\u00e4dchen und Jungen zwischen dreizehn und vierzehn Jahre alt. Der Stichtag daf\u00fcr liegt im Zeitraum zwischen dem 1.10. und dem 30.09.: sofern sie in diesem Fenster dreizehn \/ bzw. vierzehn Jahr alt sind, k\u00f6nnen sie Konfirmand*Innen der Gemeinde werden!<\/span><\/p><p><span style=\"color: #000000;\">Der Unterricht dauert ein gutes Jahr.\u00a0 Im Jahr darauf &#8211; nach Ostern (: April- Pfingsten)- sind die Konfirmationstermine, die j\u00e4hrlich neu festgelegt werden.\u00a0<\/span><\/p><p><span style=\"color: #000000;\">Wir konfirmieren gerne ( aber auch nach Ihrem Bedarf) an allen drei Kirchen: Holten \/ Kastellstra\u00dfe, Friedenskirche\/ Steinbrinkstra\u00dfe und an der Christuskirche, Weselerstra\u00dfe.<\/span><\/p><p><span style=\"color: #000000;\">Die <strong>Einladung zum Unterricht<\/strong> ergeht schriftlich im Herbst des Vorjahres (: bevor der Unterricht beginnt). Sofern Sie und ihr dieser Einladung nachkommt, gibt es eine Anmeldefrist ( eine Anmeldewoche im Herbst), um in entsprechenden Listen erfasst zu werden. Dies erfolgt dann im Gemeindeb\u00fcro, Schulstr.3. 46147 Ob ( Holten&#8212; das B\u00fcro befindet sich im \u00e4u\u00dferst rechten Teil des Gemeindehauses\/ Eingang \u00fcber den Vorplatz).<\/span><\/p><p><span style=\"color: #000000;\">Bitte beachten Sie: unser Gemeindeb\u00fcro kann nur diejenigen Jugendlichen erfassen, die bereits vorher auch getauft worden sind! Hier m\u00fcssten Sie sich\/ m\u00fcsstet ihr euch ggfs. selber melden &#8230;<\/span><\/p><p><span style=\"color: #000000;\">P.S.: <strong>Die Taufe<\/strong> ist zwar die Voraussetzung zur Konfirmation ( und der Konfirmationsunterricht\u00a0 ist von seinem Ursprung her ein nachgeholter Taufunterricht )- sie kann aber (bei bisher noch nicht Getauften) z.B. auch in der Konfirmand:innenzeit oder sp\u00e4testens in den Konfirmationsgottesdiensten mit eingebaut werden. Taufpaten sind in diesem Fall dann nicht mehr n\u00f6tig.<\/span><\/p><\/div>\n\t\t\t\t<\/div>\n\t\t\t\t\t\t\t<div class=\"elementor-accordion-item\">\n\t\t\t\t\t<div id=\"elementor-tab-title-1063\" class=\"elementor-tab-title\" data-tab=\"3\" role=\"button\" aria-controls=\"elementor-tab-content-1063\" aria-expanded=\"false\">\n\t\t\t\t\t\t\t\t\t\t\t\t\t<span class=\"elementor-accordion-icon elementor-accordion-icon-left\" aria-hidden=\"true\">\n\t\t\t\t\t\t\t\t\t\t\t\t\t\t\t<i class=\"elementor-accordion-icon-closed fa fa-plus\"><\/i>\n\t\t\t\t\t\t\t\t<i class=\"elementor-accordion-icon-opened fa fa-minus\"><\/i>\n\t\t\t\t\t\t\t\t\t\t\t\t\t\t<\/span>\n\t\t\t\t\t\t\t\t\t\t\t\t<a class=\"elementor-accordion-title\" tabindex=\"0\">Junge Erwachsene<\/a>\n\t\t\t\t\t<\/div>\n\t\t\t\t\t<div id=\"elementor-tab-content-1063\" class=\"elementor-tab-content elementor-clearfix\" data-tab=\"3\" role=\"region\" aria-labelledby=\"elementor-tab-title-1063\"><p><span style=\"color: #000000;\">Da es zu umfangreich w\u00e4re, alle Gruppen aufzulisten, hier nur eine stichwortartige Zusammenstellung- verbunden mit der Bitte bei Interesse im Gemeindeb\u00fcro bzw. bei den Pfarrer*Innen nachzufragen:<\/span><\/p><p><span style=\"color: #000000;\"><strong>*Holten, Kastellstra\u00dfe\/ Ecke Schulstra\u00dfe:<\/strong><\/span><\/p><p><span style=\"color: #000000;\">V\u00e4ter Holtens ( Chor) \/ Bandarbeit\/ Gospelchor\/ Caf\u00e9 D (Kulturcaf\u00e9) \/ Mitarbeit im Jugendhaus (: Jugendleiterin: K. Koch)&#8212;&#8212;&#8211; vgl. auch die \u00dcbersicht aller Jugendhausangebote unter: Kinder-und Jugendarbeit\u00a0<\/span><\/p><p><span style=\"color: #000000;\"><strong>*Friedenskirche; Steinbrinkstr.:<\/strong><\/span><\/p><p><span style=\"color: #000000;\">Band Feeneden\/ Sternenzelt (Trauergruppe)\/ Mitarbeit im Jugendkeller\/ Jugendgruppen im Jugendkeller (: Jugendleiter R. Keller)&#8212;&#8212;&#8211; vgl. auch die \u00dcbersicht aller Jugendhausangebote unter: Kinder-und Jugendarbeit\u00a0<\/span><\/p><p><span style=\"color: #000000;\"><strong>*Christuskirche, Weseler Stra\u00dfe:<\/strong><\/span><\/p><p><span style=\"color: #000000;\">Jugendchor\/ Theatergruppe\/ Offener Jugendtreff \/ Mitarbeit im Jugendhaus (:Jugendleiterin S. Kruse))&#8212;&#8212;&#8211; vgl. auch die \u00dcbersicht aller Jugendhausangebote unter: Kinder-und Jugendarbeit\u00a0<\/span><\/p><\/div>\n\t\t\t\t<\/div>\n\t\t\t\t\t\t\t<div class=\"elementor-accordion-item\">\n\t\t\t\t\t<div id=\"elementor-tab-title-1064\" class=\"elementor-tab-title\" data-tab=\"4\" role=\"button\" aria-controls=\"elementor-tab-content-1064\" aria-expanded=\"false\">\n\t\t\t\t\t\t\t\t\t\t\t\t\t<span class=\"elementor-accordion-icon elementor-accordion-icon-left\" aria-hidden=\"true\">\n\t\t\t\t\t\t\t\t\t\t\t\t\t\t\t<i class=\"elementor-accordion-icon-closed fa fa-plus\"><\/i>\n\t\t\t\t\t\t\t\t<i class=\"elementor-accordion-icon-opened fa fa-minus\"><\/i>\n\t\t\t\t\t\t\t\t\t\t\t\t\t\t<\/span>\n\t\t\t\t\t\t\t\t\t\t\t\t<a class=\"elementor-accordion-title\" tabindex=\"0\">M\u00e4nner- und Frauenarbeit<\/a>\n\t\t\t\t\t<\/div>\n\t\t\t\t\t<div id=\"elementor-tab-content-1064\" class=\"elementor-tab-content elementor-clearfix\" data-tab=\"4\" role=\"region\" aria-labelledby=\"elementor-tab-title-1064\"><p><span style=\"color: #000000;\">Da es zu umfangreich w\u00e4re, alle Gruppen aufzulisten, hier nur eine stichwortartige Zusammenstellung- verbunden mit der Bitte bei Interesse im Gemeindeb\u00fcro bzw. bei den Pfarrer*Innen nachzufragen:<\/span><\/p><p><span style=\"color: #000000;\"><strong>*Holten, Kastellstra\u00dfe \/Ecke Schulstra\u00dfe:<\/strong>\u00a0<\/span><\/p><p><span style=\"color: #000000;\">Integrative Band \/ Band Button Down\/ Caf\u00e9 D (Kulturcaf\u00e9)\/ T\u00f6pfern\/Aquarellkurs\/R\u00fcckenschule\/N\u00e4hen \/ Frauenhilfe\/ Yogakurs\/ Fr\u00fchst\u00fccks-und Plauschcaf\u00e9\/ Donnerstags (-hand-arbeits-) kreis\/ MS- Gruppe\/ (Frauen-)Tanzgruppe\/ EAB (Ev. Arbeitnehmer Bewegung): in Holten\/ (Frauen-)Chor Friends\/Amicitia ( M\u00e4nnerchor\/Gospelchor\/ V\u00e4ter Holtens)\/\u00a0 Krabbelgruppe(n)\/ MS- Gruppe<\/span><\/p><p><span style=\"color: #000000;\"><strong>*Friedenskirche, Steinbrinkstra\u00dfe:\u00a0<\/strong><\/span><\/p><p><span style=\"color: #000000;\">Elterncaf\u00e9\/Tagesst\u00e4tte (Treffpunkt f\u00fcr Jung und Alt)\/ Frauenhilfe(n) mit Nachmittagskreis und Abendkreis\/\u00a0 Chor Camerata Madrigale\/Strickgruppen\/ N\u00e4hgruppe\/ Meditativer Tanz\/ Offene T\u00fcr-Arbeit (Jugendkeller)\/ M\u00e4nnerkreis\/ Rheumaliga\/ Gymnastikgruppe\/ Basteltreff f\u00fcr Frauen ( mtl.)\/Qi-Gong\/Hauskreis ( Bibelkreis): Bibel ohne Grenzen\/ Cafe f\u00fcr Trauernde\/ Krabbelgruppe(n)<\/span><\/p><p><span style=\"color: #000000;\"><strong>*Christuskirche, Weseler Stra\u00dfe:<\/strong><\/span><\/p><p><span style=\"color: #000000;\">Morgentreff mit Inhalt\/ Frauenhilfe der Christuskirche\/Wei\u00dfrusslandgruppe\/Kochtreff f. Fl\u00fcchtlinge\/Frauengruppe&#8220;Sektfl\u00f6ten&#8220;\/ Meditationsgruppe\/ Jugendgruppen\/ Callunachor\/Jugendchor\/Wohnzimmerchor\/\u00a0 Akkordeonorchester\/\u00a0 Trommelgruppe Djembe4fun\/ Fibromyalgie\/ Adipositas Gruppe\/ (Frauenchor) Herzdamen\/ sowie:\u00a0<\/span><span style=\"font-weight: 400;\">Frauenhilfe DBH\/Shared Reading\/Ged\u00e4chtnistraining\/ Frauengruppe 40+ <\/span><span style=\"font-weight: 400;\">( Ansprechpartnerin f\u00fcr die vier Letztgenannten: J. Nowak)<\/span><\/p><p><strong><span style=\"color: #000000;\">* Haus Gottesdank,\u00a0 Kirchhellener Stra\u00dfe:<\/span><\/strong><\/p><p>M\u00e4nnerkfr\u00fchst\u00fcc<span style=\"font-weight: 400;\">ksgruppe\u00a0 (Ansprechpartner: U. Heidbreder)<\/span><\/p><\/div>\n\t\t\t\t<\/div>\n\t\t\t\t\t\t\t<div class=\"elementor-accordion-item\">\n\t\t\t\t\t<div id=\"elementor-tab-title-1065\" class=\"elementor-tab-title\" data-tab=\"5\" role=\"button\" aria-controls=\"elementor-tab-content-1065\" aria-expanded=\"false\">\n\t\t\t\t\t\t\t\t\t\t\t\t\t<span class=\"elementor-accordion-icon elementor-accordion-icon-left\" aria-hidden=\"true\">\n\t\t\t\t\t\t\t\t\t\t\t\t\t\t\t<i class=\"elementor-accordion-icon-closed fa fa-plus\"><\/i>\n\t\t\t\t\t\t\t\t<i class=\"elementor-accordion-icon-opened fa fa-minus\"><\/i>\n\t\t\t\t\t\t\t\t\t\t\t\t\t\t<\/span>\n\t\t\t\t\t\t\t\t\t\t\t\t<a class=\"elementor-accordion-title\" tabindex=\"0\">Senior*Innen<\/a>\n\t\t\t\t\t<\/div>\n\t\t\t\t\t<div id=\"elementor-tab-content-1065\" class=\"elementor-tab-content elementor-clearfix\" data-tab=\"5\" role=\"region\" aria-labelledby=\"elementor-tab-title-1065\"><p><span style=\"color: #000000;\">Da es zu umfangreich w\u00e4re, alle Gruppen aufzulisten, hier nur eine stichwortartige Zusammenstellung- verbunden mit der Bitte bei Interesse im Gemeindeb\u00fcro bzw. bei den Pfarrer*Innen nachzufragen:<\/span><\/p><p><span style=\"color: #000000;\"><strong>*Holten, Kastellstra\u00dfe \/Ecke Schulstra\u00dfe:\u00a0<\/strong><\/span><\/p><p><span style=\"color: #000000;\">T\u00f6pfern\/Aquarellkurs\/R\u00fcckenschule\/N\u00e4hen \/ Frauenhilfe\/ Yogakurs\/ Fr\u00fchst\u00fccks-und Plauschcaf\u00e9\/ EAB (Ev. Arbeitnehmer Bewegung &#8211; s.u.) \/ (Frauen-)Chor Friends\/ Amicitia ( M\u00e4nnerchor\/Gospelchor\/ V\u00e4ter Holtens)\/ MS- Gruppe<\/span><\/p><p><span style=\"color: #000000;\"><strong>*Friedenskirche, Steinbrinkstra\u00dfe:\u00a0<\/strong><\/span><\/p><p><span style=\"color: #000000;\">Tagesst\u00e4tte (Treffpunkt f\u00fcr Jung und Alt)\/ Frauenhilfe(n)\/ Frauenhilfe(n) mit Nachmittagskreis und Abendkreis\/ Chor Camerata Madrigale\/Strickgruppen\/\/ N\u00e4hgruppe\/ Meditativer Tanz\/ \/ M\u00e4nnerkreis\/ Skatclub\/ Rheumaliga\/ Gymnastikgruppe\/ Basteltreff f\u00fcr Frauen ( mtl.)\/Qi-Gong\/Hauskreis ( Bibelkreis): Bibel ohne Grenzen\/ Cafe f\u00fcr Trauernde<\/span><\/p><p><span style=\"color: #000000;\"><strong>*Christuskirche, Weseler Stra\u00dfe:<\/strong><\/span><\/p><p><span style=\"color: #000000;\">Morgentreff mit Inhalt\/ Frauenhilfe\/Wei\u00dfrusslandgruppe\/Kochtreff f. Fl\u00fcchtlinge\/Frauengruppe&#8220;Sektfl\u00f6ten&#8220;\/ Meditationsgruppe\/ Callunachor\/Wohnzimmerchor\/\u00a0 Akkordeonorchester\/ Trommelgruppe Djembe4fun\/ Fibromyalgie\/ Adipositas Gruppe\/ (Frauenchor) Herzdamen\/\u00a0 sowie: Frauenhilfe DBH\/ Shared Reading\/ Ged\u00e4chtnistraining\/ Frauengruppe 40+ ( Ansprechpartnerin f\u00fcr die vier Letztgenannten: Jutta Nowak)<\/span><\/p><p><strong>*Haus Gottesdank, Kirchhellener Stra\u00dfe:<\/strong><\/p><p><span style=\"font-family: Roboto, sans-serif; font-size: 18px; font-style: normal; font-variant-ligatures: normal; font-variant-caps: normal; font-weight: 400;\">M\u00e4nnerfr\u00fchst\u00fccksgruppe ( Ansprechpartner: U. Heidbreder)<\/span><\/p><\/div>\n\t\t\t\t<\/div>\n\t\t\t\t\t\t\t<div class=\"elementor-accordion-item\">\n\t\t\t\t\t<div id=\"elementor-tab-title-1066\" class=\"elementor-tab-title\" data-tab=\"6\" role=\"button\" aria-controls=\"elementor-tab-content-1066\" aria-expanded=\"false\">\n\t\t\t\t\t\t\t\t\t\t\t\t\t<span class=\"elementor-accordion-icon elementor-accordion-icon-left\" aria-hidden=\"true\">\n\t\t\t\t\t\t\t\t\t\t\t\t\t\t\t<i class=\"elementor-accordion-icon-closed fa fa-plus\"><\/i>\n\t\t\t\t\t\t\t\t<i class=\"elementor-accordion-icon-opened fa fa-minus\"><\/i>\n\t\t\t\t\t\t\t\t\t\t\t\t\t\t<\/span>\n\t\t\t\t\t\t\t\t\t\t\t\t<a class=\"elementor-accordion-title\" tabindex=\"0\">Fl\u00fcchtlingsarbeit<\/a>\n\t\t\t\t\t<\/div>\n\t\t\t\t\t<div id=\"elementor-tab-content-1066\" class=\"elementor-tab-content elementor-clearfix\" data-tab=\"6\" role=\"region\" aria-labelledby=\"elementor-tab-title-1066\"><p class=\"MsoNormal\"><span style=\"color: #000000;\">Fl\u00fcchtlingsberatungsstelle\u00a0<\/span><br \/><span style=\"color: #000000;\"><!-- [if !supportLineBreakNewLine]--><!--[endif]-->Einzelfallhilfe + Gremienarbeit<\/span><\/p><p class=\"MsoNormal\"><span style=\"color: #000000;\">Marktstr. 152\u00a0<\/span><br \/><span style=\"color: #000000;\">46045 Oberhausen<\/span><\/p><p class=\"MsoNormal\"><span style=\"color: #000000;\">Tel: (0208) 85008 -44 Beratung: Evelyn Meinhard\u00a0<\/span><\/p><p class=\"MsoNormal\"><span style=\"color: #000000;\">Fax: (0208) 85008 -66<\/span><\/p><p class=\"MsoNormal\"><span style=\"color: #000000;\">E-Mail:\u00a0evelyn.meinhard@kirche-oberhausen.de\u00a0<\/span><\/p><p><span style=\"color: #000000;\">Die Fl\u00fcchtlingsberatungsstelle im Kirchenkreis Oberhausen ist der einzige unabh\u00e4ngige Anlaufpunkt f\u00fcr Fl\u00fcchtlinge und Migranten in Oberhausen.<\/span><br \/><span style=\"color: #000000;\">Alle Ev. Gemeinden Oberhausens unterst\u00fctzen die Fl\u00fcchtlingsberatungsstelle durch regelm\u00e4\u00dfige Kollekten.<\/span><\/p><p><span style=\"color: #000000;\">Die Gemeinde Holten-Sterkrade nimmt dar\u00fcberhinaus an verschiedenen Projekten teil.<\/span><\/p><p><span style=\"color: #000000;\">Quelle und weitere Infos:<\/span><\/p><p><span style=\"color: #000000;\">https:\/\/www.ev-kirche-ob.de\/verzeichnis\/visitenkarte.php?mandat=88191<\/span><\/p><\/div>\n\t\t\t\t<\/div>\n\t\t\t\t\t\t\t\t<\/div>\n\t\t\t\t<\/div>\n\t\t\t\t<\/div>\n\t\t\t\t\t<\/div>\n\t\t<\/div>\n\t\t\t\t\t\t\t<\/div>\n\t\t<\/section>\n\t\t\t\t\t\t\t<\/div>\n\t\t","protected":false},"excerpt":{"rendered":"<p>Hier finden Sie unsere Angebote und Informationen f\u00fcr die verschiedensten Altersklassen und Zielgruppen. Auch wenn sich die Angebote manchmal \u00fcberschneiden: es sind so viele, dass hier nur eine grobe \u00dcbersicht gegeben werden kann. Bitte&#46;&#46;&#46;<\/p>\n","protected":false},"author":1,"featured_media":0,"parent":0,"menu_order":0,"comment_status":"closed","ping_status":"closed","template":"","meta":[],"publishpress_future_action":{"enabled":false,"date":"1970-01-01 01:00:00","action":"","terms":[],"taxonomy":"","browser_timezone_offset":0},"_links":{"self":[{"href":"https:\/\/holtensterkrade.de\/index.php?rest_route=\/wp\/v2\/pages\/30"}],"collection":[{"href":"https:\/\/holtensterkrade.de\/index.php?rest_route=\/wp\/v2\/pages"}],"about":[{"href":"https:\/\/holtensterkrade.de\/index.php?rest_route=\/wp\/v2\/types\/page"}],"author":[{"embeddable":true,"href":"https:\/\/holtensterkrade.de\/index.php?rest_route=\/wp\/v2\/users\/1"}],"replies":[{"embeddable":true,"href":"https:\/\/holtensterkrade.de\/index.php?rest_route=%2Fwp%2Fv2%2Fcomments&post=30"}],"version-history":[{"count":101,"href":"https:\/\/holtensterkrade.de\/index.php?rest_route=\/wp\/v2\/pages\/30\/revisions"}],"predecessor-version":[{"id":7164,"href":"https:\/\/holtensterkrade.de\/index.php?rest_route=\/wp\/v2\/pages\/30\/revisions\/7164"}],"wp:attachment":[{"href":"https:\/\/holtensterkrade.de\/index.php?rest_route=%2Fwp%2Fv2%2Fmedia&parent=30"}],"curies":[{"name":"wp","href":"https:\/\/api.w.org\/{rel}","templated":true}]}}