{"id":300,"date":"2019-02-22T12:42:10","date_gmt":"2019-02-22T11:42:10","guid":{"rendered":"http:\/\/holtensterkrade.de\/?page_id=300"},"modified":"2026-01-19T13:50:27","modified_gmt":"2026-01-19T12:50:27","slug":"kleidersammlung-bethel","status":"publish","type":"page","link":"https:\/\/holtensterkrade.de\/?page_id=300","title":{"rendered":"Kleidersammlung Bethel"},"content":{"rendered":"<h3><span style=\"color: #000000;\">Altkleider spenden ist Vertrauenssache<\/span><\/h3>\n<p><span style=\"color: #000000;\"><strong>Was heute noch \u201ein\u201c ist, kann morgen schon wieder \u201eout\u201c sein.<\/strong><\/span><\/p>\n<p><span style=\"color: #000000;\">Jedes Jahr werden ca. eine Million Tonnen Textilien aus deutschen Kleiderschr\u00e4nken aussortiert. Das meiste davon wird \u00fcber Gemeindesammlungen oder Kleidercontainer erfasst. Viele Menschen m\u00f6chten mit Ihrer aussortierten Kleidung etwas Gutes tun, die soziale Arbeit unterst\u00fctzen oder einen Beitrag zur Nachhaltigkeit leisten.<\/span><\/p>\n<p><span style=\"color: #000000;\">Die Brockensammlung Bethel sammelt davon j\u00e4hrlich rund 10.000 Tonnen Altkleider. Damit ist sie einer der gr\u00f6\u00dften karitativen Kleidersammler in Deutschland.<\/span><\/p>\n<p><span style=\"color: #000000;\">Als Mitglied des Dachverbandes FairWertung hat sie sich auf den FairWertung-Verhaltenskodex f\u00fcr faire Sammlung und Vermarktung verpflichtet, deren Einhaltung regelm\u00e4\u00dfig \u00fcberpr\u00fcft wird.<\/span><\/p>\n<p><span style=\"color: #000000;\">Die Erl\u00f6se aus den Kleiderspenden werden f\u00fcr die diakonische Arbeit der v.\u00a0Bodelschwinghschen Stiftungen Bethel eingesetzt.<\/span><\/p>\n<p><span style=\"color: #000000;\">Quelle und weitere Infos: https:\/\/www.brockensammlung-bethel.de\/kleiderspenden\/<\/span><\/p>\n<p><span style=\"color: #000000;\">In unserer Gemeinde finden die Sammlungen regelm\u00e4\u00dfig zweimal j\u00e4hrlich- im Fr\u00fchjahr und im Herbst-\u00a0 statt.\u00a0<\/span><\/p>\n<p>&nbsp;<\/p>\n<p><img loading=\"lazy\" class=\"wp-image-4960 size-full alignleft\" src=\"https:\/\/holtensterkrade.de\/wp-content\/uploads\/2022\/05\/ERWACHSENE-Bethel.jpg\" alt=\"\" width=\"496\" height=\"158\" srcset=\"https:\/\/holtensterkrade.de\/wp-content\/uploads\/2022\/05\/ERWACHSENE-Bethel.jpg 496w, https:\/\/holtensterkrade.de\/wp-content\/uploads\/2022\/05\/ERWACHSENE-Bethel-300x96.jpg 300w\" sizes=\"(max-width: 496px) 100vw, 496px\" \/><\/p>\n<p>&nbsp;<\/p>\n<p>&nbsp;<\/p>\n<p>&nbsp;<\/p>\n<p>&nbsp;<\/p>\n<p>&nbsp;<\/p>\n<p>Die n\u00e4chste Kleidersammlung in unserer Gemeinde findet statt in der Zeit vom:<\/p>\n<p>15.- 21. Oktober 2025<\/p>\n<p>Die Abgabestellen sind die Ev. Gemeindeh\u00e4user:<\/p>\n<p>Schulstr. 3 \/ Weseler Str. 107<\/p>\n<p>in der Zeit von 8.00-12.00 Uhr und von 15.00- 18.00 Uhr<\/p>\n<p>&nbsp;<\/p>\n","protected":false},"excerpt":{"rendered":"<p>Altkleider spenden ist Vertrauenssache Was heute noch \u201ein\u201c ist, kann morgen schon wieder \u201eout\u201c sein. Jedes Jahr werden ca. eine Million Tonnen Textilien aus deutschen Kleiderschr\u00e4nken aussortiert. Das meiste davon wird \u00fcber Gemeindesammlungen oder&#46;&#46;&#46;<\/p>\n","protected":false},"author":1,"featured_media":489,"parent":0,"menu_order":0,"comment_status":"closed","ping_status":"closed","template":"","meta":[],"publishpress_future_action":{"enabled":false,"date":"1970-01-01 01:00:00","action":"","terms":[],"taxonomy":"","browser_timezone_offset":0},"_links":{"self":[{"href":"https:\/\/holtensterkrade.de\/index.php?rest_route=\/wp\/v2\/pages\/300"}],"collection":[{"href":"https:\/\/holtensterkrade.de\/index.php?rest_route=\/wp\/v2\/pages"}],"about":[{"href":"https:\/\/holtensterkrade.de\/index.php?rest_route=\/wp\/v2\/types\/page"}],"author":[{"embeddable":true,"href":"https:\/\/holtensterkrade.de\/index.php?rest_route=\/wp\/v2\/users\/1"}],"replies":[{"embeddable":true,"href":"https:\/\/holtensterkrade.de\/index.php?rest_route=%2Fwp%2Fv2%2Fcomments&post=300"}],"version-history":[{"count":32,"href":"https:\/\/holtensterkrade.de\/index.php?rest_route=\/wp\/v2\/pages\/300\/revisions"}],"predecessor-version":[{"id":7801,"href":"https:\/\/holtensterkrade.de\/index.php?rest_route=\/wp\/v2\/pages\/300\/revisions\/7801"}],"wp:featuredmedia":[{"embeddable":true,"href":"https:\/\/holtensterkrade.de\/index.php?rest_route=\/wp\/v2\/media\/489"}],"wp:attachment":[{"href":"https:\/\/holtensterkrade.de\/index.php?rest_route=%2Fwp%2Fv2%2Fmedia&parent=300"}],"curies":[{"name":"wp","href":"https:\/\/api.w.org\/{rel}","templated":true}]}}