{"id":306,"date":"2019-02-22T12:44:43","date_gmt":"2019-02-22T11:44:43","guid":{"rendered":"http:\/\/holtensterkrade.de\/?page_id=306"},"modified":"2020-01-31T10:25:14","modified_gmt":"2020-01-31T09:25:14","slug":"spz-sozialpsychiatrisches-gesundheitszentrum","status":"publish","type":"page","link":"https:\/\/holtensterkrade.de\/?page_id=306","title":{"rendered":"Psychosoziales Gesundheitszentrum (PGZ \/ fr\u00fcher: SPZ)"},"content":{"rendered":"<p class=\"tiny_p\"><span style=\"color: #000000;\">Das Sozialpsychiatrische Zentrum (SPZ) begleitet psychisch kranke Menschen, die aus station\u00e4rer Behandlung entlassen wurden und in vielen F\u00e4llen nicht wieder dort ankn\u00fcpfen k\u00f6nnen, wo die seelische Krise ihr Leben unterbrochen hat. Die Erkrankten haben h\u00e4ufig den Arbeitsplatz und die Wohnung verloren, sind verletzlich, leiden unter \u00c4ngsten und Einsamkeit.<\/span><\/p>\n<p class=\"tiny_p\"><span style=\"color: #000000;\">Das SPZ bietet Beratung und Unterst\u00fctzung zur Wiedererlangung eines selbst\u00e4ndigen Lebens. Auf dem Weg dahin begleiten wir auch die Angeh\u00f6rigen. Je nachdem, wie Sie es m\u00f6chten oder k\u00f6nnen, kommen wir zu Ihnen ins Haus, f\u00fchren im SPZ Gespr\u00e4che oder begleiten Sie bei wichtigen Erledigungen.<\/span><\/p>\n<p class=\"tiny_p\"><span style=\"color: #000000;\"><strong>Das Spektrum des SPZ:<\/strong><\/span><\/p>\n<ul>\n<li><span style=\"color: #000000;\">Vermittlung psychosozialer Hilfen und \u00e4rztlicher Versorgung<\/span><\/li>\n<li><span style=\"color: #000000;\">Begleitung durch Lebenskrisen und deren gemeinsame Bew\u00e4ltigung<\/span><\/li>\n<li><span style=\"color: #000000;\">Erarbeitung einer Tagesstruktur<\/span><\/li>\n<li><span style=\"color: #000000;\">aktivierendes Training<\/span><\/li>\n<li><span style=\"color: #000000;\">Hilfestellung bei Beh\u00f6rdenangelegenheiten<\/span><\/li>\n<li><span style=\"color: #000000;\">Hilfe zur Selbsthilfe<\/span><\/li>\n<li><span style=\"color: #000000;\">Hilfen f\u00fcr Angeh\u00f6rige<\/span><\/li>\n<li><span style=\"color: #000000;\">Hausbesuche<\/span><\/li>\n<li><span style=\"color: #000000;\">Gruppenarbeit<\/span><\/li>\n<\/ul>\n<p class=\"tiny_p\"><span style=\"color: #000000;\">Die Hilfen sind nicht zeitlich befristet.<\/span><\/p>\n<p><span style=\"color: #000000;\">Steinbrinkstr-158\u00a0 \u00a0 \u00a0 \u00a046145 Oberhausen<\/span><\/p>\n<p><span style=\"color: #000000;\">Tel: (0208) 6358700\u00a0 Fax: (0208) 635870-24<\/span><\/p>\n<p><span style=\"color: #000000;\">\u00d6ffnungszeiten:<\/span><br \/>\n<span style=\"color: #000000;\">Montag &#8211; Donnerstag 8.30 Uhr \u2013 17.00 Uhr<\/span><br \/>\n<span style=\"color: #000000;\">Freitag 8.30 Uhr \u2013 14.00 Uhr<\/span><br \/>\n<span style=\"color: #000000;\">Gespr\u00e4chstermine nach Vereinbarung<\/span><\/p>\n<p>Internet: https:\/\/www.diakonie-oberhausen.de\/<\/p>\n<p>&nbsp;<\/p>\n<p style=\"text-align: right;\"><span style=\"color: #000000;\">Quelle: https:\/\/www.ev-kirche-ob.de\/verzeichnis\/visitenkarte.php?mandat=88045<\/span><\/p>\n<p>&nbsp;<\/p>\n<p>&nbsp;<\/p>\n<p>&nbsp;<\/p>\n","protected":false},"excerpt":{"rendered":"<p>Das Sozialpsychiatrische Zentrum (SPZ) begleitet psychisch kranke Menschen, die aus station\u00e4rer Behandlung entlassen wurden und in vielen F\u00e4llen nicht wieder dort ankn\u00fcpfen k\u00f6nnen, wo die seelische Krise ihr Leben unterbrochen hat. Die Erkrankten haben&#46;&#46;&#46;<\/p>\n","protected":false},"author":1,"featured_media":505,"parent":0,"menu_order":0,"comment_status":"closed","ping_status":"closed","template":"","meta":[],"publishpress_future_action":{"enabled":false,"date":"1970-01-01 01:00:00","action":"","terms":[],"taxonomy":"","browser_timezone_offset":0},"_links":{"self":[{"href":"https:\/\/holtensterkrade.de\/index.php?rest_route=\/wp\/v2\/pages\/306"}],"collection":[{"href":"https:\/\/holtensterkrade.de\/index.php?rest_route=\/wp\/v2\/pages"}],"about":[{"href":"https:\/\/holtensterkrade.de\/index.php?rest_route=\/wp\/v2\/types\/page"}],"author":[{"embeddable":true,"href":"https:\/\/holtensterkrade.de\/index.php?rest_route=\/wp\/v2\/users\/1"}],"replies":[{"embeddable":true,"href":"https:\/\/holtensterkrade.de\/index.php?rest_route=%2Fwp%2Fv2%2Fcomments&post=306"}],"version-history":[{"count":11,"href":"https:\/\/holtensterkrade.de\/index.php?rest_route=\/wp\/v2\/pages\/306\/revisions"}],"predecessor-version":[{"id":1785,"href":"https:\/\/holtensterkrade.de\/index.php?rest_route=\/wp\/v2\/pages\/306\/revisions\/1785"}],"wp:featuredmedia":[{"embeddable":true,"href":"https:\/\/holtensterkrade.de\/index.php?rest_route=\/wp\/v2\/media\/505"}],"wp:attachment":[{"href":"https:\/\/holtensterkrade.de\/index.php?rest_route=%2Fwp%2Fv2%2Fmedia&parent=306"}],"curies":[{"name":"wp","href":"https:\/\/api.w.org\/{rel}","templated":true}]}}