{"id":308,"date":"2019-02-22T12:45:06","date_gmt":"2019-02-22T11:45:06","guid":{"rendered":"http:\/\/holtensterkrade.de\/?page_id=308"},"modified":"2020-12-19T08:49:32","modified_gmt":"2020-12-19T07:49:32","slug":"verein-zur-foerderung-der-jugend-in-holten-sterkrade","status":"publish","type":"page","link":"https:\/\/holtensterkrade.de\/?page_id=308","title":{"rendered":"Verein zur F\u00f6rderung der Jugend in Holten-Sterkrade"},"content":{"rendered":"<p>&nbsp;<\/p>\n<p><span style=\"color: #000000;\">Die Kinder- und Jugendarbeit in der evangelischen Kirchengemeinde Holten-Sterkrade ist vielf\u00e4ltig und bereichert diese Oberhausener Stadtteile. Gleichwohl fehlt es manchmal an den Mitteln, um weitere gute Ideen umzusetzen.<\/span><\/p>\n<p><span style=\"color: #000000;\">Aus diesem Grund wurde der \u201eVerein zur F\u00f6rderung der Ev. Kinder- und Jugendarbeit Holten-Sterkrade e.V.\u201c 2015 durch Ehrenamtliche mit beratender Unterst\u00fctzung der evangelischen Jugendleiter gegr\u00fcndet. Er ist im Vereinsregister registriert und als gemeinn\u00fctzig anerkannt. In 2016 wurden die notwendigen Grundlagen geschaffen und bereits erste F\u00f6rderma\u00dfnahmen f\u00fcr Jugendfreizeiten ergriffen. Seit 2017 nimmt der Verein auch gr\u00f6\u00dfere Vorhaben in Angriff.\u00a0Wir m\u00f6chten das Leben der Kinder und Jugendlichen in unserem Wirkungsbereich so pragmatisch wie m\u00f6glich bereichern.<\/span><\/p>\n<p><span style=\"color: #000000;\">Laut\u00a0Satzung\u00a0ist der Zweck des Vereins die F\u00f6rderung der Kinder- und Jugendarbeit\u00a0innerhalb der Evangelischen Kirchengemeinde Holten-Sterkrade in ideeller,\u00a0materieller und finanzieller Form.<\/span><\/p>\n<p><span style=\"color: #000000;\">Wir bem\u00fchen uns, f\u00fcr sonst nicht umsetzbare Projekte und Anschaffung innerhalb der Jugendarbeit Finanzmittel zu beschaffen. Die bisher eingenommenen Gelder stammen aus Mitgliedsbeitr\u00e4gen, kleineren Veranstaltungen und teils zweckgebundenen Spenden.<\/span><\/p>\n<p><span style=\"color: #000000;\">Quelle und weiter Infos:<\/span><\/p>\n<p><span style=\"color: #000000;\">www.foerderHS.de<\/span><\/p>\n","protected":false},"excerpt":{"rendered":"<p>&nbsp; Die Kinder- und Jugendarbeit in der evangelischen Kirchengemeinde Holten-Sterkrade ist vielf\u00e4ltig und bereichert diese Oberhausener Stadtteile. Gleichwohl fehlt es manchmal an den Mitteln, um weitere gute Ideen umzusetzen. Aus diesem Grund wurde der&#46;&#46;&#46;<\/p>\n","protected":false},"author":1,"featured_media":0,"parent":0,"menu_order":0,"comment_status":"closed","ping_status":"closed","template":"","meta":[],"publishpress_future_action":{"enabled":false,"date":"1970-01-01 01:00:00","action":"","terms":[],"taxonomy":"","browser_timezone_offset":0},"_links":{"self":[{"href":"https:\/\/holtensterkrade.de\/index.php?rest_route=\/wp\/v2\/pages\/308"}],"collection":[{"href":"https:\/\/holtensterkrade.de\/index.php?rest_route=\/wp\/v2\/pages"}],"about":[{"href":"https:\/\/holtensterkrade.de\/index.php?rest_route=\/wp\/v2\/types\/page"}],"author":[{"embeddable":true,"href":"https:\/\/holtensterkrade.de\/index.php?rest_route=\/wp\/v2\/users\/1"}],"replies":[{"embeddable":true,"href":"https:\/\/holtensterkrade.de\/index.php?rest_route=%2Fwp%2Fv2%2Fcomments&post=308"}],"version-history":[{"count":8,"href":"https:\/\/holtensterkrade.de\/index.php?rest_route=\/wp\/v2\/pages\/308\/revisions"}],"predecessor-version":[{"id":3460,"href":"https:\/\/holtensterkrade.de\/index.php?rest_route=\/wp\/v2\/pages\/308\/revisions\/3460"}],"wp:attachment":[{"href":"https:\/\/holtensterkrade.de\/index.php?rest_route=%2Fwp%2Fv2%2Fmedia&parent=308"}],"curies":[{"name":"wp","href":"https:\/\/api.w.org\/{rel}","templated":true}]}}