{"id":322,"date":"2019-02-22T13:27:54","date_gmt":"2019-02-22T12:27:54","guid":{"rendered":"http:\/\/holtensterkrade.de\/?page_id=322"},"modified":"2025-09-10T13:06:28","modified_gmt":"2025-09-10T11:06:28","slug":"gemeindeverbunden","status":"publish","type":"page","link":"https:\/\/holtensterkrade.de\/?page_id=322","title":{"rendered":"gemeindeverbunden"},"content":{"rendered":"\t\t<div data-elementor-type=\"wp-post\" data-elementor-id=\"322\" class=\"elementor elementor-322\">\n\t\t\t\t\t\t\t\t\t<section class=\"elementor-section elementor-top-section elementor-element elementor-element-88113c1 elementor-section-boxed elementor-section-height-default elementor-section-height-default\" data-id=\"88113c1\" data-element_type=\"section\">\n\t\t\t\t\t\t<div class=\"elementor-container elementor-column-gap-default\">\n\t\t\t\t\t<div class=\"elementor-column elementor-col-100 elementor-top-column elementor-element elementor-element-3f21dc6\" data-id=\"3f21dc6\" data-element_type=\"column\">\n\t\t\t<div class=\"elementor-widget-wrap elementor-element-populated\">\n\t\t\t\t\t\t\t\t<div class=\"elementor-element elementor-element-9a593c5 elementor-widget elementor-widget-text-editor\" data-id=\"9a593c5\" data-element_type=\"widget\" data-widget_type=\"text-editor.default\">\n\t\t\t\t<div class=\"elementor-widget-container\">\n\t\t\t\t\t\t\t<p><span style=\"color: #000000;\">Wir sind eine recht musikalische Gemeinde. Von der Teenie Band zum Jugendchor und vom Gospelchor, \u00fcber M\u00e4nnerch\u00f6re ( klassisch der eine- rockig der andere) bis hin zum klassischen Kirchenchor reicht die gesangliche Palette. Instrumental kommen noch weitere Angebote hinzu.<\/span><\/p><p><span style=\"color: #000000;\">Manche Musikangebote in dieser Gemeinde werden aber von nicht von uns, als Gemeinde, sondern von Kooperationspartnern, die unter dem Dach der Gemeinde t\u00e4tig sind\u00a0\u00a0<em>gemeindeverbunden<\/em>\u00a0angeboten. Entsprechend sind die Musikangebote deshalb auch gelistet unter:\u00a0<em>Musik\/ der Gemeind<\/em>e\u2014 und:\u00a0<em>Musik\/ gemeindeverbunden<\/em>\u00a0<\/span><\/p>\t\t\t\t\t\t<\/div>\n\t\t\t\t<\/div>\n\t\t\t\t\t<\/div>\n\t\t<\/div>\n\t\t\t\t\t\t\t<\/div>\n\t\t<\/section>\n\t\t\t\t<section class=\"elementor-section elementor-top-section elementor-element elementor-element-8a53c72 elementor-section-boxed elementor-section-height-default elementor-section-height-default\" data-id=\"8a53c72\" data-element_type=\"section\">\n\t\t\t\t\t\t<div class=\"elementor-container elementor-column-gap-default\">\n\t\t\t\t\t<div class=\"elementor-column elementor-col-100 elementor-top-column elementor-element elementor-element-d1e848c\" data-id=\"d1e848c\" data-element_type=\"column\">\n\t\t\t<div class=\"elementor-widget-wrap elementor-element-populated\">\n\t\t\t\t\t\t\t\t<div class=\"elementor-element elementor-element-33029ad elementor-tabs-view-horizontal elementor-widget elementor-widget-tabs\" data-id=\"33029ad\" data-element_type=\"widget\" data-widget_type=\"tabs.default\">\n\t\t\t\t<div class=\"elementor-widget-container\">\n\t\t\t\t\t<div class=\"elementor-tabs\">\n\t\t\t<div class=\"elementor-tabs-wrapper\" role=\"tablist\" >\n\t\t\t\t\t\t\t\t\t<div id=\"elementor-tab-title-5341\" class=\"elementor-tab-title elementor-tab-desktop-title\" aria-selected=\"true\" data-tab=\"1\" role=\"tab\" tabindex=\"0\" aria-controls=\"elementor-tab-content-5341\" aria-expanded=\"false\">A-D<\/div>\n\t\t\t\t\t\t\t\t\t<div id=\"elementor-tab-title-5342\" class=\"elementor-tab-title elementor-tab-desktop-title\" aria-selected=\"false\" data-tab=\"2\" role=\"tab\" tabindex=\"-1\" aria-controls=\"elementor-tab-content-5342\" aria-expanded=\"false\">E-H<\/div>\n\t\t\t\t\t\t\t\t\t<div id=\"elementor-tab-title-5343\" class=\"elementor-tab-title elementor-tab-desktop-title\" aria-selected=\"false\" data-tab=\"3\" role=\"tab\" tabindex=\"-1\" aria-controls=\"elementor-tab-content-5343\" aria-expanded=\"false\">I-L<\/div>\n\t\t\t\t\t\t\t\t\t<div id=\"elementor-tab-title-5344\" class=\"elementor-tab-title elementor-tab-desktop-title\" aria-selected=\"false\" data-tab=\"4\" role=\"tab\" tabindex=\"-1\" aria-controls=\"elementor-tab-content-5344\" aria-expanded=\"false\">M-P<\/div>\n\t\t\t\t\t\t\t\t\t<div id=\"elementor-tab-title-5345\" class=\"elementor-tab-title elementor-tab-desktop-title\" aria-selected=\"false\" data-tab=\"5\" role=\"tab\" tabindex=\"-1\" aria-controls=\"elementor-tab-content-5345\" aria-expanded=\"false\">Q-T<\/div>\n\t\t\t\t\t\t\t\t\t<div id=\"elementor-tab-title-5346\" class=\"elementor-tab-title elementor-tab-desktop-title\" aria-selected=\"false\" data-tab=\"6\" role=\"tab\" tabindex=\"-1\" aria-controls=\"elementor-tab-content-5346\" aria-expanded=\"false\">U-Z<\/div>\n\t\t\t\t\t\t\t<\/div>\n\t\t\t<div class=\"elementor-tabs-content-wrapper\" role=\"tablist\" aria-orientation=\"vertical\">\n\t\t\t\t\t\t\t\t\t<div class=\"elementor-tab-title elementor-tab-mobile-title\" aria-selected=\"true\" data-tab=\"1\" role=\"tab\" tabindex=\"0\" aria-controls=\"elementor-tab-content-5341\" aria-expanded=\"false\">A-D<\/div>\n\t\t\t\t\t<div id=\"elementor-tab-content-5341\" class=\"elementor-tab-content elementor-clearfix\" data-tab=\"1\" role=\"tabpanel\" aria-labelledby=\"elementor-tab-title-5341\" tabindex=\"0\" hidden=\"false\"><p><span style=\"color: #000000;\">* AKKORDEONORCHESTER: probt an der Christuskirche ( GemHaus) dienstags von 19.00- 21.00 Uhr, Leitung Herr Frericks<\/span><\/p><p><span style=\"color: #000000;\">* AMICITIA= S\u00e4ngervereinigung Amicitia 1845 Holten e.V.: eine traditionsreiche Chorgemeinschaft, die mit ihren vielen Ablegern ( Gospelchor &#8222;Joyful Noise&#8220;\/ V\u00e4ter Holtens,&#8230;) unter dem Dach des Holtener Gemeindezentrums probt. Weitere Infos siehe: <a href=\"http:\/\/www.amicitiaholten.de\">www.amicitiaholten.de<\/a><\/span><\/p><p><span style=\"color: #000000;\">* BUTTON DOWN: (Swing,Jazz &amp;co)\u00a0 Band im Gemeindehaus Holten, Proben: Montags 18.15-21.00 Uhr<\/span><\/p><p><span style=\"color: #000000;\">*CAMERATA MADRIGALE<\/span><\/p><p><span style=\"color: #000000;\">*COX ORANGE:\u00a0Blues, Folk und Jazz f\u00fcr eine Stimme und (mindestens) eine Gitarre;\u00a0 mal eigene, mal fremde Songs; mal in Konzerten, mal in Gottesdiensten.\u00a0 \u00a0 Ansprechpartner: Bettina und Volker Heil, Tel.: 0208 6293166,\u00a0 \u00a0 \u00a0 \u00a0 \u00a0 \u00a0 \u00a0 \u00a0 \u00a0 \u00a0 \u00a0 \u00a0 \u00a0 \u00a0 \u00a0 \u00a0 \u00a0 \u00a0 E-Mail: band@coxorange.org\u00a0 \u00a0 \u00a0 \u00a0 \u00a0 \u00a0 \u00a0 \u00a0Homepage: www.feeneden.de\u00a0 \u00a0\u00a0<\/span><\/p><\/div>\n\t\t\t\t\t\t\t\t\t<div class=\"elementor-tab-title elementor-tab-mobile-title\" aria-selected=\"false\" data-tab=\"2\" role=\"tab\" tabindex=\"-1\" aria-controls=\"elementor-tab-content-5342\" aria-expanded=\"false\">E-H<\/div>\n\t\t\t\t\t<div id=\"elementor-tab-content-5342\" class=\"elementor-tab-content elementor-clearfix\" data-tab=\"2\" role=\"tabpanel\" aria-labelledby=\"elementor-tab-title-5342\" tabindex=\"0\" hidden=\"hidden\"><p><span style=\"color: #000000;\">*Frauenchor FRIENDS\u00a0<\/span><\/p><p>Wir sind derzeit 32 Frauen ab 40 Jahre und singen ohne Noten und Textblatt aber mit Power und Austrahlung, deutsche und englische Songs aus jedem Jahrzehnt und jeder Musikrichtung.<\/p><p>Proben finden ausserhalb der Ferien jeden Donnerstag um 20:15 im Gemeindehaus an der Schulstr.3, statt. Musikalischer Leiter : Jens Langenberg<\/p><p><span style=\"color: #000000;\">*FROHSINN &amp; RABATZ: die integrative Band des Alsbachtales in den R\u00e4umen des Gemeindezentrums Holten, Schulstr.3, Proben: Montags 17.00-18.00 Uhr<\/span><\/p><p>*GOSPELCHOR: s. Joyful Noise<\/p><p><span style=\"color: #000000;\">*HERZDAMEN: Frauenchor an der Christuskirche<\/span><\/p><\/div>\n\t\t\t\t\t\t\t\t\t<div class=\"elementor-tab-title elementor-tab-mobile-title\" aria-selected=\"false\" data-tab=\"3\" role=\"tab\" tabindex=\"-1\" aria-controls=\"elementor-tab-content-5343\" aria-expanded=\"false\">I-L<\/div>\n\t\t\t\t\t<div id=\"elementor-tab-content-5343\" class=\"elementor-tab-content elementor-clearfix\" data-tab=\"3\" role=\"tabpanel\" aria-labelledby=\"elementor-tab-title-5343\" tabindex=\"0\" hidden=\"hidden\"><p>*INTEGRATIVE BAND: (Alsbachtal) im Gemeindezentrum Holten, Proben: Montags 17.00- 18.00 Uhr<\/p><p><span style=\"color: #000000;\">*JOYFUL NOISE: der (gemischte) Gospelchor der Amicitia e.V. im Gemeindezentrum Holten, Schulstr.3, Proben: Freitags von 18.00-19.45 Uhr<\/span><\/p><\/div>\n\t\t\t\t\t\t\t\t\t<div class=\"elementor-tab-title elementor-tab-mobile-title\" aria-selected=\"false\" data-tab=\"4\" role=\"tab\" tabindex=\"-1\" aria-controls=\"elementor-tab-content-5344\" aria-expanded=\"false\">M-P<\/div>\n\t\t\t\t\t<div id=\"elementor-tab-content-5344\" class=\"elementor-tab-content elementor-clearfix\" data-tab=\"4\" role=\"tabpanel\" aria-labelledby=\"elementor-tab-title-5344\" tabindex=\"0\" hidden=\"hidden\"><\/div>\n\t\t\t\t\t\t\t\t\t<div class=\"elementor-tab-title elementor-tab-mobile-title\" aria-selected=\"false\" data-tab=\"5\" role=\"tab\" tabindex=\"-1\" aria-controls=\"elementor-tab-content-5345\" aria-expanded=\"false\">Q-T<\/div>\n\t\t\t\t\t<div id=\"elementor-tab-content-5345\" class=\"elementor-tab-content elementor-clearfix\" data-tab=\"5\" role=\"tabpanel\" aria-labelledby=\"elementor-tab-title-5345\" tabindex=\"0\" hidden=\"hidden\"><p><span style=\"color: #000000;\">*THE SPONS: Rock- und Pop- Band in kleiner Besetzung; Coversongs und Eigenes f\u00fcr Events und Gottesdienste.\u00a0 \u00a0 \u00a0 \u00a0 \u00a0 \u00a0 \u00a0 \u00a0 \u00a0 \u00a0 \u00a0 \u00a0 \u00a0 \u00a0 \u00a0 \u00a0 \u00a0 \u00a0 \u00a0 \u00a0 \u00a0 \u00a0 \u00a0 \u00a0 \u00a0 \u00a0 \u00a0 \u00a0 \u00a0 \u00a0 \u00a0 \u00a0 \u00a0 Ansprechpartner: Tabea und Jonathan Heil, Tel.: 0208 6293166,\u00a0 \u00a0 \u00a0 \u00a0 \u00a0 \u00a0 \u00a0 \u00a0 \u00a0 \u00a0 \u00a0 \u00a0 \u00a0 \u00a0 \u00a0 \u00a0E-Mail: band@thespons.de<\/span><\/p><\/div>\n\t\t\t\t\t\t\t\t\t<div class=\"elementor-tab-title elementor-tab-mobile-title\" aria-selected=\"false\" data-tab=\"6\" role=\"tab\" tabindex=\"-1\" aria-controls=\"elementor-tab-content-5346\" aria-expanded=\"false\">U-Z<\/div>\n\t\t\t\t\t<div id=\"elementor-tab-content-5346\" class=\"elementor-tab-content elementor-clearfix\" data-tab=\"6\" role=\"tabpanel\" aria-labelledby=\"elementor-tab-title-5346\" tabindex=\"0\" hidden=\"hidden\"><p>*V\u00c4TER<span style=\"color: #000000;\"> HOLTENS: (Amicitia e.V.) ein M\u00e4nnerchor, der sich auf\u00a0 Rock- und Pop- Titel spezialisiert hat. Proben: Freitags im Gemeindezentrum Holten von 20.00-21.30 Uhr<\/span><\/p><p><span style=\"color: #000000;\">*WOHNZIMMERCHOR: (gemischter Chor) der seinen ungew\u00f6hnlichen Namen daher hat, weil er lange Zeit in den Wohnzimmern seiner Mitglieder geprobt hat<\/span><\/p><p><span style=\"color: #000000;\">*YOUNG GENERATION:\u00a0<\/span>&#8230;\u00a0\u00a0ist ein Jugendchor, der von Rolf Illgner und Christian Schnitger geleitet und auf die Konzerte vorbereitet wird.\u00a0\u00a0<span style=\"font-weight: 400;\">Jugendliche und junge Erwachsene, die Lust und Laune auf Musik haben sollten einfach mal zu einer Probe mit Young Generation erscheinen und mitmachen. Geprobt wird immer mittwochs von 19:00Uhr bis 21:00Uhr im Gemeindehaus an der Weseler Stra\u00dfe. Informationen gibt es auch auf Facebook und unter:\u00a0<\/span><\/p><p>www.young-generation-ob.de\u00a0 \u00a0 \u00a0 \u00a0 \u00a0 \u00a0 \u00a0 \u00a0 \u00a0 \u00a0 \u00a0 \u00a0\u00a0Rolf Illgner<\/p><\/div>\n\t\t\t\t\t\t\t<\/div>\n\t\t<\/div>\n\t\t\t\t<\/div>\n\t\t\t\t<\/div>\n\t\t\t\t\t<\/div>\n\t\t<\/div>\n\t\t\t\t\t\t\t<\/div>\n\t\t<\/section>\n\t\t\t\t\t\t\t<\/div>\n\t\t","protected":false},"excerpt":{"rendered":"<p>Wir sind eine recht musikalische Gemeinde. Von der Teenie Band zum Jugendchor und vom Gospelchor, \u00fcber M\u00e4nnerch\u00f6re ( klassisch der eine- rockig der andere) bis hin zum klassischen Kirchenchor reicht die gesangliche Palette. Instrumental&#46;&#46;&#46;<\/p>\n","protected":false},"author":1,"featured_media":0,"parent":0,"menu_order":0,"comment_status":"closed","ping_status":"closed","template":"","meta":[],"publishpress_future_action":{"enabled":false,"date":"1970-01-01 01:00:00","action":"","terms":[],"taxonomy":"","browser_timezone_offset":0},"_links":{"self":[{"href":"https:\/\/holtensterkrade.de\/index.php?rest_route=\/wp\/v2\/pages\/322"}],"collection":[{"href":"https:\/\/holtensterkrade.de\/index.php?rest_route=\/wp\/v2\/pages"}],"about":[{"href":"https:\/\/holtensterkrade.de\/index.php?rest_route=\/wp\/v2\/types\/page"}],"author":[{"embeddable":true,"href":"https:\/\/holtensterkrade.de\/index.php?rest_route=\/wp\/v2\/users\/1"}],"replies":[{"embeddable":true,"href":"https:\/\/holtensterkrade.de\/index.php?rest_route=%2Fwp%2Fv2%2Fcomments&post=322"}],"version-history":[{"count":30,"href":"https:\/\/holtensterkrade.de\/index.php?rest_route=\/wp\/v2\/pages\/322\/revisions"}],"predecessor-version":[{"id":7558,"href":"https:\/\/holtensterkrade.de\/index.php?rest_route=\/wp\/v2\/pages\/322\/revisions\/7558"}],"wp:attachment":[{"href":"https:\/\/holtensterkrade.de\/index.php?rest_route=%2Fwp%2Fv2%2Fmedia&parent=322"}],"curies":[{"name":"wp","href":"https:\/\/api.w.org\/{rel}","templated":true}]}}