{"id":3441,"date":"2020-12-18T14:58:05","date_gmt":"2020-12-18T13:58:05","guid":{"rendered":"https:\/\/holtensterkrade.de\/?page_id=3441"},"modified":"2020-12-23T09:28:42","modified_gmt":"2020-12-23T08:28:42","slug":"kinderseite-zu-weihnachten","status":"publish","type":"page","link":"https:\/\/holtensterkrade.de\/?page_id=3441","title":{"rendered":"Kinderseite zu Weihnachten"},"content":{"rendered":"<p><img loading=\"lazy\" class=\"alignright wp-image-3453 size-large\" src=\"https:\/\/holtensterkrade.de\/wp-content\/uploads\/2020\/12\/WKrippe-768x1024.jpg\" alt=\"\" width=\"768\" height=\"1024\" srcset=\"https:\/\/holtensterkrade.de\/wp-content\/uploads\/2020\/12\/WKrippe-768x1024.jpg 768w, https:\/\/holtensterkrade.de\/wp-content\/uploads\/2020\/12\/WKrippe-225x300.jpg 225w, https:\/\/holtensterkrade.de\/wp-content\/uploads\/2020\/12\/WKrippe-1152x1536.jpg 1152w, https:\/\/holtensterkrade.de\/wp-content\/uploads\/2020\/12\/WKrippe-1536x2048.jpg 1536w, https:\/\/holtensterkrade.de\/wp-content\/uploads\/2020\/12\/WKrippe-scaled.jpg 1920w\" sizes=\"(max-width: 768px) 100vw, 768px\" \/>Zu Weihnachten gibt es an den Kirchen ausgestanzte Krippen zum Mitnehmen.<\/p>\n<p>Die Kindergartenfamilien haben diese bereits erhalten und am Samstag vor dem 4. Advent war sie auch in allen Tageszeitungen beigelegt- alle anderen Kinder und Familien k\u00f6nnen sich diese im Laufe des Heiligen Abends (und in den Weihnachtstagen) an den Kirchen abholen.<\/p>\n<p>In der Krippe sind nur Maria, Josef, das Baby Jesus, ein Ochse und ein Esel. Weihnachten aber k\u00f6nnen alle zur Krippe kommen. \u00dcberlegt doch mal, wer da noch fehlt und wer eurer Meinung nach noch dazukommen sollte. Ihr k\u00f6nnt eigene Aufstellfiguren anfertigen oder sie\u00a0 als fertige Figuren aus eurer Spielkiste nehmen oder aus Knete gebastelt dazustellen.<\/p>\n<p>Wenn ihr dann davon ein Bild macht, werde ich das wieder auf unsere Homepage unter <strong><span style=\"color: #ff00ff;\">R\u00dcCKBLICK<\/span><\/strong> stellen- wie im Fr\u00fchjahr eure Regenbogenbilder! Abgemacht?!<\/p>\n<p>Euer<\/p>\n<p>Henning Wilms, Pfarrer<\/p>\n<p>P.S. Die Adresse f\u00fcr eure Bilder ist:<\/p>\n<p>henning.wilms@ekir.de<\/p>\n<p>&nbsp;<\/p>\n<p>&nbsp;<\/p>\n<hr \/>\n<h1 id=\"page-title\" class=\"title\">Kurzfilm \u201ePaule und das Krippenspiel\u201c<\/h1>\n<div class=\"field field-name-body field-type-text-with-summary field-label-hidden\">\n<div class=\"field-items\">\n<div class=\"field-item even\">\n<p><img loading=\"lazy\" class=\"alignnone wp-image-3446 size-full\" src=\"https:\/\/holtensterkrade.de\/wp-content\/uploads\/2020\/12\/Paule.jpg\" alt=\"\" width=\"788\" height=\"917\" srcset=\"https:\/\/holtensterkrade.de\/wp-content\/uploads\/2020\/12\/Paule.jpg 788w, https:\/\/holtensterkrade.de\/wp-content\/uploads\/2020\/12\/Paule-258x300.jpg 258w, https:\/\/holtensterkrade.de\/wp-content\/uploads\/2020\/12\/Paule-768x894.jpg 768w\" sizes=\"(max-width: 788px) 100vw, 788px\" \/><\/p>\n<p>&nbsp;<\/p>\n<p>Als Ausgleich f\u00fcr die vielerorts ausfallenden Krippenspiele haben die TV-Sender KiKA und der MDR den Kurzfilm \u201ePaule und das Krippenspiel\u201c in Potsdam produzieren lassen, der nun auch zur Einbettung in Gemeindewebsites zur Verf\u00fcgung steht. Der 15-min\u00fctige Film basiert auf einer Geschichte des Buches &#8222;Paule ist ein Gl\u00fccksgriff&#8220; der renommierten Kinder- und Jugendbuchautorin Kirsten Boie. Unter der Regie von Karola Hattop verk\u00f6rpert Jella Haase die Lehrerin Frau R\u00fcbsam.<\/p>\n<h2>Zum Inhalt:<\/h2>\n<p>Der Schwarze Paule soll im Krippenspiel den ebenso Schwarzen Kaspar spielen. Doch Paule will der Erzengel Gabriel sein, der die frohe Botschaft verk\u00fcndet. In dieser Rolle sieht sich allerdings schon die blonde Sarah. Doch Paule gibt nicht auf. Er ist \u00fcberzeugt \u201eJeder kann ein Engel sein<strong>\u201c<\/strong>. Zu allem \u00dcberfluss kommt es in der Schule auch noch zu einem Wasserschaden und die Kinder m\u00fcssen in eine Scheune umziehen.<\/p>\n<p><strong>\u201ePaule und das Krippenspiel\u201c wird an Heiligabend ausgestrahlt und ist auch online verf\u00fcgbar:<\/strong><br \/>\nAm 24. Dezember 2020 um 15:45 Uhr im KiKA und ab 16:00 Uhr im MDR<br \/>\nAb 22. Dezember 2020 auf\u00a0<a class=\"externerlink\" href=\"https:\/\/kika.de\/\" target=\"_blank\" rel=\"noopener noreferrer\">kika.de<\/a>\u00a0und im\u00a0<a class=\"externerlink\" href=\"https:\/\/news.gep.de\/r\/3cpvLII26818ms2102.html\" target=\"_blank\" rel=\"noopener noreferrer\">KiKAPlayer<\/a><\/p>\n<p>Quelle: EKiR<\/p>\n<hr \/>\n<\/div>\n<\/div>\n<\/div>\n<p><iframe loading=\"lazy\" src=\"https:\/\/www.youtube.com\/embed\/Ifpibhxp1pU\" width=\"100%\" height=\"400\" frameborder=\"0\" allowfullscreen=\"allowfullscreen\"><\/iframe><\/p>\n<hr \/>\n<p>Unter www.gottbeieuch.de (: der Weihnachts- website der\u00a0 Katholischen und Evangelische Kirche) findet sich folgender:<\/p>\n<div class=\"teaser--header\"><strong class=\"quintus--overline teaser--type teaser--type__important\">WEB-TIPP<\/strong><\/div>\n<p>Wie haben Ochs und Esel die Weihnachtsgeschichte erlebt? In der<strong><span style=\"color: #ff00ff;\"> interaktiven \u201e\u00dcberallkrippe\u201c<\/span><\/strong> der Evangelischen Landeskirche in Baden erz\u00e4hlen \u201eZeitzeugen\u201c, was damals geschehn ist. Mit Smartphone, Tablet oder Computer kann man hier zu Weihnachten in eine 3D-Version der Krippe von Bethlehem eintauchen.<br \/>\n<a href=\"https:\/\/www.ueberallkrippe.de\"><strong>https:\/\/www.ueberallkrippe.de<\/strong><\/a><\/p>\n<p>&nbsp;<\/p>\n<p>&nbsp;<\/p>\n<p>&nbsp;<\/p>\n<p>&nbsp;<\/p>\n","protected":false},"excerpt":{"rendered":"<p>Zu Weihnachten gibt es an den Kirchen ausgestanzte Krippen zum Mitnehmen. Die Kindergartenfamilien haben diese bereits erhalten und am Samstag vor dem 4. Advent war sie auch in allen Tageszeitungen beigelegt- alle anderen Kinder&#46;&#46;&#46;<\/p>\n","protected":false},"author":1,"featured_media":0,"parent":0,"menu_order":0,"comment_status":"closed","ping_status":"closed","template":"","meta":[],"publishpress_future_action":{"enabled":false,"date":"1970-01-01 01:00:00","action":"","terms":[],"taxonomy":"","browser_timezone_offset":0},"_links":{"self":[{"href":"https:\/\/holtensterkrade.de\/index.php?rest_route=\/wp\/v2\/pages\/3441"}],"collection":[{"href":"https:\/\/holtensterkrade.de\/index.php?rest_route=\/wp\/v2\/pages"}],"about":[{"href":"https:\/\/holtensterkrade.de\/index.php?rest_route=\/wp\/v2\/types\/page"}],"author":[{"embeddable":true,"href":"https:\/\/holtensterkrade.de\/index.php?rest_route=\/wp\/v2\/users\/1"}],"replies":[{"embeddable":true,"href":"https:\/\/holtensterkrade.de\/index.php?rest_route=%2Fwp%2Fv2%2Fcomments&post=3441"}],"version-history":[{"count":18,"href":"https:\/\/holtensterkrade.de\/index.php?rest_route=\/wp\/v2\/pages\/3441\/revisions"}],"predecessor-version":[{"id":3522,"href":"https:\/\/holtensterkrade.de\/index.php?rest_route=\/wp\/v2\/pages\/3441\/revisions\/3522"}],"wp:attachment":[{"href":"https:\/\/holtensterkrade.de\/index.php?rest_route=%2Fwp%2Fv2%2Fmedia&parent=3441"}],"curies":[{"name":"wp","href":"https:\/\/api.w.org\/{rel}","templated":true}]}}