{"id":5905,"date":"2023-06-13T20:56:27","date_gmt":"2023-06-13T18:56:27","guid":{"rendered":"https:\/\/holtensterkrade.de\/?page_id=5905"},"modified":"2023-06-13T21:03:00","modified_gmt":"2023-06-13T19:03:00","slug":"satt-an-der-friki-ganzjaehriges-mittagessensangebot","status":"publish","type":"page","link":"https:\/\/holtensterkrade.de\/?page_id=5905","title":{"rendered":"Satt an der Friki! Ganzj\u00e4hriges Mittagessensangebot an der Steinbrinkstra\u00dfe"},"content":{"rendered":"<p>Die Folgen des Ukrainekrieges, das Explodieren der Wasser-, Strom, Heizungs- und Energiekosten und das Ansteigen der Inflationsrate haben dazu gef\u00fchrt, dass zunehmend Menschen in finanzielle Schwierigkeiten geraten und beispielsweise auch an Essen oder Trinken sparen m\u00fcssen.<\/p>\n<p>Um dem ein kleines Zeichen von Hilfe und Solidarit\u00e4t entgegen zu stellen, bietet die Evangelische Kirchengemeinde Holten-Sterkrade seit dem Herbst 2022 regelm\u00e4\u00dfig ein warmes Mittagessen an.<\/p>\n<p>Zweimal im Monat kann man dienstagmittags im Gemeindezentrum an der Friedenskirche (Steinbrinkstra\u00dfe 156 in Sterkrade) zum Preis von 1 Euro richtig satt werden. Das (warme) dazu Getr\u00e4nk kostet 50 Cent. Die genauen Essenstermine werden \u00fcber Aush\u00e4nge, unseren Gemeindebrief und unserer Homepage bekanntgegeben.<\/p>\n<p>Nachdem das Projekt urspr\u00fcnglich nur f\u00fcr die Winterzeit geplant war, hat die enorme Nachfrage dazu gef\u00fchrt, das Essensangebot auch \u00fcber den Winter hinaus in den anderen Jahreszeiten aufrecht zu erhalten. Im Fr\u00fchling und Sommer findet das Essen monatlich statt, mit dem Herbst stehen dann wieder zwei Mahlzeiten pro Monat auf dem Programm.<\/p>\n<p>Dabei ist ausdr\u00fccklich Jede und Jeder herzlich willkommen!!<\/p>\n<p>&nbsp;<\/p>\n<p>M\u00f6glich gemacht wird das Mittagessen von einer Gruppe engagierter Ehrenamtlicher, die das Kochen \u00fcbernehmen und die Essensausgabe etc. begleiten.<\/p>\n<p>Da die Einnahmen die tats\u00e4chlichen Kosten niemals decken, freuen wir uns \u00fcber Spenden f\u00fcr das Mittagessen.<\/p>\n<p>Spenden sind m\u00f6glich \u00fcber das Konto des Ev. Kirchenkreises Oberhausen:<\/p>\n<p>IBAN: DE79 3506 0190 1010 2720 13<\/p>\n<p>bei der KD Bank ( Bank f\u00fcr Kirche und Diakonie)<\/p>\n<p>Betreff: Mittagessen Friedenskirche<\/p>\n","protected":false},"excerpt":{"rendered":"<p>Die Folgen des Ukrainekrieges, das Explodieren der Wasser-, Strom, Heizungs- und Energiekosten und das Ansteigen der Inflationsrate haben dazu gef\u00fchrt, dass zunehmend Menschen in finanzielle Schwierigkeiten geraten und beispielsweise auch an Essen oder Trinken&#46;&#46;&#46;<\/p>\n","protected":false},"author":11,"featured_media":0,"parent":0,"menu_order":0,"comment_status":"closed","ping_status":"closed","template":"","meta":[],"publishpress_future_action":{"enabled":false,"date":"1970-01-01 01:00:00","action":"","terms":[],"taxonomy":"","browser_timezone_offset":0},"_links":{"self":[{"href":"https:\/\/holtensterkrade.de\/index.php?rest_route=\/wp\/v2\/pages\/5905"}],"collection":[{"href":"https:\/\/holtensterkrade.de\/index.php?rest_route=\/wp\/v2\/pages"}],"about":[{"href":"https:\/\/holtensterkrade.de\/index.php?rest_route=\/wp\/v2\/types\/page"}],"author":[{"embeddable":true,"href":"https:\/\/holtensterkrade.de\/index.php?rest_route=\/wp\/v2\/users\/11"}],"replies":[{"embeddable":true,"href":"https:\/\/holtensterkrade.de\/index.php?rest_route=%2Fwp%2Fv2%2Fcomments&post=5905"}],"version-history":[{"count":3,"href":"https:\/\/holtensterkrade.de\/index.php?rest_route=\/wp\/v2\/pages\/5905\/revisions"}],"predecessor-version":[{"id":5909,"href":"https:\/\/holtensterkrade.de\/index.php?rest_route=\/wp\/v2\/pages\/5905\/revisions\/5909"}],"wp:attachment":[{"href":"https:\/\/holtensterkrade.de\/index.php?rest_route=%2Fwp%2Fv2%2Fmedia&parent=5905"}],"curies":[{"name":"wp","href":"https:\/\/api.w.org\/{rel}","templated":true}]}}