{"id":6593,"date":"2024-03-27T15:16:37","date_gmt":"2024-03-27T14:16:37","guid":{"rendered":"https:\/\/holtensterkrade.de\/?page_id=6593"},"modified":"2024-07-26T11:27:25","modified_gmt":"2024-07-26T09:27:25","slug":"so-feiern-wir-gottesdienst-uebersicht-ueber-die-gottesdienstordnungen-in-holten-sterkrade","status":"publish","type":"page","link":"https:\/\/holtensterkrade.de\/?page_id=6593","title":{"rendered":"So feiern wir Gottesdienst"},"content":{"rendered":"<p><strong>In unserer Gemeinde stehen (mit dem Ende der Sommerferien 2024) zwei feste Liturgien zur Auswahl<\/strong>:<\/p>\n<p>1- Klassisch lutherisch gepr\u00e4gte Liturgie (BLAU)<\/p>\n<p>2-\u00a0 Moderne Liturgie (GR\u00dcN)<\/p>\n<p>(3- Zus\u00e4tzlich besteht auch die M\u00f6glichkeit eines frei gestalteten Gottesdienstablaufs)<\/p>\n<p>&nbsp;<\/p>\n<p><img loading=\"lazy\" class=\"alignnone wp-image-6782 \" src=\"https:\/\/holtensterkrade.de\/wp-content\/uploads\/2024\/07\/1.jpg\" alt=\"\" width=\"475\" height=\"626\" srcset=\"https:\/\/holtensterkrade.de\/wp-content\/uploads\/2024\/07\/1.jpg 484w, https:\/\/holtensterkrade.de\/wp-content\/uploads\/2024\/07\/1-228x300.jpg 228w\" sizes=\"(max-width: 475px) 100vw, 475px\" \/><\/p>\n<p><img loading=\"lazy\" class=\"alignnone wp-image-6741 \" src=\"https:\/\/holtensterkrade.de\/wp-content\/uploads\/2024\/07\/blau2.jpg\" alt=\"\" width=\"479\" height=\"659\" srcset=\"https:\/\/holtensterkrade.de\/wp-content\/uploads\/2024\/07\/blau2.jpg 463w, https:\/\/holtensterkrade.de\/wp-content\/uploads\/2024\/07\/blau2-218x300.jpg 218w\" sizes=\"(max-width: 479px) 100vw, 479px\" \/><\/p>\n<p><img loading=\"lazy\" class=\"alignnone wp-image-6742 \" src=\"https:\/\/holtensterkrade.de\/wp-content\/uploads\/2024\/07\/blau3.jpg\" alt=\"\" width=\"476\" height=\"639\" srcset=\"https:\/\/holtensterkrade.de\/wp-content\/uploads\/2024\/07\/blau3.jpg 473w, https:\/\/holtensterkrade.de\/wp-content\/uploads\/2024\/07\/blau3-223x300.jpg 223w\" sizes=\"(max-width: 476px) 100vw, 476px\" \/><\/p>\n<p><img loading=\"lazy\" class=\"alignnone wp-image-6783 size-full\" src=\"https:\/\/holtensterkrade.de\/wp-content\/uploads\/2024\/07\/4.jpg\" alt=\"\" width=\"481\" height=\"640\" srcset=\"https:\/\/holtensterkrade.de\/wp-content\/uploads\/2024\/07\/4.jpg 481w, https:\/\/holtensterkrade.de\/wp-content\/uploads\/2024\/07\/4-225x300.jpg 225w\" sizes=\"(max-width: 481px) 100vw, 481px\" \/><\/p>\n<p><img loading=\"lazy\" class=\"alignnone wp-image-6744 \" src=\"https:\/\/holtensterkrade.de\/wp-content\/uploads\/2024\/07\/blau5.jpg\" alt=\"\" width=\"480\" height=\"661\" srcset=\"https:\/\/holtensterkrade.de\/wp-content\/uploads\/2024\/07\/blau5.jpg 464w, https:\/\/holtensterkrade.de\/wp-content\/uploads\/2024\/07\/blau5-218x300.jpg 218w\" sizes=\"(max-width: 480px) 100vw, 480px\" \/><\/p>\n<p><img loading=\"lazy\" class=\"alignnone wp-image-6745 size-full\" src=\"https:\/\/holtensterkrade.de\/wp-content\/uploads\/2024\/07\/blau6.jpg\" alt=\"\" width=\"481\" height=\"636\" srcset=\"https:\/\/holtensterkrade.de\/wp-content\/uploads\/2024\/07\/blau6.jpg 481w, https:\/\/holtensterkrade.de\/wp-content\/uploads\/2024\/07\/blau6-227x300.jpg 227w\" sizes=\"(max-width: 481px) 100vw, 481px\" \/><\/p>\n<p><img loading=\"lazy\" class=\"alignnone wp-image-6748 size-full\" src=\"https:\/\/holtensterkrade.de\/wp-content\/uploads\/2024\/07\/gruen1.jpg\" alt=\"\" width=\"479\" height=\"636\" srcset=\"https:\/\/holtensterkrade.de\/wp-content\/uploads\/2024\/07\/gruen1.jpg 479w, https:\/\/holtensterkrade.de\/wp-content\/uploads\/2024\/07\/gruen1-226x300.jpg 226w\" sizes=\"(max-width: 479px) 100vw, 479px\" \/><\/p>\n<p><img loading=\"lazy\" class=\"alignnone wp-image-6749 \" src=\"https:\/\/holtensterkrade.de\/wp-content\/uploads\/2024\/07\/gruen2.jpg\" alt=\"\" width=\"479\" height=\"654\" srcset=\"https:\/\/holtensterkrade.de\/wp-content\/uploads\/2024\/07\/gruen2.jpg 464w, https:\/\/holtensterkrade.de\/wp-content\/uploads\/2024\/07\/gruen2-220x300.jpg 220w\" sizes=\"(max-width: 479px) 100vw, 479px\" \/><\/p>\n<p><img loading=\"lazy\" class=\"alignnone wp-image-6750 size-full\" src=\"https:\/\/holtensterkrade.de\/wp-content\/uploads\/2024\/07\/gruen3.jpg\" alt=\"\" width=\"479\" height=\"638\" srcset=\"https:\/\/holtensterkrade.de\/wp-content\/uploads\/2024\/07\/gruen3.jpg 479w, https:\/\/holtensterkrade.de\/wp-content\/uploads\/2024\/07\/gruen3-225x300.jpg 225w\" sizes=\"(max-width: 479px) 100vw, 479px\" \/><\/p>\n<p><img loading=\"lazy\" class=\"alignnone wp-image-6751 size-full\" src=\"https:\/\/holtensterkrade.de\/wp-content\/uploads\/2024\/07\/gruen4.jpg\" alt=\"\" width=\"482\" height=\"640\" srcset=\"https:\/\/holtensterkrade.de\/wp-content\/uploads\/2024\/07\/gruen4.jpg 482w, https:\/\/holtensterkrade.de\/wp-content\/uploads\/2024\/07\/gruen4-226x300.jpg 226w\" sizes=\"(max-width: 482px) 100vw, 482px\" \/><\/p>\n<p><img loading=\"lazy\" class=\"alignnone wp-image-6752 \" src=\"https:\/\/holtensterkrade.de\/wp-content\/uploads\/2024\/07\/gruen5.jpg\" alt=\"\" width=\"481\" height=\"660\" srcset=\"https:\/\/holtensterkrade.de\/wp-content\/uploads\/2024\/07\/gruen5.jpg 466w, https:\/\/holtensterkrade.de\/wp-content\/uploads\/2024\/07\/gruen5-219x300.jpg 219w\" sizes=\"(max-width: 481px) 100vw, 481px\" \/><\/p>\n<p><img loading=\"lazy\" class=\"alignnone wp-image-6756 size-full\" src=\"https:\/\/holtensterkrade.de\/wp-content\/uploads\/2024\/07\/gruen6.jpg\" alt=\"\" width=\"479\" height=\"636\" srcset=\"https:\/\/holtensterkrade.de\/wp-content\/uploads\/2024\/07\/gruen6.jpg 479w, https:\/\/holtensterkrade.de\/wp-content\/uploads\/2024\/07\/gruen6-226x300.jpg 226w\" sizes=\"(max-width: 479px) 100vw, 479px\" \/><\/p>\n","protected":false},"excerpt":{"rendered":"<p>In unserer Gemeinde stehen (mit dem Ende der Sommerferien 2024) zwei feste Liturgien zur Auswahl: 1- Klassisch lutherisch gepr\u00e4gte Liturgie (BLAU) 2-\u00a0 Moderne Liturgie (GR\u00dcN) (3- Zus\u00e4tzlich besteht auch die M\u00f6glichkeit eines frei gestalteten&#46;&#46;&#46;<\/p>\n","protected":false},"author":11,"featured_media":0,"parent":0,"menu_order":0,"comment_status":"closed","ping_status":"closed","template":"","meta":[],"publishpress_future_action":{"enabled":false,"date":"1970-01-01 01:00:00","action":"","terms":[],"taxonomy":"","browser_timezone_offset":0},"_links":{"self":[{"href":"https:\/\/holtensterkrade.de\/index.php?rest_route=\/wp\/v2\/pages\/6593"}],"collection":[{"href":"https:\/\/holtensterkrade.de\/index.php?rest_route=\/wp\/v2\/pages"}],"about":[{"href":"https:\/\/holtensterkrade.de\/index.php?rest_route=\/wp\/v2\/types\/page"}],"author":[{"embeddable":true,"href":"https:\/\/holtensterkrade.de\/index.php?rest_route=\/wp\/v2\/users\/11"}],"replies":[{"embeddable":true,"href":"https:\/\/holtensterkrade.de\/index.php?rest_route=%2Fwp%2Fv2%2Fcomments&post=6593"}],"version-history":[{"count":28,"href":"https:\/\/holtensterkrade.de\/index.php?rest_route=\/wp\/v2\/pages\/6593\/revisions"}],"predecessor-version":[{"id":6784,"href":"https:\/\/holtensterkrade.de\/index.php?rest_route=\/wp\/v2\/pages\/6593\/revisions\/6784"}],"wp:attachment":[{"href":"https:\/\/holtensterkrade.de\/index.php?rest_route=%2Fwp%2Fv2%2Fmedia&parent=6593"}],"curies":[{"name":"wp","href":"https:\/\/api.w.org\/{rel}","templated":true}]}}