{"id":687,"date":"2019-04-04T17:58:40","date_gmt":"2019-04-04T15:58:40","guid":{"rendered":"https:\/\/holtensterkrade.de\/?page_id=687"},"modified":"2019-05-27T11:41:55","modified_gmt":"2019-05-27T09:41:55","slug":"datenschutzerklaerung","status":"publish","type":"page","link":"https:\/\/holtensterkrade.de\/?page_id=687","title":{"rendered":"Datenschutzerkl\u00e4rung"},"content":{"rendered":"<p><span style=\"color: #000000;\"><strong>Allgemeiner Hinweis und Pflichtinformationen<\/strong><\/span><\/p>\n<p><span style=\"font-family: 'Times New Roman', serif; color: #000000;\"><span style=\"font-size: medium;\">Im Hinblick auf die verwendeten Begrifflichkeiten, wie z.B. \u201eVerarbeitung\u201c oder \u201eVerantwortlicher\u201c verweisen wir auf die Definitionen im \u00a74 des Kirchengesetzes \u00fcber den Datenschutz der evangelischen Kirche in Deutschland (EKD-Datenschutzgesetz \u2013 DSG-EKD vom 15. 1.2017<\/span><\/span><\/p>\n<p><span style=\"color: #000000;\"><strong>Benennung der verantwortlichen Stelle<\/strong><\/span><\/p>\n<p><span style=\"color: #000000;\">Die verantwortliche Stelle f\u00fcr die Datenverarbeitung auf dieser Website ist:<\/span><\/p>\n<p><span id=\"s3-t-firma\" style=\"color: #000000;\">Evangelische Kirchengemeinde Holten Sterkrade<\/span><\/p>\n<p>Schulstra\u00dfe 3<\/p>\n<p>46147 Oberhausen<\/p>\n<p><span style=\"color: #000000;\">Die verantwortliche Stelle entscheidet allein oder gemeinsam mit anderen \u00fcber die Zwecke und Mittel der Verarbeitung von personenbezogenen Daten (z.B. Namen, Kontaktdaten o. \u00c4.).<\/span><\/p>\n<p><span style=\"color: #000000;\">Kontakt Datenschutzbeauftragter:<\/span><\/p>\n<p><span style=\"color: #000000;\">Herr Michael Br\u00fcggemann<\/span><\/p>\n<p><span style=\"color: #000000;\"><u><a style=\"color: #000000;\" href=\"mailto:michael-brueggemann@gmx.de\"><span style=\"font-family: Times New Roman, serif;\"><span style=\"font-size: medium;\">michael-brueggemann@gmx.de<\/span><\/span><\/a><\/u><\/span><\/p>\n<p><span style=\"color: #000000;\"><strong><span style=\"font-family: Times New Roman, serif;\"><span style=\"font-size: medium;\">Aufsichtsbeh\u00f6rde f\u00fcr den Datenschutz:<\/span><\/span><\/strong><\/span><\/p>\n<p><span style=\"font-family: 'Times New Roman', serif; color: #000000;\"><span style=\"font-size: medium;\">Au\u00dfenstelle Dortmund des Datenschutzbeauftragten der EKD f\u00fcr die Datenschutzregion Mitte-West<\/span><\/span><\/p>\n<p><span style=\"font-family: 'Times New Roman', serif; color: #000000;\"><span style=\"font-size: medium;\">Friedhof 4, 44135 Dortmund<\/span><\/span><\/p>\n<p><span style=\"font-family: 'Times New Roman', serif; color: #000000;\"><span style=\"font-size: medium;\">Telefon: +49 (0)231 533827-0<\/span><\/span><\/p>\n<p><span style=\"font-family: 'Times New Roman', serif; color: #000000;\"><span style=\"font-size: medium;\">Fax: +49 (0)231 533827-20<\/span><\/span><\/p>\n<p><span style=\"font-family: 'Times New Roman', serif; color: #000000;\"><span style=\"font-size: medium;\">mitte-west@datenschutz.ekd.de<\/span><\/span><\/p>\n<p><span style=\"color: #000000;\"><strong>Widerruf Ihrer Einwilligung zur Datenverarbeitung<\/strong><\/span><\/p>\n<p><span style=\"color: #000000;\">Nur mit Ihrer ausdr\u00fccklichen Einwilligung sind einige Vorg\u00e4nge der Datenverarbeitung m\u00f6glich. Ein Widerruf Ihrer bereits erteilten Einwilligung ist jederzeit m\u00f6glich. F\u00fcr den Widerruf gen\u00fcgt eine formlose Mitteilung per E-Mail. Die Rechtm\u00e4\u00dfigkeit der bis zum Widerruf erfolgten Datenverarbeitung bleibt vom Widerruf unber\u00fchrt.<\/span><\/p>\n<p><span style=\"color: #000000;\"><strong>Welche Rechte haben Sie als betroffene Person?<\/strong><\/span><\/p>\n<p><span style=\"font-family: 'Times New Roman', serif; color: #000000;\"><span style=\"font-size: medium;\">Wir haben innerhalb unserer Beh\u00f6rde Prozesse definiert, damit Sie Ihre Rechte bei uns wahrnehmen k\u00f6nnen. Sie haben ein Recht darauf,<\/span><\/span><\/p>\n<ul>\n<li><span style=\"color: #000000;\"><span style=\"font-family: Times New Roman, serif;\"><span style=\"font-size: medium;\">eine Einwilligung jederzeit mit Wirkung f\u00fcr die Zukunft zu<\/span><\/span><span style=\"font-family: Times New Roman, serif;\"><span style=\"font-size: medium;\"><b> widerrufen (\u00a7 11 Abs. 3 DSG-EKD).<\/b><\/span><\/span><\/span><\/li>\n<li><span style=\"color: #000000;\"><span style=\"font-family: Times New Roman, serif;\"><span style=\"font-size: medium;\"><b>Auskunft (\u00a7 19 DSG-EKD) <\/b><\/span><\/span><span style=\"font-family: Times New Roman, serif;\"><span style=\"font-size: medium;\">\u00fcber Ihre bei uns gespeicherten Daten zu erhalten.<\/span><\/span><\/span><\/li>\n<li><span style=\"color: #000000;\"><span style=\"font-family: Times New Roman, serif;\"><span style=\"font-size: medium;\">dass unrichtige Daten \u00fcber Sie bei uns <\/span><\/span><span style=\"font-family: Times New Roman, serif;\"><span style=\"font-size: medium;\"><b>berichtigt (\u00a7 20 DSG-EKD) <\/b><\/span><\/span><span style=\"font-family: Times New Roman, serif;\"><span style=\"font-size: medium;\">werden.<\/span><\/span><\/span><\/li>\n<li><span style=\"color: #000000;\"><span style=\"font-family: Times New Roman, serif;\"><span style=\"font-size: medium;\">dass nicht mehr erforderliche Daten \u00fcber Sie bei uns <\/span><\/span><span style=\"font-family: Times New Roman, serif;\"><span style=\"font-size: medium;\"><b>gel\u00f6scht (\u00a7 21 DSG-EKD) <\/b><\/span><\/span><span style=\"font-family: Times New Roman, serif;\"><span style=\"font-size: medium;\">werden.<\/span><\/span><\/span><\/li>\n<li><span style=\"color: #000000;\"><span style=\"font-family: Times New Roman, serif;\"><span style=\"font-size: medium;\">dass unter bestimmten Bedingungen die Verarbeitung Ihrer Daten<\/span><\/span><span style=\"font-family: Times New Roman, serif;\"><span style=\"font-size: medium;\"><b> eingeschr\u00e4nkt (\u00a7 22 DSG-EKD) <\/b><\/span><\/span><span style=\"font-family: Times New Roman, serif;\"><span style=\"font-size: medium;\">wird. Das kann beispielsweise der Fall sein, wenn z. B. eine L\u00f6schung nicht m\u00f6glich ist, die Daten aber nicht weiterverarbeitet werden d\u00fcrfen.<\/span><\/span><\/span><\/li>\n<li><span style=\"color: #000000;\"><span style=\"font-family: Times New Roman, serif;\"><span style=\"font-size: medium;\">dass Ihre Daten <\/span><\/span><span style=\"font-family: Times New Roman, serif;\"><span style=\"font-size: medium;\"><b>\u00fcbertragbar (\u00a7 24 DSG-EKD)<\/b><\/span><\/span><span style=\"font-family: Times New Roman, serif;\"><span style=\"font-size: medium;\">\u00a0sind. Dieses Recht gilt insbesondere dann, wenn Sie zur Verarbeitung Ihrer Daten eine Einwilligung gegeben haben ober wenn die Verarbeitung der Daten notwendig ist, um einen Vertrag zu erf\u00fcllen. Das Recht auf Daten\u00fcbertragbarkeit besteht nicht, soweit Ihre Daten im Rahmen der gesetzlichen Aufgabenerf\u00fcllung des BfD EKD verarbeitet werden.<\/span><\/span><\/span><\/li>\n<li><span style=\"color: #000000;\"><span style=\"font-family: Times New Roman, serif;\"><span style=\"font-size: medium;\">in einer besonderen Situation der weiteren Verarbeitung ihrer personenbezogenen Daten zu <\/span><\/span><span style=\"font-family: Times New Roman, serif;\"><span style=\"font-size: medium;\"><b>widersprechen (\u00a7 25 DSG-EKD)<\/b><\/span><\/span><span style=\"font-family: Times New Roman, serif;\"><span style=\"font-size: medium;\">, soweit dies durch die Wahrnehmung \u00f6ffentlicher Aufgaben oder \u00f6ffentlicher sowie privater Interessen gerechtfertigt ist.<\/span><\/span><\/span><\/li>\n<li><span style=\"color: #000000;\"><span style=\"font-family: Times New Roman, serif;\"><span style=\"font-size: medium;\">sich beim BfD EKD zu <\/span><\/span><span style=\"font-family: Times New Roman, serif;\"><span style=\"font-size: medium;\"><b>beschweren (\u00a7 46 DSG-EKD)<\/b><\/span><\/span><span style=\"font-family: Times New Roman, serif;\"><span style=\"font-size: medium;\">, wenn Sie der Meinung sind, dass die Verarbeitung Ihrer Daten gegen die gesetzlichen Vorgaben verst\u00f6\u00dft.<\/span><\/span><\/span><\/li>\n<\/ul>\n<p><span style=\"font-family: 'Times New Roman', serif; color: #000000;\"><span style=\"font-size: medium;\">Wenn Sie ein Recht aus\u00fcben m\u00f6chten, dann nehmen Sie Kontakt mit der Beh\u00f6rde des BfD EKD oder mit der \u00f6rtlich Beauftragten f\u00fcr den Datenschutz auf.<\/span><\/span><\/p>\n<p><span style=\"font-family: 'Times New Roman', serif; color: #000000;\"><span style=\"font-size: medium;\">Wir m\u00f6chten Sie darauf hinweisen, dass wir in bestimmten F\u00e4llen m\u00f6glicherweise zus\u00e4tzliche Informationen bei Ihnen anfordern, um Ihre Identit\u00e4t festzustellen. So k\u00f6nnen wir z. B. bei der Wahrnehmung des Auskunftsanspruchs sicherstellen, dass Informationen nicht gegen\u00fcber unbefugten Personen offengelegt werden.<\/span><\/span><\/p>\n<p><span style=\"color: #000000;\"><strong>SSL- bzw. TLS-Verschl\u00fcsselung<\/strong><\/span><\/p>\n<p><span style=\"color: #000000;\">Aus Sicherheitsgr\u00fcnden und zum Schutz der \u00dcbertragung vertraulicher Inhalte, die Sie an uns als Seitenbetreiber senden, nutzt unsere Website eine SSL-bzw. TLS-Verschl\u00fcsselung. Damit sind Daten, die Sie \u00fcber diese Website \u00fcbermitteln, f\u00fcr Dritte nicht mitlesbar. Sie erkennen eine verschl\u00fcsselte Verbindung an der \u201ehttps:\/\/\u201c Adresszeile Ihres Browsers und am Schloss-Symbol in der Browserzeile.<\/span><\/p>\n<p><span style=\"color: #000000;\"><strong>Server-Log-Dateien<\/strong><\/span><\/p>\n<p><span style=\"color: #000000;\">In Server-Log-Dateien erhebt und speichert der Provider der Website automatisch Informationen, die Ihr Browser automatisch an uns \u00fcbermittelt. Dies sind:<\/span><\/p>\n<ul>\n<li><span style=\"color: #000000;\">Besuchte Seite auf unserer Domain<\/span><\/li>\n<li><span style=\"color: #000000;\">Datum und Uhrzeit der Serveranfrage<\/span><\/li>\n<li><span style=\"color: #000000;\">Browsertyp und Browserversion<\/span><\/li>\n<li><span style=\"color: #000000;\">Verwendetes Betriebssystem<\/span><\/li>\n<li><span style=\"color: #000000;\">Referrer URL<\/span><\/li>\n<li><span style=\"color: #000000;\">Hostname des zugreifenden Rechners<\/span><\/li>\n<li><span style=\"color: #000000;\">IP-Adresse (anonymisiert)<\/span><\/li>\n<\/ul>\n<p><span style=\"color: #000000;\">Es findet keine Zusammenf\u00fchrung dieser Daten mit anderen Datenquellen statt. Grundlage der Datenverarbeitung bildet \u00a7 6 Nr. 4 EKD DSG, der die Verarbeitung von Daten zur Erf\u00fcllung eines Vertrags oder vorvertraglicher Ma\u00dfnahmen gestattet. Die erhobenen Daten werden f\u00fcr maximal 10 Tage gespeichert.<\/span><\/p>\n<p><span style=\"color: #000000;\"><strong>YouTube<\/strong><\/span><\/p>\n<p><span style=\"color: #000000;\">F\u00fcr Integration und Darstellung von Videoinhalten nutzt unsere Website Plugins von YouTube. Anbieter des Videoportals ist die YouTube, LLC, 901 Cherry Ave., San Bruno, CA 94066, USA.<\/span><\/p>\n<p><span style=\"color: #000000;\">Bei Aufruf einer Seite mit integriertem YouTube-Plugin wird eine Verbindung zu den Servern von YouTube hergestellt. YouTube erf\u00e4hrt hierdurch, welche unserer Seiten Sie aufgerufen haben.<\/span><\/p>\n<p><span style=\"color: #000000;\">YouTube kann Ihr Surfverhalten direkt Ihrem pers\u00f6nlichen Profil zuzuordnen, sollten Sie in Ihrem YouTube Konto eingeloggt sein. Durch vorheriges Ausloggen haben Sie die M\u00f6glichkeit, dies zu unterbinden.<\/span><\/p>\n<p><span style=\"color: #000000;\">Die Nutzung von YouTube erfolgt im Interesse einer ansprechenden Darstellung unserer Online-Angebote. Dies stellt ein berechtigtes Interesse im Sinne von Art. 6 Abs. 1 lit. f DSGVO dar.<\/span><\/p>\n<p><span style=\"color: #000000;\">Einzelheiten zum Umgang mit Nutzerdaten finden Sie in der Datenschutzerkl\u00e4rung von YouTube unter: <a style=\"color: #000000;\" href=\"https:\/\/www.google.de\/intl\/de\/policies\/privacy\">https:\/\/www.google.de\/intl\/de\/policies\/privacy<\/a>.<\/span><\/p>\n<p><span style=\"color: #000000;\"><strong>Google Maps<\/strong><\/span><\/p>\n<p><span style=\"color: #000000;\">Diese Webseite verwendet Google Maps, um Ihnen Standorte visuell zu pr\u00e4sentieren. Anbieter des Dienstes ist die Google Inc., 1600 Amphitheatre Parkway, Mountain View, CA 94043, USA. Durch Nutzung dieser Webseite erkl\u00e4ren Sie sich mit der Erfassung, Verarbeitung und Nutzung der automatisiert erhobenen Daten durch Google, deren Vertreter und Dritter einverstanden. Die Nutzungsbedingungen von Google Maps finden sie <a style=\"color: #000000;\" href=\"https:\/\/www.google.com\/intl\/de_de\/help\/terms_maps.html\">hier<\/a>.<\/span><\/p>\n<p><span style=\"color: #000000;\"><strong>Google Analytics<\/strong><\/span><\/p>\n<p><span style=\"color: #000000;\">Unsere Website verwendet Funktionen des Webanalysedienstes Google Analytics. Anbieter des Webanalysedienstes ist die Google Inc., 1600 Amphitheatre Parkway, Mountain View, CA 94043, USA.<\/span><\/p>\n<p><span style=\"color: #000000;\">Google Analytics verwendet &#8222;Cookies.&#8220; Das sind kleine Textdateien, die Ihr Webbrowser auf Ihrem Endger\u00e4t speichert und eine Analyse der Website-Benutzung erm\u00f6glichen. Mittels Cookie erzeugte Informationen \u00fcber Ihre Benutzung unserer Website<\/span><br \/>\n<span style=\"color: #000000;\">werden an einen Server von Google \u00fcbermittelt und dort gespeichert. Server-Standort ist im Regelfall die USA.<\/span><\/p>\n<p><span style=\"color: #000000;\">Das Setzen von Google-Analytics-Cookies erfolgt auf Grundlage von \u00a7 6 Nr. 4 EKD DSG. Als Betreiber dieser Website haben wir \u00a0ein berechtigtes Interesse an der Analyse des Nutzerverhaltens, um unser Webangebot und ggf. auch Werbung zu optimieren.<\/span><\/p>\n<p><span style=\"color: #000000;\">IP-Anonymisierung<\/span><\/p>\n<p><span style=\"color: #000000;\">Wir setzen Google Analytics in Verbindung mit der Funktion IP-Anonymisierung ein. Sie gew\u00e4hrleistet, dass Google Ihre IP-Adresse innerhalb von Mitgliedstaaten der Europ\u00e4ischen Union oder in anderen Vertragsstaaten des Abkommens \u00fcber den Europ\u00e4ischen Wirtschaftsraum<\/span><br \/>\n<span style=\"color: #000000;\">vor der \u00dcbermittlung in die USA k\u00fcrzt. Es kann Ausnahmef\u00e4lle geben, in denen Google die volle IP-Adresse an einen Server in den USA \u00fcbertr\u00e4gt und dort k\u00fcrzt. In unserem Auftrag wird Google diese Informationen benutzen, um Ihre Nutzung der Website<\/span><br \/>\n<span style=\"color: #000000;\">auszuwerten, um Reports \u00fcber Websiteaktivit\u00e4ten zu erstellen und um weitere mit der Websitenutzung und der Internetnutzung verbundene Dienstleistungen gegen\u00fcber uns zu erbringen. Es findet keine Zusammenf\u00fchrung der von Google Analytics \u00fcbermittelten<\/span><br \/>\n<span style=\"color: #000000;\">IP-Adresse mit anderen Daten von Google statt.<\/span><\/p>\n<p><span style=\"color: #000000;\">Browser Plugin<\/span><\/p>\n<p><span style=\"color: #000000;\">Das Setzen von Cookies durch Ihren Webbrowser ist verhinderbar. Einige Funktionen unserer Website k\u00f6nnten dadurch jedoch eingeschr\u00e4nkt werden. Ebenso k\u00f6nnen Sie die Erfassung von Daten bez\u00fcglich Ihrer Website-Nutzung einschlie\u00dflich Ihrer IP-Adresse mitsamt<\/span><br \/>\n<span style=\"color: #000000;\">anschlie\u00dfender Verarbeitung durch Google unterbinden. Dies ist m\u00f6glich, indem Sie das \u00fcber folgenden Link erreichbare Browser-Plugin herunterladen und installieren: <a style=\"color: #000000;\" href=\"https:\/\/tools.google.com\/dlpage\/gaoptout?hl=de\">https:\/\/tools.google.com\/dlpage\/gaoptout?hl=de<\/a>.<\/span><\/p>\n<p><span style=\"color: #000000;\">Widerspruch gegen die Datenerfassung<\/span><\/p>\n<p><span style=\"color: #000000;\">Sie k\u00f6nnen die Erfassung Ihrer Daten durch Google Analytics verhindern, indem Sie auf folgenden Link klicken. Es wird ein Opt-Out-Cookie gesetzt, der die Erfassung Ihrer Daten bei zuk\u00fcnftigen Besuchen unserer Website verhindert: Google Analytics deaktivieren.<\/span><\/p>\n<p><span style=\"color: #000000;\">Einzelheiten zum Umgang mit Nutzerdaten bei Google Analytics finden Sie in der Datenschutzerkl\u00e4rung von Google: <a style=\"color: #000000;\" href=\"https:\/\/support.google.com\/analytics\/answer\/6004245?hl=de\">https:\/\/support.google.com\/analytics\/answer\/6004245?hl=de<\/a>.<\/span><\/p>\n<p><span style=\"color: #000000;\">Auftragsverarbeitung<\/span><\/p>\n<p><span style=\"color: #000000;\">Zur vollst\u00e4ndigen Erf\u00fcllung der gesetzlichen Datenschutzvorgaben haben wir mit Google einen Vertrag \u00fcber die Auftragsverarbeitung abgeschlossen.<\/span><\/p>\n<p><span style=\"color: #000000;\">Demografische Merkmale bei Google Analytics<\/span><\/p>\n<p><span style=\"color: #000000;\">Unsere Website verwendet die Funktion \u201cdemografische Merkmale\u201d von Google Analytics. Mit ihr lassen sich Berichte erstellen, die Aussagen zu Alter, Geschlecht und Interessen der Seitenbesucher enthalten. Diese Daten stammen aus interessenbezogener Werbung<\/span><br \/>\n<span style=\"color: #000000;\">von Google sowie aus Besucherdaten von Drittanbietern. Eine Zuordnung der Daten zu einer bestimmten Person ist nicht m\u00f6glich. Sie k\u00f6nnen diese Funktion jederzeit deaktivieren. Dies ist \u00fcber die Anzeigeneinstellungen in Ihrem Google-Konto m\u00f6glich oder<\/span><br \/>\n<span style=\"color: #000000;\">indem Sie die Erfassung Ihrer Daten durch Google Analytics, wie im Punkt \u201cWiderspruch gegen die Datenerfassung\u201d erl\u00e4utert, generell untersagen.<\/span><\/p>\n<p><span style=\"color: #000000;\"><strong>Google Web Fonts<\/strong><\/span><\/p>\n<p><span style=\"color: #000000;\">Unsere Website verwendet Web Fonts von Google. Anbieter ist die Google Inc., 1600 Amphitheatre Parkway, Mountain View, CA 94043, USA.<\/span><\/p>\n<p><span style=\"color: #000000;\">Durch den Einsatz dieser Web Fonts wird es m\u00f6glich Ihnen die von uns gew\u00fcnschte Darstellung unserer Website zu pr\u00e4sentieren, unabh\u00e4ngig davon welche Schriften Ihnen lokal zur Verf\u00fcgung stehen. Dies erfolgt \u00fcber den Abruf der Google Web Fonts von einem Server von Google in den USA und der damit verbundenen Weitergabe Ihre Daten an Google. Dabei handelt es sich um Ihre IP-Adresse und welche Seite Sie bei uns besucht haben. Der Einsatz von Google Web Fonts erfolgt auf Grundlage von Art. 6 Abs. 1 lit. f DSGVO. Als Betreiber dieser Website haben wir ein berechtigtes Interesse an der optimalen Darstellung und \u00dcbertragung unseres Webauftritts.<\/span><\/p>\n<p><span style=\"color: #000000;\">Das Unternehmen Google ist f\u00fcr das us-europ\u00e4ische Datenschutz\u00fcbereinkommen &#8222;Privacy Shield&#8220; zertifiziert. Dieses Datenschutz\u00fcbereinkommen soll die Einhaltung des in der EU geltenden Datenschutzniveaus gew\u00e4hrleisten.<\/span><\/p>\n<p><span style=\"color: #000000;\">Einzelheiten \u00fcber Google Web Fonts finden Sie unter: <a style=\"color: #000000;\" href=\"https:\/\/www.google.com\/fonts#AboutPlace:about\">https:\/\/www.google.com\/fonts#AboutPlace:about<\/a> und weitere Informationen in den Datenschutzbestimmungen von Google: <a style=\"color: #000000;\" href=\"https:\/\/policies.google.com\/privacy\/partners?hl=de\">https:\/\/policies.google.com\/privacy\/partners?hl=de<\/a><\/span><\/p>\n<p><span style=\"color: #000000;\"><small>Quelle: Datenschutz-Konfigurator von <a style=\"color: #000000;\" href=\"http:\/\/www.mein-datenschutzbeauftragter.de\" target=\"_blank\" rel=\"noopener\">mein-datenschutzbeauftragter.de<\/a><\/small><\/span><\/p>\n","protected":false},"excerpt":{"rendered":"<p>Allgemeiner Hinweis und Pflichtinformationen Im Hinblick auf die verwendeten Begrifflichkeiten, wie z.B. \u201eVerarbeitung\u201c oder \u201eVerantwortlicher\u201c verweisen wir auf die Definitionen im \u00a74 des Kirchengesetzes \u00fcber den Datenschutz der evangelischen Kirche in Deutschland (EKD-Datenschutzgesetz \u2013&#46;&#46;&#46;<\/p>\n","protected":false},"author":1,"featured_media":0,"parent":0,"menu_order":0,"comment_status":"closed","ping_status":"closed","template":"","meta":[],"publishpress_future_action":{"enabled":false,"date":"1970-01-01 01:00:00","action":"","terms":[],"taxonomy":"","browser_timezone_offset":0},"_links":{"self":[{"href":"https:\/\/holtensterkrade.de\/index.php?rest_route=\/wp\/v2\/pages\/687"}],"collection":[{"href":"https:\/\/holtensterkrade.de\/index.php?rest_route=\/wp\/v2\/pages"}],"about":[{"href":"https:\/\/holtensterkrade.de\/index.php?rest_route=\/wp\/v2\/types\/page"}],"author":[{"embeddable":true,"href":"https:\/\/holtensterkrade.de\/index.php?rest_route=\/wp\/v2\/users\/1"}],"replies":[{"embeddable":true,"href":"https:\/\/holtensterkrade.de\/index.php?rest_route=%2Fwp%2Fv2%2Fcomments&post=687"}],"version-history":[{"count":12,"href":"https:\/\/holtensterkrade.de\/index.php?rest_route=\/wp\/v2\/pages\/687\/revisions"}],"predecessor-version":[{"id":837,"href":"https:\/\/holtensterkrade.de\/index.php?rest_route=\/wp\/v2\/pages\/687\/revisions\/837"}],"wp:attachment":[{"href":"https:\/\/holtensterkrade.de\/index.php?rest_route=%2Fwp%2Fv2%2Fmedia&parent=687"}],"curies":[{"name":"wp","href":"https:\/\/api.w.org\/{rel}","templated":true}]}}