{"id":76,"date":"2018-03-22T12:35:49","date_gmt":"2018-03-22T11:35:49","guid":{"rendered":"http:\/\/holtensterkrade.de\/?page_id=76"},"modified":"2019-07-19T18:19:46","modified_gmt":"2019-07-19T16:19:46","slug":"haus-gottesdank","status":"publish","type":"page","link":"https:\/\/holtensterkrade.de\/?page_id=76","title":{"rendered":"Haus Gottesdank"},"content":{"rendered":"<p style=\"text-align: right;\"><img loading=\"lazy\" class=\"wp-image-955 alignleft\" src=\"https:\/\/holtensterkrade.de\/wp-content\/uploads\/2019\/06\/HsGottesdank.jpg\" alt=\"\" width=\"283\" height=\"200\" srcset=\"https:\/\/holtensterkrade.de\/wp-content\/uploads\/2019\/06\/HsGottesdank.jpg 2504w, https:\/\/holtensterkrade.de\/wp-content\/uploads\/2019\/06\/HsGottesdank-300x213.jpg 300w, https:\/\/holtensterkrade.de\/wp-content\/uploads\/2019\/06\/HsGottesdank-768x544.jpg 768w, https:\/\/holtensterkrade.de\/wp-content\/uploads\/2019\/06\/HsGottesdank-1024x726.jpg 1024w\" sizes=\"(max-width: 283px) 100vw, 283px\" \/><span style=\"color: #000000;\">Haus Gottesdank<\/span><\/p>\n<p style=\"text-align: right;\"><span style=\"color: #000000;\">gemeinn\u00fctzige GmbH<\/span><br \/>\n<span style=\"color: #000000;\">Senioreneinrichtung<\/span><\/p>\n<p style=\"text-align: right;\"><span style=\"color: #000000;\">Kirchhellener Stra\u00dfe 190<\/span><br \/>\n<span style=\"color: #000000;\">46145 Oberhausen<\/span><br \/>\n<span style=\"color: #000000;\">Tel 0208 882643-0<\/span><br \/>\n<span style=\"color: #000000;\">Fax 0208 882643-115<\/span><\/p>\n<p>&nbsp;<\/p>\n<p><span style=\"color: #000000;\">Als vollstation\u00e4re Einrichtung der Altenpflege bieten Haus Gottesdank insgesamt 80 Bewohnerpl\u00e4tze an. Gesellschafter der Einrichtung ist der Evangelische Frauenhilfe der Friedenskirche Sterkrade e.V.. Sie ist als selbstst\u00e4ndige Einrichtung dem Diakonischen Werk der Evangelischen Kirche im Rheinland angeschlossen.<\/span><\/p>\n<p><span style=\"color: #000000;\">Urspr\u00fcnglich wurde Haus Gottesdank in den 50er Jahren errichtet und in den letzten Jahren komplett modernisiert. Neben Gartenfl\u00e4chen und Terrassenpl\u00e4tzen stehen ein gro\u00dfz\u00fcgiges Park- und Freizeitgel\u00e4nde sowie zahlreiche Begegnungsr\u00e4ume zur Verf\u00fcgung.<\/span><\/p>\n<p><span style=\"color: #000000;\">Der Neubau ist am 30.10.2018 feierlich in Betrieb genommen worden!<\/span><\/p>\n<p><span style=\"color: #000000;\">Beratungen und Anmeldungen zur Tagespflege sind unter 0208 882643-170 m\u00f6glich.<\/span><\/p>\n<p><span style=\"color: #000000;\">Informationen zu unseren Wohnungen erhalten Sie unter 0208 882643-0<\/span><\/p>\n<p><span style=\"color: #000000;\">Mittagstisch f\u00fcr Jedermann in unserem Caf\u00e9 Kr\u00e4nzchen<\/span><\/p>\n<p style=\"text-align: right;\"><span style=\"color: #000000;\">Quelle und weitere Infos:<\/span><\/p>\n<p style=\"text-align: right;\"><span style=\"color: #000000;\">www.HausGottesdank.de<\/span><\/p>\n<p style=\"text-align: right;\"><span style=\"color: #000000;\">Flyer:\u00a0http:\/\/www.hausgottesdank.de\/Flyer_HausGottesdank-Screen.pdf<\/span><\/p>\n","protected":false},"excerpt":{"rendered":"<p>Haus Gottesdank gemeinn\u00fctzige GmbH Senioreneinrichtung Kirchhellener Stra\u00dfe 190 46145 Oberhausen Tel 0208 882643-0 Fax 0208 882643-115 &nbsp; Als vollstation\u00e4re Einrichtung der Altenpflege bieten Haus Gottesdank insgesamt 80 Bewohnerpl\u00e4tze an. Gesellschafter der Einrichtung ist der&#46;&#46;&#46;<\/p>\n","protected":false},"author":1,"featured_media":0,"parent":0,"menu_order":0,"comment_status":"closed","ping_status":"closed","template":"","meta":[],"publishpress_future_action":{"enabled":false,"date":"1970-01-01 01:00:00","action":"","terms":[],"taxonomy":"","browser_timezone_offset":0},"_links":{"self":[{"href":"https:\/\/holtensterkrade.de\/index.php?rest_route=\/wp\/v2\/pages\/76"}],"collection":[{"href":"https:\/\/holtensterkrade.de\/index.php?rest_route=\/wp\/v2\/pages"}],"about":[{"href":"https:\/\/holtensterkrade.de\/index.php?rest_route=\/wp\/v2\/types\/page"}],"author":[{"embeddable":true,"href":"https:\/\/holtensterkrade.de\/index.php?rest_route=\/wp\/v2\/users\/1"}],"replies":[{"embeddable":true,"href":"https:\/\/holtensterkrade.de\/index.php?rest_route=%2Fwp%2Fv2%2Fcomments&post=76"}],"version-history":[{"count":9,"href":"https:\/\/holtensterkrade.de\/index.php?rest_route=\/wp\/v2\/pages\/76\/revisions"}],"predecessor-version":[{"id":1132,"href":"https:\/\/holtensterkrade.de\/index.php?rest_route=\/wp\/v2\/pages\/76\/revisions\/1132"}],"wp:attachment":[{"href":"https:\/\/holtensterkrade.de\/index.php?rest_route=%2Fwp%2Fv2%2Fmedia&parent=76"}],"curies":[{"name":"wp","href":"https:\/\/api.w.org\/{rel}","templated":true}]}}