{"id":78,"date":"2018-03-22T12:35:57","date_gmt":"2018-03-22T11:35:57","guid":{"rendered":"http:\/\/holtensterkrade.de\/?page_id=78"},"modified":"2019-03-05T22:19:58","modified_gmt":"2019-03-05T21:19:58","slug":"musik","status":"publish","type":"page","link":"https:\/\/holtensterkrade.de\/?page_id=78","title":{"rendered":"Musik"},"content":{"rendered":"\t\t<div data-elementor-type=\"wp-post\" data-elementor-id=\"78\" class=\"elementor elementor-78 elementor-bc-flex-widget\">\n\t\t\t\t\t\t\t\t\t<section class=\"elementor-section elementor-top-section elementor-element elementor-element-64644a7 elementor-section-boxed elementor-section-height-default elementor-section-height-default\" data-id=\"64644a7\" data-element_type=\"section\">\n\t\t\t\t\t\t<div class=\"elementor-container elementor-column-gap-default\">\n\t\t\t\t\t<div class=\"elementor-column elementor-col-100 elementor-top-column elementor-element elementor-element-73f1de3\" data-id=\"73f1de3\" data-element_type=\"column\">\n\t\t\t<div class=\"elementor-widget-wrap elementor-element-populated\">\n\t\t\t\t\t\t\t\t<div class=\"elementor-element elementor-element-29edb66 elementor-widget elementor-widget-text-editor\" data-id=\"29edb66\" data-element_type=\"widget\" data-widget_type=\"text-editor.default\">\n\t\t\t\t<div class=\"elementor-widget-container\">\n\t\t\t\t\t\t\t<p>Wir sind eine recht musikalische Gemeinde. Von der Teenie Band zum Jugendchor und vom Gospelchor, \u00fcber M\u00e4nnerch\u00f6re ( klassisch der eine- rockig der andere) bis hin zum klassischen Kirchenchor reicht die gesangliche Palette. Instrumental kommen noch weitere Angebote hinzu.<\/p><p>Manche Musikangebote in dieser Gemeinde werden aber von nicht von uns, als Gemeinde, sondern von Kooperationspartnern, die unter dem Dach der Gemeinde t\u00e4tig sind\u00a0 <em>gemeindeverbunden<\/em> angeboten. Entsprechend sind die Musikangebote deshalb auch gelistet unter: <em>Musik\/ der Gemeind<\/em>e&#8212; und: <em>Musik\/ gemeindeverbunden<\/em>\u00a0<\/p>\t\t\t\t\t\t<\/div>\n\t\t\t\t<\/div>\n\t\t\t\t\t<\/div>\n\t\t<\/div>\n\t\t\t\t\t\t\t<\/div>\n\t\t<\/section>\n\t\t\t\t\t\t\t<\/div>\n\t\t","protected":false},"excerpt":{"rendered":"<p>Wir sind eine recht musikalische Gemeinde. Von der Teenie Band zum Jugendchor und vom Gospelchor, \u00fcber M\u00e4nnerch\u00f6re ( klassisch der eine- rockig der andere) bis hin zum klassischen Kirchenchor reicht die gesangliche Palette. Instrumental&#46;&#46;&#46;<\/p>\n","protected":false},"author":1,"featured_media":0,"parent":0,"menu_order":0,"comment_status":"closed","ping_status":"closed","template":"","meta":[],"publishpress_future_action":{"enabled":false,"date":"1970-01-01 01:00:00","action":"","terms":[],"taxonomy":"","browser_timezone_offset":0},"_links":{"self":[{"href":"https:\/\/holtensterkrade.de\/index.php?rest_route=\/wp\/v2\/pages\/78"}],"collection":[{"href":"https:\/\/holtensterkrade.de\/index.php?rest_route=\/wp\/v2\/pages"}],"about":[{"href":"https:\/\/holtensterkrade.de\/index.php?rest_route=\/wp\/v2\/types\/page"}],"author":[{"embeddable":true,"href":"https:\/\/holtensterkrade.de\/index.php?rest_route=\/wp\/v2\/users\/1"}],"replies":[{"embeddable":true,"href":"https:\/\/holtensterkrade.de\/index.php?rest_route=%2Fwp%2Fv2%2Fcomments&post=78"}],"version-history":[{"count":6,"href":"https:\/\/holtensterkrade.de\/index.php?rest_route=\/wp\/v2\/pages\/78\/revisions"}],"predecessor-version":[{"id":564,"href":"https:\/\/holtensterkrade.de\/index.php?rest_route=\/wp\/v2\/pages\/78\/revisions\/564"}],"wp:attachment":[{"href":"https:\/\/holtensterkrade.de\/index.php?rest_route=%2Fwp%2Fv2%2Fmedia&parent=78"}],"curies":[{"name":"wp","href":"https:\/\/api.w.org\/{rel}","templated":true}]}}