{"id":7956,"date":"2026-04-13T10:57:39","date_gmt":"2026-04-13T08:57:39","guid":{"rendered":"https:\/\/holtensterkrade.de\/?page_id=7956"},"modified":"2026-04-13T11:37:52","modified_gmt":"2026-04-13T09:37:52","slug":"was-ist-los-im-norden-von-ob","status":"publish","type":"page","link":"https:\/\/holtensterkrade.de\/?page_id=7956","title":{"rendered":"Was ist los im Norden von Ob?"},"content":{"rendered":"<p>Die Ev. Kirchengemeinden Oberhausens r\u00fccken seit einigen Jahren n\u00e4her zusammen. Unter diesem Men\u00fcpunkt m\u00f6chten wir dar\u00fcber informieren, was im Norden in den benachbarten vier Gemeinden (K\u00f6nigshardt-Schmachtendorf\/ Holten-Sterkrade\/\u00a0 Auferstehungskirchengemeinde in Osterfeld\/\u00a0 Apostelkirchengemeinde =APO am Tackenberg)\u00a0 f\u00fcr die n\u00e4here Zukunft geplant ist und auch \u00fcber die Gemeindegrenzen hinaus interessant sein k\u00f6nnte.<\/p>\n<p>27.06.26\u00a0\u00a0\u00a0\u00a0\u00a0\u00a0\u00a0\u00a0\u00a0\u00a0\u00a0\u00a0\u00a0\u00a0 17:00 Uhr Christuskirche (Weseler Str.)\u00a0 D\u00e4mmerschoppen mit Band am Vorabend des Gemeindefestes<\/p>\n<p>&#8212; und: &#8230;<\/p>\n<p>28.06.26\u00a0 \u00a0 \u00a0 \u00a0 \u00a0 \u00a0 \u00a0 \u00a011:30 Uhr Christuskirche (Weseler Str.)\u00a0 Familiengottesdienst mit Projektband als Auftakt zum Gemeindefest \u201eMittendrin\u201c<\/p>\n<p>12.07.26\u00a0\u00a0\u00a0\u00a0\u00a0\u00a0\u00a0\u00a0\u00a0\u00a0\u00a0\u00a0\u00a0\u00a0 11:00 Uhr Auferstehungskirche\u00a0 \u00a0 \u00a0 \u00a0 \u00a0Familiengottesdienst &amp; anschlie\u00dfend Gemeindefest<\/p>\n<p>&nbsp;<\/p>\n<p>Gemeinsame Gottesdienste in den Sommerferien<\/p>\n<p>&#8212; SAVE THE DATE&#8212; ( weitere Infos folgen)<\/p>\n<p>02.07.26\u00a0 K\u00f6nigshardt-Schmachtendorf<\/p>\n<p>09.08.26\u00a0 Auferstehungskirche\u00a0 (Osterfeld)<\/p>\n<p>16.08.26\u00a0 Holten-Sterkrade<\/p>\n<p>30.08.26\u00a0 Apostelkirchengemeinde<\/p>\n<p>&nbsp;<\/p>\n<p>03.10.26\u00a0\u00a0\u00a0\u00a0\u00a0\u00a0\u00a0\u00a0\u00a0\u00a0\u00a0\u00a0\u00a0\u00a0 11:30 Uhr Friedenskirche \u00a0\u00a0\u00a0\u00a0\u00a0\u00a0\u00a0\u00a0\u00a0\u00a0 \u00d6k. GD zum Tag der Deutschen Einheit mit anschlie\u00dfendem Gr\u00fcnkohlessen<\/p>\n<p>31.10. 26\u00a0 \u00a0 \u00a0 \u00a0 \u00a0 \u00a0 \u00a0 19.00 Uhr Pauluskirche\u00a0 \u00a0 \u00a0 \u00a0 \u00a0 \u00a0 \u00a0 \u00a0 \u00a0Zentraler Reformationsgottesdienst des Kirchenkreises m. anschl. Imbiss<\/p>\n<p>18.11.26\u00a0\u00a0\u00a0\u00a0\u00a0\u00a0\u00a0\u00a0\u00a0\u00a0\u00a0\u00a0\u00a0\u00a0 19:00 Uhr K\u00f6nigshardt\u00a0\u00a0\u00a0\u00a0\u00a0\u00a0\u00a0\u00a0\u00a0\u00a0\u00a0\u00a0\u00a0\u00a0\u00a0\u00a0\u00a0 \u00d6k. GD zum Bu\u00df- und Bettag<\/p>\n<p>13.12.26\u00a0\u00a0\u00a0\u00a0\u00a0\u00a0\u00a0\u00a0\u00a0\u00a0\u00a0\u00a0\u00a0\u00a0 17:00 Uhr Christuskirche (Weseler Str)\u00a0 \u00a0 GD f\u00fcr verstorbene Kinder<\/p>\n<p>13.12.26\u00a0\u00a0\u00a0\u00a0\u00a0\u00a0\u00a0\u00a0\u00a0\u00a0\u00a0\u00a0\u00a0\u00a0 17:00 Uhr Auferstehungskirche\u00a0 \u00a0 \u00a0 \u00a0 \u00a0 \u00a0 \u00a0Offenes Adventsliedersingen<\/p>\n<p>20.12.26\u00a0\u00a0\u00a0\u00a0\u00a0\u00a0\u00a0\u00a0\u00a0\u00a0\u00a0\u00a0\u00a0\u00a0 16:00 Uhr Christuskirche (Weseler Str) Keltischer Gottesdienst mit Band<\/p>\n<p>24.12.26\u00a0\u00a0\u00a0\u00a0\u00a0\u00a0\u00a0\u00a0\u00a0\u00a0\u00a0\u00a0\u00a0\u00a0 23:00 Uhr Auferstehungskirche\u00a0 \u00a0 \u00a0 \u00a0 Christvesper mit Chor<\/p>\n<p>25.12.26\u00a0\u00a0\u00a0\u00a0\u00a0\u00a0\u00a0\u00a0\u00a0\u00a0\u00a0\u00a0\u00a0\u00a0 10:30 Uhr Kirche K\u00f6nigshardt\u00a0 \u00a0 \u00a0 \u00a0 \u00a0 \u00a0 \u00a0 \u00a0 \u00a0 \u00a0GD am 1. Weihnachtstag mit Kindermusical<\/p>\n<p>25.12.26\u00a0\u00a0\u00a0\u00a0\u00a0\u00a0\u00a0\u00a0\u00a0\u00a0\u00a0\u00a0\u00a0\u00a0 10:30 Uhr Auferstehungskirche\u00a0 \u00a0 GD zum 1. Weihnachtstag<\/p>\n<p>26.12.26\u00a0\u00a0\u00a0\u00a0\u00a0\u00a0\u00a0\u00a0\u00a0\u00a0\u00a0\u00a0\u00a0\u00a0 10:30 Uhr Kirche K\u00f6nigshardt\u00a0\u00a0\u00a0\u00a0\u00a0\u00a0\u00a0\u00a0\u00a0\u00a0\u00a0\u00a0\u00a0\u00a0\u00a0\u00a0\u00a0 Singegottesdienst<\/p>\n<p>27.12.26\u00a0\u00a0\u00a0\u00a0\u00a0\u00a0\u00a0\u00a0\u00a0\u00a0\u00a0\u00a0\u00a0\u00a0 10:00 Uhr APO \u00a0\u00a0\u00a0\u00a0\u00a0\u00a0\u00a0\u00a0\u00a0\u00a0\u00a0\u00a0\u00a0\u00a0\u00a0\u00a0\u00a0\u00a0\u00a0\u00a0\u00a0\u00a0\u00a0\u00a0\u00a0\u00a0\u00a0\u00a0\u00a0\u00a0\u00a0 GD zum 1. Sonntag nach Weihnachten<\/p>\n<p>&#8212;<\/p>\n<p><strong>Save the Date<\/strong>: 20.-27.06.27 Friedenskirche\u00a0 Sterkrade\u00a0 \u00a0 \u00a0 Jubil\u00e4umsfestwoche<\/p>\n","protected":false},"excerpt":{"rendered":"<p>Die Ev. Kirchengemeinden Oberhausens r\u00fccken seit einigen Jahren n\u00e4her zusammen. Unter diesem Men\u00fcpunkt m\u00f6chten wir dar\u00fcber informieren, was im Norden in den benachbarten vier Gemeinden (K\u00f6nigshardt-Schmachtendorf\/ Holten-Sterkrade\/\u00a0 Auferstehungskirchengemeinde in Osterfeld\/\u00a0 Apostelkirchengemeinde =APO am Tackenberg)\u00a0&#46;&#46;&#46;<\/p>\n","protected":false},"author":11,"featured_media":0,"parent":0,"menu_order":0,"comment_status":"closed","ping_status":"closed","template":"","meta":[],"publishpress_future_action":{"enabled":false,"date":"1970-01-01 01:00:00","action":"","terms":[],"taxonomy":"","browser_timezone_offset":0},"_links":{"self":[{"href":"https:\/\/holtensterkrade.de\/index.php?rest_route=\/wp\/v2\/pages\/7956"}],"collection":[{"href":"https:\/\/holtensterkrade.de\/index.php?rest_route=\/wp\/v2\/pages"}],"about":[{"href":"https:\/\/holtensterkrade.de\/index.php?rest_route=\/wp\/v2\/types\/page"}],"author":[{"embeddable":true,"href":"https:\/\/holtensterkrade.de\/index.php?rest_route=\/wp\/v2\/users\/11"}],"replies":[{"embeddable":true,"href":"https:\/\/holtensterkrade.de\/index.php?rest_route=%2Fwp%2Fv2%2Fcomments&post=7956"}],"version-history":[{"count":19,"href":"https:\/\/holtensterkrade.de\/index.php?rest_route=\/wp\/v2\/pages\/7956\/revisions"}],"predecessor-version":[{"id":7976,"href":"https:\/\/holtensterkrade.de\/index.php?rest_route=\/wp\/v2\/pages\/7956\/revisions\/7976"}],"wp:attachment":[{"href":"https:\/\/holtensterkrade.de\/index.php?rest_route=%2Fwp%2Fv2%2Fmedia&parent=7956"}],"curies":[{"name":"wp","href":"https:\/\/api.w.org\/{rel}","templated":true}]}}